{"id":31606,"date":"2025-02-20T23:33:26","date_gmt":"2025-02-20T22:33:26","guid":{"rendered":"http:\/\/olemosaic.com\/producto\/llavero-de-madera-letra-l-barcelona-2\/"},"modified":"2025-07-25T18:44:58","modified_gmt":"2025-07-25T16:44:58","slug":"porte-cles-en-bois-lettre-l-barcelone-2","status":"publish","type":"product","link":"https:\/\/olemosaic.com\/fr\/produit\/porte-cles-en-bois-lettre-l-barcelone-2\/","title":{"rendered":"Porte-cl\u00e9s en bois. Lettre L. Sagrada Familia. Barcelone."},"content":{"rendered":"<p>Ce porte-cl\u00e9s en bois en forme de lettre \u00ab\u00a0L\u00a0\u00bb est un souvenir unique qui capture l&rsquo;essence de Barcelone \u00e0 travers son design vibrant et inspirant, mettant en avant l&#8217;embl\u00e9matique Sagrada Familia. Ce porte-cl\u00e9s attrayant n&rsquo;est pas seulement un accessoire fonctionnel, mais aussi une v\u00e9ritable pi\u00e8ce d&rsquo;art qui connecte les touristes \u00e0 l&rsquo;architecture majestueuse d&rsquo;Antoni Gaud\u00ed. Avec une finition aux couleurs intenses, incluant des nuances de rouge, jaune et vert, le porte-cl\u00e9s pr\u00e9sente une repr\u00e9sentation minutieuse des tours et des \u00e9l\u00e9ments distinctifs de ce c\u00e9l\u00e8bre monument.<\/p>\n<p>Chaque d\u00e9tail du porte-cl\u00e9s est peint \u00e0 la main, ce qui garantit que chaque pi\u00e8ce est unique et pleine d&rsquo;authenticit\u00e9. La forme de la lettre \u00ab\u00a0L\u00a0\u00bb ne le rend pas seulement original, mais symbolise \u00e9galement des lieux et des moments sp\u00e9ciaux dans la vie de ceux qui le portent. Ce souvenir est une merveilleuse fa\u00e7on d&#8217;emporter un petit morceau de Barcelone dans n&rsquo;importe quel coin du monde. Chez Ol\u00e9 Mosaic, nous sommes fiers d&rsquo;offrir des souvenirs authentiques que refl\u00e8tent le caract\u00e8re culturel de chaque r\u00e9gion. Ce porte-cl\u00e9s de la Sagrada Familia est une excellente option pour les boutiques de cadeaux touristiques, offrant aux clients une expression tangible de l&rsquo;art et de la tradition catalane. Si vous recherchez un distributeur de souvenirs authentiques, ce porte-cl\u00e9s est un choix id\u00e9al qui ne passera pas inaper\u00e7u.<\/p>\n","protected":false},"excerpt":{"rendered":"<p>Porte-cl\u00e9s en bois en forme de lettre \u00ab\u00a0L\u00a0\u00bb, inspir\u00e9 par l&#8217;embl\u00e9matique Sagrada Familia de Barcelone. Ce porte-cl\u00e9s color\u00e9 pr\u00e9sente un design vibrant, avec des d\u00e9tails mettant en valeur les tours et les \u00e9l\u00e9ments architecturaux du c\u00e9l\u00e8bre monument. Sa technique de conception artisanale, peinte \u00e0 la main, souligne les nuances rouges, jaunes et vertes, \u00e9voquant l&rsquo;essence artistique de la ville. Un souvenir parfait pour emporter un petit morceau de Barcelone avec vous.<\/p>\n","protected":false},"featured_media":10523,"template":"","meta":{"_acf_changed":false},"product_brand":[],"product_cat":[607],"product_tag":[614],"class_list":{"0":"post-31606","1":"product","2":"type-product","3":"status-publish","4":"has-post-thumbnail","6":"product_cat-porte-cles","7":"product_tag-lettres","8":"pa_ciudad-barcelona","9":"pa_motivo-lettre-l","10":"pa_pais-espana","12":"first","13":"instock","14":"shipping-taxable","15":"product-type-simple"},"acf":[],"_links":{"self":[{"href":"https:\/\/olemosaic.com\/fr\/wp-json\/wp\/v2\/product\/31606","targetHints":{"allow":["GET"]}}],"collection":[{"href":"https:\/\/olemosaic.com\/fr\/wp-json\/wp\/v2\/product"}],"about":[{"href":"https:\/\/olemosaic.com\/fr\/wp-json\/wp\/v2\/types\/product"}],"wp:featuredmedia":[{"embeddable":true,"href":"https:\/\/olemosaic.com\/fr\/wp-json\/wp\/v2\/media\/10523"}],"wp:attachment":[{"href":"https:\/\/olemosaic.com\/fr\/wp-json\/wp\/v2\/media?parent=31606"}],"wp:term":[{"taxonomy":"product_brand","embeddable":true,"href":"https:\/\/olemosaic.com\/fr\/wp-json\/wp\/v2\/product_brand?post=31606"},{"taxonomy":"product_cat","embeddable":true,"href":"https:\/\/olemosaic.com\/fr\/wp-json\/wp\/v2\/product_cat?post=31606"},{"taxonomy":"product_tag","embeddable":true,"href":"https:\/\/olemosaic.com\/fr\/wp-json\/wp\/v2\/product_tag?post=31606"}],"curies":[{"name":"wp","href":"https:\/\/api.w.org\/{rel}","templated":true}]}}