{"id":31603,"date":"2025-02-20T22:33:26","date_gmt":"2025-02-20T22:33:26","guid":{"rendered":"http:\/\/olemosaic.com\/producto\/llavero-de-madera-letra-k-barcelona\/"},"modified":"2025-07-25T18:44:19","modified_gmt":"2025-07-25T16:44:19","slug":"porte-cles-en-bois-lettre-k-barcelone","status":"publish","type":"product","link":"https:\/\/olemosaic.com\/fr\/produit\/porte-cles-en-bois-lettre-k-barcelone\/","title":{"rendered":"Porte-cl\u00e9s en bois. Lettre K. Barcelone."},"content":{"rendered":"<p>Ce porte-cl\u00e9s en bois en forme de lettre \u00ab\u00a0K\u00a0\u00bb est un charmant souvenir de Barcelone, inspir\u00e9 par l&rsquo;iconique Sagrada Familia, le chef-d&rsquo;\u0153uvre de l&rsquo;architecte Antoni Gaud\u00ed. La pi\u00e8ce se distingue par son design color\u00e9 et d\u00e9taill\u00e9, qui capture parfaitement l&rsquo;essence architecturale de cette basilique embl\u00e9matique, montrant ses tours distinctives et ses mosa\u00efques vibrantes. R\u00e9alis\u00e9 en bois de haute qualit\u00e9, le porte-cl\u00e9s pr\u00e9sente une finition brillante qui rehausse ses d\u00e9tails visuels, en faisant un accessoire d\u00e9coratif attrayant et fonctionnel.<\/p>\n<p>La lettre \u00ab\u00a0K\u00a0\u00bb elle-m\u00eame est \u00e9labor\u00e9e avec des croquis repr\u00e9sentant la majestueuse Sagrada Familia, sur un fond \u00e9voquant la luminosit\u00e9 et les couleurs caract\u00e9ristiques de Barcelone. Ce porte-cl\u00e9s n&rsquo;est pas seulement un support pour vos cl\u00e9s, mais aussi un petit hommage \u00e0 la culture catalane, refl\u00e9tant la cr\u00e9ativit\u00e9 et le talent artistique de Gaud\u00ed, qui a plac\u00e9 Barcelone sur la carte mondiale de l&rsquo;art et de l&rsquo;architecture.<\/p>\n<p>Ce souvenir est id\u00e9al pour les touristes cherchant \u00e0 garder vivante l&rsquo;exp\u00e9rience de leur visite, car il se connecte \u00e0 la riche histoire culturelle de la ville. Chez Ol\u00e9 Mosaic, nous nous sp\u00e9cialisons dans la distribution de souvenirs en gros, et ce porte-cl\u00e9s en bois repr\u00e9sente une option authentique et unique pour les boutiques de cadeaux touristiques souhaitant offrir des produits mettant en valeur la beaut\u00e9 de Barcelone. En tant que grossistes de souvenirs, nous garantissons la qualit\u00e9 et l&rsquo;originalit\u00e9 de chacune de nos pi\u00e8ces.<\/p>\n","protected":false},"excerpt":{"rendered":"<p>Porte-cl\u00e9s en bois en forme de lettre \u00ab\u00a0K\u00a0\u00bb, inspir\u00e9 par l&#8217;embl\u00e9matique Sagrada Familia de Barcelone. Ce porte-cl\u00e9s attrayant pr\u00e9sente un design color\u00e9 et d\u00e9taill\u00e9 qui capture l&rsquo;essence architecturale de Gaud\u00ed, montrant ses tours distinctives et ses mosa\u00efques. Avec une finition brillante, ce souvenir est un accessoire d\u00e9coratif pratique qui souligne la richesse culturelle de la ville. Parfait pour les amoureux de Barcelone et de son art.<\/p>\n","protected":false},"featured_media":10496,"template":"","meta":{"_acf_changed":false},"product_brand":[],"product_cat":[607],"product_tag":[614],"class_list":{"0":"post-31603","1":"product","2":"type-product","3":"status-publish","4":"has-post-thumbnail","6":"product_cat-porte-cles","7":"product_tag-lettres","8":"pa_ciudad-barcelona","9":"pa_motivo-lettre-k","10":"pa_pais-espana","12":"first","13":"instock","14":"shipping-taxable","15":"product-type-simple"},"acf":[],"_links":{"self":[{"href":"https:\/\/olemosaic.com\/fr\/wp-json\/wp\/v2\/product\/31603","targetHints":{"allow":["GET"]}}],"collection":[{"href":"https:\/\/olemosaic.com\/fr\/wp-json\/wp\/v2\/product"}],"about":[{"href":"https:\/\/olemosaic.com\/fr\/wp-json\/wp\/v2\/types\/product"}],"wp:featuredmedia":[{"embeddable":true,"href":"https:\/\/olemosaic.com\/fr\/wp-json\/wp\/v2\/media\/10496"}],"wp:attachment":[{"href":"https:\/\/olemosaic.com\/fr\/wp-json\/wp\/v2\/media?parent=31603"}],"wp:term":[{"taxonomy":"product_brand","embeddable":true,"href":"https:\/\/olemosaic.com\/fr\/wp-json\/wp\/v2\/product_brand?post=31603"},{"taxonomy":"product_cat","embeddable":true,"href":"https:\/\/olemosaic.com\/fr\/wp-json\/wp\/v2\/product_cat?post=31603"},{"taxonomy":"product_tag","embeddable":true,"href":"https:\/\/olemosaic.com\/fr\/wp-json\/wp\/v2\/product_tag?post=31603"}],"curies":[{"name":"wp","href":"https:\/\/api.w.org\/{rel}","templated":true}]}}