{"id":31600,"date":"2025-02-20T23:33:25","date_gmt":"2025-02-20T22:33:25","guid":{"rendered":"http:\/\/olemosaic.com\/producto\/llavero-de-madera-letra-i-2\/"},"modified":"2025-07-25T18:43:00","modified_gmt":"2025-07-25T16:43:00","slug":"porte-cles-en-bois-lettre-i-motifs-floraux","status":"publish","type":"product","link":"https:\/\/olemosaic.com\/fr\/produit\/porte-cles-en-bois-lettre-i-motifs-floraux\/","title":{"rendered":"Porte-cl\u00e9s en bois. Lettre I. Motifs floraux."},"content":{"rendered":"<p>Ce porte-cl\u00e9s en bois en forme de lettre \u00ab\u00a0I\u00a0\u00bb est un souvenir embl\u00e9matique qui rend hommage \u00e0 la riche tradition artisanale espagnole. Son design vibrant, avec une vari\u00e9t\u00e9 de couleurs comme le rouge, le bleu et le jaune, est orn\u00e9 de motifs complexes de carreaux traditionnels, \u00e9voquant l&rsquo;essence de la culture et de l&rsquo;histoire de l&rsquo;Espagne. Chaque motif floral est soigneusement \u00e9labor\u00e9, ce qui rend chaque porte-cl\u00e9s unique et sp\u00e9cial, capturant la beaut\u00e9 de la c\u00e9ramique espagnole.<\/p>\n<p>En plus d&rsquo;\u00eatre un article d\u00e9coratif, le porte-cl\u00e9s dispose d&rsquo;un anneau en m\u00e9tal r\u00e9sistant qui garantit sa durabilit\u00e9 et sa fonctionnalit\u00e9. Son design pratique en fait le compl\u00e9ment id\u00e9al pour les cl\u00e9s de la maison ou de la voiture, tout en apportant une touche artistique et culturelle. Ce porte-cl\u00e9s personnalis\u00e9 est une excellente option pour les touristes \u00e0 la recherche de souvenirs repr\u00e9sentatifs de leurs exp\u00e9riences en Espagne, offrant un souvenir tangible qui encapsule l&rsquo;authenticit\u00e9 et le mode de vie espagnols.<\/p>\n<p>Chez Ol\u00e9 Mosaic, nous nous sp\u00e9cialisons dans la distribution de souvenirs en gros, offrant des articles qui refl\u00e8tent la richesse de la culture espagnole. Ce porte-cl\u00e9s en bois est une option parfaite pour les boutiques de cadeaux touristiques souhaitant offrir \u00e0 leurs clients une repr\u00e9sentation authentique et accessible de l&rsquo;h\u00e9ritage culturel de l&rsquo;Espagne. Un souvenir id\u00e9al qui combine artisanat, fonctionnalit\u00e9 et une touche de couleur vibrante.<\/p>\n","protected":false},"excerpt":{"rendered":"<p>Porte-cl\u00e9s en bois en forme de lettre \u00ab\u00a0I\u00a0\u00bb, d\u00e9cor\u00e9 de joyeux motifs de carreaux traditionnels. Ce joli porte-cl\u00e9s artisanal combine des couleurs vibrantes comme le rouge, le bleu et le jaune, et pr\u00e9sente des motifs floraux \u00e9voquant la riche culture espagnole. Son design inclut un anneau m\u00e9tallique r\u00e9sistant, ce qui en fait un accessoire pratique et d\u00e9coratif, id\u00e9al pour toujours porter avec soi l&rsquo;essence de l&rsquo;artisanat espagnol.<\/p>\n","protected":false},"featured_media":9599,"template":"","meta":{"_acf_changed":false},"product_brand":[],"product_cat":[607],"product_tag":[614],"class_list":{"0":"post-31600","1":"product","2":"type-product","3":"status-publish","4":"has-post-thumbnail","6":"product_cat-porte-cles","7":"product_tag-lettres","8":"pa_motivo-lettre-i","10":"first","11":"instock","12":"shipping-taxable","13":"product-type-simple"},"acf":[],"_links":{"self":[{"href":"https:\/\/olemosaic.com\/fr\/wp-json\/wp\/v2\/product\/31600","targetHints":{"allow":["GET"]}}],"collection":[{"href":"https:\/\/olemosaic.com\/fr\/wp-json\/wp\/v2\/product"}],"about":[{"href":"https:\/\/olemosaic.com\/fr\/wp-json\/wp\/v2\/types\/product"}],"wp:featuredmedia":[{"embeddable":true,"href":"https:\/\/olemosaic.com\/fr\/wp-json\/wp\/v2\/media\/9599"}],"wp:attachment":[{"href":"https:\/\/olemosaic.com\/fr\/wp-json\/wp\/v2\/media?parent=31600"}],"wp:term":[{"taxonomy":"product_brand","embeddable":true,"href":"https:\/\/olemosaic.com\/fr\/wp-json\/wp\/v2\/product_brand?post=31600"},{"taxonomy":"product_cat","embeddable":true,"href":"https:\/\/olemosaic.com\/fr\/wp-json\/wp\/v2\/product_cat?post=31600"},{"taxonomy":"product_tag","embeddable":true,"href":"https:\/\/olemosaic.com\/fr\/wp-json\/wp\/v2\/product_tag?post=31600"}],"curies":[{"name":"wp","href":"https:\/\/api.w.org\/{rel}","templated":true}]}}