{"id":31599,"date":"2025-02-20T23:33:25","date_gmt":"2025-02-20T22:33:25","guid":{"rendered":"http:\/\/olemosaic.com\/producto\/llavero-de-madera-letra-i\/"},"modified":"2025-07-25T18:35:05","modified_gmt":"2025-07-25T16:35:05","slug":"porte-cles-en-bois-lettre-i","status":"publish","type":"product","link":"https:\/\/olemosaic.com\/fr\/produit\/porte-cles-en-bois-lettre-i\/","title":{"rendered":"Porte-cl\u00e9s en bois. Lettre I."},"content":{"rendered":"<p>Ce porte-cl\u00e9s en bois en forme de lettre \u00ab\u00a0I\u00a0\u00bb est un souvenir \u00e9l\u00e9gant qui capture l&rsquo;essence de l&rsquo;iconique trencad\u00eds de Gaud\u00ed, embl\u00e8me du modernisme catalan. Son design vibrant pr\u00e9sente une mosa\u00efque dans une explosion de couleurs vives : des tons rouges, bleus, verts et jaunes qui s&rsquo;entrelacent harmonieusement, \u00e9voquant les majestueuses \u0153uvres architecturales de Barcelone. La base noire souligne la beaut\u00e9 de la mosa\u00efque, cr\u00e9ant un contraste attrayant qui donne vie \u00e0 chaque d\u00e9tail. Ce porte-cl\u00e9s n&rsquo;est pas seulement un objet pratique pour organiser vos cl\u00e9s, mais aussi un merveilleux souvenir du riche h\u00e9ritage culturel barcelonais.<\/p>\n<p>Sa connexion avec l&rsquo;\u0153uvre d&rsquo;Antoni Gaud\u00ed, connue pour ses formes organiques et son utilisation innovante de la couleur et de la texture, fait de ce porte-cl\u00e9s un v\u00e9ritable symbole de l&rsquo;art et de la cr\u00e9ativit\u00e9 de la ville. En tant que v\u00e9ritable souvenir de Barcelone, ce porte-cl\u00e9s en bois est parfait pour ceux qui souhaitent emporter avec eux un morceau de la culture locale. Chez Ol\u00e9 Mosaic, nous nous sp\u00e9cialisons dans la distribution en gros de ce type de souvenirs, offrant des produits authentiques qui c\u00e9l\u00e8brent la singularit\u00e9 des traditions espagnoles. Ce porte-cl\u00e9s est une excellente option pour les boutiques de cadeaux touristiques \u00e0 la recherche d&rsquo;articles fonctionnels et repr\u00e9sentatifs du patrimoine culturel.<\/p>\n","protected":false},"excerpt":{"rendered":"<p>Porte-cl\u00e9s en bois en forme de lettre \u00ab\u00a0I\u00a0\u00bb, d\u00e9cor\u00e9 d&rsquo;un design vibrant \u00e9voquant le c\u00e9l\u00e8bre trencad\u00eds de Gaud\u00ed. Ce porte-cl\u00e9s pr\u00e9sente une mosa\u00efque color\u00e9e dans des tons rouges, bleus, verts et jaunes, encapsulant l&rsquo;essence du modernisme catalan. La base noire rehausse les d\u00e9tails du design, en faisant un souvenir id\u00e9al de Barcelone, parfait pour toujours porter sur soi un morceau de la culture locale.<\/p>\n","protected":false},"featured_media":10928,"template":"","meta":{"_acf_changed":false},"product_brand":[],"product_cat":[607],"product_tag":[614],"class_list":{"0":"post-31599","1":"product","2":"type-product","3":"status-publish","4":"has-post-thumbnail","6":"product_cat-porte-cles","7":"product_tag-lettres","8":"pa_motivo-lettre-i","10":"first","11":"instock","12":"shipping-taxable","13":"product-type-simple"},"acf":[],"_links":{"self":[{"href":"https:\/\/olemosaic.com\/fr\/wp-json\/wp\/v2\/product\/31599","targetHints":{"allow":["GET"]}}],"collection":[{"href":"https:\/\/olemosaic.com\/fr\/wp-json\/wp\/v2\/product"}],"about":[{"href":"https:\/\/olemosaic.com\/fr\/wp-json\/wp\/v2\/types\/product"}],"wp:featuredmedia":[{"embeddable":true,"href":"https:\/\/olemosaic.com\/fr\/wp-json\/wp\/v2\/media\/10928"}],"wp:attachment":[{"href":"https:\/\/olemosaic.com\/fr\/wp-json\/wp\/v2\/media?parent=31599"}],"wp:term":[{"taxonomy":"product_brand","embeddable":true,"href":"https:\/\/olemosaic.com\/fr\/wp-json\/wp\/v2\/product_brand?post=31599"},{"taxonomy":"product_cat","embeddable":true,"href":"https:\/\/olemosaic.com\/fr\/wp-json\/wp\/v2\/product_cat?post=31599"},{"taxonomy":"product_tag","embeddable":true,"href":"https:\/\/olemosaic.com\/fr\/wp-json\/wp\/v2\/product_tag?post=31599"}],"curies":[{"name":"wp","href":"https:\/\/api.w.org\/{rel}","templated":true}]}}