{"id":31588,"date":"2025-02-20T23:33:25","date_gmt":"2025-02-20T22:33:25","guid":{"rendered":"http:\/\/olemosaic.com\/producto\/llavero-de-madera-letra-h-valencia\/"},"modified":"2025-07-25T20:33:13","modified_gmt":"2025-07-25T18:33:13","slug":"porte-cles-en-bois-lettre-h-valence","status":"publish","type":"product","link":"https:\/\/olemosaic.com\/fr\/produit\/porte-cles-en-bois-lettre-h-valence\/","title":{"rendered":"Porte-cl\u00e9s en bois. Lettre H. Valence."},"content":{"rendered":"<p>Ce porte-cl\u00e9s en bois en forme de lettre \u00ab\u00a0H\u00a0\u00bb est un charmant souvenir qui encapsule l&rsquo;essence vibrante de Valence. Inspir\u00e9 par des \u00e9l\u00e9ments architecturaux embl\u00e9matiques de la ville, tels que les fa\u00e7ades majestueuses de la Cit\u00e9 des Arts et des Sciences, cet accessoire se distingue par ses couleurs vives en bleu, rouge et jaune. La surface du porte-cl\u00e9s, \u00e9labor\u00e9e selon des techniques de mosa\u00efque, \u00e9voque le c\u00e9l\u00e8bre style artistique valencien qui a perdur\u00e9 \u00e0 travers les si\u00e8cles.<\/p>\n<p>Avec une attention particuli\u00e8re port\u00e9e aux d\u00e9tails, chaque porte-cl\u00e9s pr\u00e9sente une repr\u00e9sentation artistique qui rend hommage au patrimoine culturel de Valence, offrant un design attrayant qui combine fonctionnalit\u00e9 et esth\u00e9tique. Ce souvenir n&rsquo;est pas seulement parfait pour garder ses cl\u00e9s organis\u00e9es, il devient \u00e9galement un rappel tangible de l&rsquo;une des villes les plus embl\u00e9matiques d&rsquo;Espagne.<\/p>\n<p>Pour ceux qui recherchent des souvenirs authentiques et repr\u00e9sentatifs, ce porte-cl\u00e9s en bois est un excellent choix, id\u00e9al pour les touristes souhaitant emporter chez eux un morceau de la riche histoire et culture valenciennes. Chez Ol\u00e9 Mosaic, nous sommes fiers de distribuer des articles uniques en gros, et ce porte-cl\u00e9s est une option exceptionnelle pour les boutiques de cadeaux touristiques \u00e0 la recherche de produits authentiques avec une touche artistique.<\/p>\n","protected":false},"excerpt":{"rendered":"<p>Porte-cl\u00e9s en bois en forme de lettre \u00ab\u00a0H\u00a0\u00bb, inspir\u00e9 de Valence. Cet accessoire frappant pr\u00e9sente des \u00e9l\u00e9ments iconiques de la ville, tels que les fa\u00e7ades d\u00e9taill\u00e9es de la Cit\u00e9 des Arts et des Sciences, repr\u00e9sent\u00e9es dans des couleurs vibrantes bleu, rouge et jaune. Avec une surface con\u00e7ue selon des techniques de mosa\u00efque \u00e9voquant le c\u00e9l\u00e8bre style valencien, c&rsquo;est un souvenir id\u00e9al qui combine fonctionnalit\u00e9 et art en un seul produit.<\/p>\n","protected":false},"featured_media":10866,"template":"","meta":{"_acf_changed":false},"product_brand":[],"product_cat":[607],"product_tag":[614],"class_list":{"0":"post-31588","1":"product","2":"type-product","3":"status-publish","4":"has-post-thumbnail","6":"product_cat-porte-cles","7":"product_tag-lettres","8":"pa_ciudad-valencia","9":"pa_motivo-lettre-h","10":"pa_pais-espana","12":"first","13":"instock","14":"shipping-taxable","15":"product-type-simple"},"acf":[],"_links":{"self":[{"href":"https:\/\/olemosaic.com\/fr\/wp-json\/wp\/v2\/product\/31588","targetHints":{"allow":["GET"]}}],"collection":[{"href":"https:\/\/olemosaic.com\/fr\/wp-json\/wp\/v2\/product"}],"about":[{"href":"https:\/\/olemosaic.com\/fr\/wp-json\/wp\/v2\/types\/product"}],"wp:featuredmedia":[{"embeddable":true,"href":"https:\/\/olemosaic.com\/fr\/wp-json\/wp\/v2\/media\/10866"}],"wp:attachment":[{"href":"https:\/\/olemosaic.com\/fr\/wp-json\/wp\/v2\/media?parent=31588"}],"wp:term":[{"taxonomy":"product_brand","embeddable":true,"href":"https:\/\/olemosaic.com\/fr\/wp-json\/wp\/v2\/product_brand?post=31588"},{"taxonomy":"product_cat","embeddable":true,"href":"https:\/\/olemosaic.com\/fr\/wp-json\/wp\/v2\/product_cat?post=31588"},{"taxonomy":"product_tag","embeddable":true,"href":"https:\/\/olemosaic.com\/fr\/wp-json\/wp\/v2\/product_tag?post=31588"}],"curies":[{"name":"wp","href":"https:\/\/api.w.org\/{rel}","templated":true}]}}