{"id":31587,"date":"2025-02-20T23:33:25","date_gmt":"2025-02-20T22:33:25","guid":{"rendered":"http:\/\/olemosaic.com\/producto\/llavero-de-madera-letra-f-sevilla\/"},"modified":"2025-07-25T20:34:30","modified_gmt":"2025-07-25T18:34:30","slug":"porte-cles-en-bois-lettre-f-seville","status":"publish","type":"product","link":"https:\/\/olemosaic.com\/fr\/produit\/porte-cles-en-bois-lettre-f-seville\/","title":{"rendered":"Porte-cl\u00e9s en bois. Lettre F. S\u00e9ville."},"content":{"rendered":"<p>Ce porte-cl\u00e9s en bois en forme de lettre \u00ab\u00a0F\u00a0\u00bb est un souvenir exclusif et color\u00e9 qui repr\u00e9sente la ville embl\u00e9matique de S\u00e9ville. Con\u00e7u avec une esth\u00e9tique vibrante, le porte-cl\u00e9s se distingue par son illustration d\u00e9taill\u00e9e, qui incorpore des \u00e9l\u00e9ments iconiques de la ville, tels que la majestueuse Giralda et une cal\u00e8che traditionnelle, le tout peint \u00e0 la main dans des tons vifs de bleu, rouge et vert. La lettre \u00ab\u00a0F\u00a0\u00bb est orn\u00e9e d&rsquo;un design qui \u00e9voque le style du trencad\u00eds, une technique traditionnelle andalouse utilisant des pi\u00e8ces de c\u00e9ramique pour cr\u00e9er des mosa\u00efques d\u00e9coratives, apportant une touche artistique et culturelle \u00e0 l&rsquo;article.<\/p>\n<p>Ce porte-cl\u00e9s n&rsquo;est pas seulement un accessoire pratique, mais aussi un souvenir significatif qui capture l&rsquo;essence de l&rsquo;Andalousie et de son riche h\u00e9ritage culturel. En acqu\u00e9rant ce porte-cl\u00e9s, les touristes disposent d&rsquo;un souvenir qui les transporte dans les rues color\u00e9es de S\u00e9ville \u00e0 chaque utilisation, ce qui en fait une excellente option pour ceux qui recherchent des souvenirs authentiques.<\/p>\n<p>Chez Ol\u00e9 Mosaic, nous nous sp\u00e9cialisons dans la distribution de souvenirs en gros, et ce porte-cl\u00e9s de S\u00e9ville est un choix exceptionnel pour les boutiques de cadeaux touristiques souhaitant proposer des produits uniques et repr\u00e9sentatifs. Avec son design artisanal et sa connexion avec la culture andalouse, c&rsquo;est un souvenir parfait pour se rappeler et partager le meilleur de S\u00e9ville.<\/p>\n","protected":false},"excerpt":{"rendered":"<p>Porte-cl\u00e9s en bois avec la lettre \u00ab\u00a0F\u00a0\u00bb, repr\u00e9sentant la ville embl\u00e9matique de S\u00e9ville. Ce porte-cl\u00e9s original se distingue par son design color\u00e9, qui incorpore des motifs traditionnels s\u00e9villans tels que la Giralda et une cal\u00e8che, peints \u00e0 la main dans des tons vibrants de bleu, rouge et vert. La lettre est orn\u00e9e de d\u00e9tails \u00e9voquant le style du trencad\u00eds, offrant une touche artistique et culturelle qui en fait un souvenir parfait de l&rsquo;Andalousie.<\/p>\n","protected":false},"featured_media":10890,"template":"","meta":{"_acf_changed":false},"product_brand":[],"product_cat":[607],"product_tag":[530,614],"class_list":{"0":"post-31587","1":"product","2":"type-product","3":"status-publish","4":"has-post-thumbnail","6":"product_cat-porte-cles","7":"product_tag-animaux","8":"product_tag-lettres","9":"pa_ciudad-sevilla","10":"pa_motivo-lettre-f","11":"pa_pais-espana","13":"first","14":"instock","15":"shipping-taxable","16":"product-type-simple"},"acf":[],"_links":{"self":[{"href":"https:\/\/olemosaic.com\/fr\/wp-json\/wp\/v2\/product\/31587","targetHints":{"allow":["GET"]}}],"collection":[{"href":"https:\/\/olemosaic.com\/fr\/wp-json\/wp\/v2\/product"}],"about":[{"href":"https:\/\/olemosaic.com\/fr\/wp-json\/wp\/v2\/types\/product"}],"wp:featuredmedia":[{"embeddable":true,"href":"https:\/\/olemosaic.com\/fr\/wp-json\/wp\/v2\/media\/10890"}],"wp:attachment":[{"href":"https:\/\/olemosaic.com\/fr\/wp-json\/wp\/v2\/media?parent=31587"}],"wp:term":[{"taxonomy":"product_brand","embeddable":true,"href":"https:\/\/olemosaic.com\/fr\/wp-json\/wp\/v2\/product_brand?post=31587"},{"taxonomy":"product_cat","embeddable":true,"href":"https:\/\/olemosaic.com\/fr\/wp-json\/wp\/v2\/product_cat?post=31587"},{"taxonomy":"product_tag","embeddable":true,"href":"https:\/\/olemosaic.com\/fr\/wp-json\/wp\/v2\/product_tag?post=31587"}],"curies":[{"name":"wp","href":"https:\/\/api.w.org\/{rel}","templated":true}]}}