{"id":31585,"date":"2025-02-20T23:33:24","date_gmt":"2025-02-20T22:33:24","guid":{"rendered":"http:\/\/olemosaic.com\/producto\/llavero-de-madera-letra-e-barcelona-2\/"},"modified":"2025-07-25T18:45:29","modified_gmt":"2025-07-25T16:45:29","slug":"porte-cles-en-bois-lettre-e-barcelone-2","status":"publish","type":"product","link":"https:\/\/olemosaic.com\/fr\/produit\/porte-cles-en-bois-lettre-e-barcelone-2\/","title":{"rendered":"Porte-cl\u00e9s en bois. Lettre E. Sagrada Familia. Barcelone."},"content":{"rendered":"<p>Ce porte-cl\u00e9s en bois en forme de lettre \u00ab\u00a0E\u00a0\u00bb est une joyeuse repr\u00e9sentation de Barcelone, con\u00e7u pour ceux qui souhaitent emporter avec eux un morceau de son essence. Ce souvenir attrayant pr\u00e9sente une illustration color\u00e9e mettant en valeur la majestueuse Sagrada Familia, monument embl\u00e9matique de l&rsquo;architecte Antoni Gaud\u00ed, ainsi que d&rsquo;autres \u00e9l\u00e9ments architecturaux repr\u00e9sentatifs de la ville vibrante. La peinture soign\u00e9e \u00e0 la main ajoute une touche d&rsquo;authenticit\u00e9, avec des tonalit\u00e9s vibrantes qui capturent l&rsquo;esprit cr\u00e9atif et \u00e9clectique de Barcelone. Chaque d\u00e9tail du porte-cl\u00e9s, des fa\u00e7ades color\u00e9es des b\u00e2timents aux tours caract\u00e9ristiques de la Sagrada Familia, est m\u00e9ticuleusement \u00e9labor\u00e9 pour souligner la richesse culturelle et historique de la ville.<\/p>\n<p>Ce porte-cl\u00e9s n&rsquo;est pas seulement pratique, il sert \u00e9galement de magnifique rappel des moments inoubliables v\u00e9cus \u00e0 Barcelone, devenant un cadeau parfait pour les touristes et les visiteurs. Chez Ol\u00e9 Mosaic, nous sommes fiers de proposer des souvenirs authentiques et significatifs qui connectent les voyageurs \u00e0 leurs exp\u00e9riences. Ce porte-cl\u00e9s avec la lettre \u00ab\u00a0E\u00a0\u00bb est une excellente option pour les boutiques de cadeaux touristiques \u00e0 la recherche de produits uniques et repr\u00e9sentatifs de Barcelone. En tant que grossistes de souvenirs, nous garantissons des produits de qualit\u00e9 et de pertinence culturelle qui permettront \u00e0 chaque client de repartir avec un souvenir sp\u00e9cial.<\/p>\n","protected":false},"excerpt":{"rendered":"<p>Porte-cl\u00e9s en bois en forme de lettre \u00ab\u00a0E\u00a0\u00bb, inspir\u00e9 de Barcelone. Ce porte-cl\u00e9s attrayant pr\u00e9sente un design color\u00e9 avec l&rsquo;iconique Sagrada Familia et d&rsquo;autres \u00e9l\u00e9ments architecturaux repr\u00e9sentatifs de la ville. Avec une magnifique illustration au design artisanal, peint \u00e0 la main, il se distingue par ses tonalit\u00e9s vibrantes et ses d\u00e9tails artistiques qui capturent l&rsquo;essence de la culture barcelonaise, en faisant un souvenir id\u00e9al pour emporter un petit morceau de Barcelone toujours avec soi.<\/p>\n","protected":false},"featured_media":10516,"template":"","meta":{"_acf_changed":false},"product_brand":[],"product_cat":[607],"product_tag":[614],"class_list":{"0":"post-31585","1":"product","2":"type-product","3":"status-publish","4":"has-post-thumbnail","6":"product_cat-porte-cles","7":"product_tag-lettres","8":"pa_ciudad-barcelona","9":"pa_motivo-lettre-e","10":"pa_pais-espana","12":"first","13":"instock","14":"shipping-taxable","15":"product-type-simple"},"acf":[],"_links":{"self":[{"href":"https:\/\/olemosaic.com\/fr\/wp-json\/wp\/v2\/product\/31585","targetHints":{"allow":["GET"]}}],"collection":[{"href":"https:\/\/olemosaic.com\/fr\/wp-json\/wp\/v2\/product"}],"about":[{"href":"https:\/\/olemosaic.com\/fr\/wp-json\/wp\/v2\/types\/product"}],"wp:featuredmedia":[{"embeddable":true,"href":"https:\/\/olemosaic.com\/fr\/wp-json\/wp\/v2\/media\/10516"}],"wp:attachment":[{"href":"https:\/\/olemosaic.com\/fr\/wp-json\/wp\/v2\/media?parent=31585"}],"wp:term":[{"taxonomy":"product_brand","embeddable":true,"href":"https:\/\/olemosaic.com\/fr\/wp-json\/wp\/v2\/product_brand?post=31585"},{"taxonomy":"product_cat","embeddable":true,"href":"https:\/\/olemosaic.com\/fr\/wp-json\/wp\/v2\/product_cat?post=31585"},{"taxonomy":"product_tag","embeddable":true,"href":"https:\/\/olemosaic.com\/fr\/wp-json\/wp\/v2\/product_tag?post=31585"}],"curies":[{"name":"wp","href":"https:\/\/api.w.org\/{rel}","templated":true}]}}