{"id":31584,"date":"2025-02-20T22:33:24","date_gmt":"2025-02-20T22:33:24","guid":{"rendered":"http:\/\/olemosaic.com\/producto\/llavero-de-madera-letra-e-mosaico\/"},"modified":"2025-07-25T18:35:07","modified_gmt":"2025-07-25T16:35:07","slug":"porte-cles-en-bois-lettre-e-mosaique","status":"publish","type":"product","link":"https:\/\/olemosaic.com\/fr\/produit\/porte-cles-en-bois-lettre-e-mosaique\/","title":{"rendered":"Porte-cl\u00e9s en bois. Lettre E. Mosa\u00efque."},"content":{"rendered":"<p>Ce porte-cl\u00e9s en bois en forme de lettre \u00ab\u00a0E\u00a0\u00bb est un charmant souvenir qui capture l&rsquo;essence de la mosa\u00efque espagnole. Con\u00e7u avec une mosa\u00efque de couleurs vibrantes, il pr\u00e9sente une combinaison attrayante de bleus, rouges, jaunes et verts, \u00e9voquant la riche tradition artisanale de diverses r\u00e9gions du pays. Chaque pi\u00e8ce arbore une finition brillante qui non seulement attire le regard, mais refl\u00e8te \u00e9galement le d\u00e9vouement et le d\u00e9tail de l&rsquo;artisanat traditionnel espagnol.<\/p>\n<p>La forme de la lettre \u00ab\u00a0E\u00a0\u00bb permet de le personnaliser facilement, en faisant un accessoire pratique et significatif, id\u00e9al pour porter ses cl\u00e9s avec \u00e9l\u00e9gance. Ce porte-cl\u00e9s n&rsquo;est pas seulement un objet utile, mais aussi un souvenir distinctif de l&rsquo;Espagne, symbolisant la richesse culturelle et artistique pr\u00e9sente dans chaque recoin du pays. Son design attrayant en fait une excellente option pour les touristes \u00e0 la recherche de souvenirs authentiques et repr\u00e9sentatifs, ainsi que pour les boutiques de cadeaux touristiques souhaitant proposer des produits uniques.<\/p>\n<p>Chez Ol\u00e9 Mosaic, en tant que distributeurs d&rsquo;objets artisanaux en gros, nous garantissons que ce porte-cl\u00e9s en bois remplit non seulement sa fonction pratique, mais c\u00e9l\u00e8bre \u00e9galement la beaut\u00e9 de la mosa\u00efque espagnole, faisant de chaque achat une exp\u00e9rience m\u00e9morable et culturelle.<\/p>\n","protected":false},"excerpt":{"rendered":"<p>Porte-cl\u00e9s en bois en forme de lettre \u00ab\u00a0E\u00a0\u00bb, orn\u00e9 d&rsquo;une attrayante mosa\u00efque color\u00e9e. Cet \u00e9l\u00e9gant accessoire se distingue par sa finition brillante et vibrante, avec une gamme vari\u00e9e de couleurs incluant des bleus, rouges, jaunes et verts, \u00e9voquant la riche tradition artisanale espagnole. Parfait pour personnaliser vos cl\u00e9s, ce porte-cl\u00e9s repr\u00e9sente la beaut\u00e9 de l&rsquo;art de la mosa\u00efque et devient un souvenir distinctif de l&rsquo;Espagne.<\/p>\n","protected":false},"featured_media":10755,"template":"","meta":{"_acf_changed":false},"product_brand":[],"product_cat":[607],"product_tag":[614],"class_list":{"0":"post-31584","1":"product","2":"type-product","3":"status-publish","4":"has-post-thumbnail","6":"product_cat-porte-cles","7":"product_tag-lettres","8":"pa_motivo-lettre-e","10":"first","11":"instock","12":"shipping-taxable","13":"product-type-simple"},"acf":[],"_links":{"self":[{"href":"https:\/\/olemosaic.com\/fr\/wp-json\/wp\/v2\/product\/31584","targetHints":{"allow":["GET"]}}],"collection":[{"href":"https:\/\/olemosaic.com\/fr\/wp-json\/wp\/v2\/product"}],"about":[{"href":"https:\/\/olemosaic.com\/fr\/wp-json\/wp\/v2\/types\/product"}],"wp:featuredmedia":[{"embeddable":true,"href":"https:\/\/olemosaic.com\/fr\/wp-json\/wp\/v2\/media\/10755"}],"wp:attachment":[{"href":"https:\/\/olemosaic.com\/fr\/wp-json\/wp\/v2\/media?parent=31584"}],"wp:term":[{"taxonomy":"product_brand","embeddable":true,"href":"https:\/\/olemosaic.com\/fr\/wp-json\/wp\/v2\/product_brand?post=31584"},{"taxonomy":"product_cat","embeddable":true,"href":"https:\/\/olemosaic.com\/fr\/wp-json\/wp\/v2\/product_cat?post=31584"},{"taxonomy":"product_tag","embeddable":true,"href":"https:\/\/olemosaic.com\/fr\/wp-json\/wp\/v2\/product_tag?post=31584"}],"curies":[{"name":"wp","href":"https:\/\/api.w.org\/{rel}","templated":true}]}}