{"id":31578,"date":"2025-02-20T23:33:24","date_gmt":"2025-02-20T22:33:24","guid":{"rendered":"http:\/\/olemosaic.com\/producto\/llavero-de-madera-letra-e-sevilla\/"},"modified":"2025-07-25T19:18:32","modified_gmt":"2025-07-25T17:18:32","slug":"porte-cles-en-bois-lettre-e-seville","status":"publish","type":"product","link":"https:\/\/olemosaic.com\/fr\/produit\/porte-cles-en-bois-lettre-e-seville\/","title":{"rendered":"Porte-cl\u00e9s en bois. Lettre E. S\u00e9ville."},"content":{"rendered":"<p>Ce porte-cl\u00e9s en bois en forme de lettre \u00ab\u00a0E\u00a0\u00bb est un charmant souvenir inspir\u00e9 de l&#8217;embl\u00e9matique ville de S\u00e9ville. \u00c9labor\u00e9 avec du bois de haute qualit\u00e9, ce porte-cl\u00e9s pr\u00e9sente une illustration vibrante qui capture l&rsquo;essence du patrimoine culturel s\u00e9villan, mettant en avant des \u00e9l\u00e9ments iconiques tels que la majestueuse Giralda et une cal\u00e8che andalouse caract\u00e9ristique. Peint \u00e0 la main, son design inclut des d\u00e9tails en mosa\u00efque qui apportent une touche artistique, combinant des tons chauds et joyeux qui \u00e9voquent la joie de vivre s\u00e9villane. La lettre \u00ab\u00a0E\u00a0\u00bb ne repr\u00e9sente pas seulement la ville, mais peut \u00e9galement \u00eatre personnalis\u00e9e avec l&rsquo;initiale du nom du propri\u00e9taire, ce qui en fait un souvenir encore plus significatif. Ce porte-cl\u00e9s est parfait comme souvenir, permettant aux touristes d&#8217;emporter un petit morceau de S\u00e9ville chez eux, en se rappelant les belles rues et la riche culture de cette ville historique. Chez Ol\u00e9 Mosaic, nous sommes fiers de proposer des souvenirs de haute qualit\u00e9 qui refl\u00e8tent l&rsquo;authenticit\u00e9 de l&rsquo;Espagne. Ce porte-cl\u00e9s, faisant partie de notre collection de souvenirs de S\u00e9ville, est une excellente option pour les boutiques de cadeaux touristiques \u00e0 la recherche de produits uniques et attrayants. En tant que grossiste de porte-cl\u00e9s, nous garantissons un design exclusif et une connexion profonde avec la culture locale.<\/p>\n","protected":false},"excerpt":{"rendered":"<p>Porte-cl\u00e9s en bois en forme de lettre \u00ab\u00a0E\u00a0\u00bb, inspir\u00e9 de S\u00e9ville. Ce porte-cl\u00e9s color\u00e9 pr\u00e9sente une illustration vibrante avec des \u00e9l\u00e9ments iconiques de la ville, comme la Giralda et une cal\u00e8che andalouse, mettant en valeur le patrimoine culturel s\u00e9villan. Peint dans un style artisanal avec des d\u00e9tails en mosa\u00efque, il offre un design attrayant qui combine des tons chauds et joyeux, parfait pour se souvenir de votre visite dans cette belle ville. Id\u00e9al comme souvenir ou cadeau.<\/p>\n","protected":false},"featured_media":10889,"template":"","meta":{"_acf_changed":false},"product_brand":[],"product_cat":[607],"product_tag":[530,614],"class_list":{"0":"post-31578","1":"product","2":"type-product","3":"status-publish","4":"has-post-thumbnail","6":"product_cat-porte-cles","7":"product_tag-animaux","8":"product_tag-lettres","9":"pa_ciudad-sevilla","10":"pa_motivo-lettre-e","11":"pa_pais-espana","13":"first","14":"instock","15":"shipping-taxable","16":"product-type-simple"},"acf":[],"_links":{"self":[{"href":"https:\/\/olemosaic.com\/fr\/wp-json\/wp\/v2\/product\/31578","targetHints":{"allow":["GET"]}}],"collection":[{"href":"https:\/\/olemosaic.com\/fr\/wp-json\/wp\/v2\/product"}],"about":[{"href":"https:\/\/olemosaic.com\/fr\/wp-json\/wp\/v2\/types\/product"}],"wp:featuredmedia":[{"embeddable":true,"href":"https:\/\/olemosaic.com\/fr\/wp-json\/wp\/v2\/media\/10889"}],"wp:attachment":[{"href":"https:\/\/olemosaic.com\/fr\/wp-json\/wp\/v2\/media?parent=31578"}],"wp:term":[{"taxonomy":"product_brand","embeddable":true,"href":"https:\/\/olemosaic.com\/fr\/wp-json\/wp\/v2\/product_brand?post=31578"},{"taxonomy":"product_cat","embeddable":true,"href":"https:\/\/olemosaic.com\/fr\/wp-json\/wp\/v2\/product_cat?post=31578"},{"taxonomy":"product_tag","embeddable":true,"href":"https:\/\/olemosaic.com\/fr\/wp-json\/wp\/v2\/product_tag?post=31578"}],"curies":[{"name":"wp","href":"https:\/\/api.w.org\/{rel}","templated":true}]}}