{"id":31574,"date":"2025-02-20T23:33:23","date_gmt":"2025-02-20T22:33:23","guid":{"rendered":"http:\/\/olemosaic.com\/producto\/llavero-de-madera-letra-d-2\/"},"modified":"2025-07-25T19:15:31","modified_gmt":"2025-07-25T17:15:31","slug":"porte-cles-en-bois-lettre-d-2","status":"publish","type":"product","link":"https:\/\/olemosaic.com\/fr\/produit\/porte-cles-en-bois-lettre-d-2\/","title":{"rendered":"Porte-cl\u00e9s en bois. Lettre D. Mosa\u00efque."},"content":{"rendered":"<p>Ce porte-cl\u00e9s en bois avec la lettre \u00ab\u00a0D\u00a0\u00bb est une joyeuse repr\u00e9sentation de l&rsquo;art d\u00e9coratif barcelonais, inspir\u00e9 de l&rsquo;iconique trencad\u00eds de Gaud\u00ed. Avec son design vibrant, ce porte-cl\u00e9s se distingue par une explosion de couleurs comme le jaune, le bleu, le rouge et le noir, qui se combinent dans des \u00e9l\u00e9ments graphiques \u00e9voquant le riche h\u00e9ritage baroque de la ville. Chaque d\u00e9tail, des pi\u00e8ces de mosa\u00efque aux \u00e9l\u00e9gantes courbures de la lettre, est m\u00e9ticuleusement travaill\u00e9 pour offrir une finition polie qui le rend visuellement attrayant et durable.<\/p>\n<p>Ce porte-cl\u00e9s n&rsquo;est pas seulement un accessoire pratique pour garder vos cl\u00e9s organis\u00e9es, mais aussi un souvenir embl\u00e9matique qui capture l&rsquo;essence culturelle de Barcelone. Sa forme distinctive et son design dynamique en font un cadeau id\u00e9al pour ceux qui souhaitent emporter un petit morceau de la ville. Les touristes y trouveront une excellente option de souvenir, refl\u00e9tant le talent et la cr\u00e9ativit\u00e9 de la tradition artistique espagnole.<\/p>\n<p>Chez Ol\u00e9 Mosaic, nous nous sp\u00e9cialisons dans la distribution de souvenirs en gros, garantissant l&rsquo;authenticit\u00e9 et la qualit\u00e9 de produits comme ce charmant porte-cl\u00e9s. C&rsquo;est un choix parfait pour les boutiques de cadeaux touristiques \u00e0 la recherche de souvenirs repr\u00e9sentatifs et uniques d&rsquo;Espagne. Avec ce porte-cl\u00e9s en bois, chaque client n&rsquo;acquiert pas seulement un objet, mais un symbole de l&rsquo;art et de la culture de Barcelone.<\/p>\n","protected":false},"excerpt":{"rendered":"<p>Porte-cl\u00e9s en bois en forme de lettre \u00ab\u00a0D\u00a0\u00bb, d\u00e9cor\u00e9 d&rsquo;un design vibrant de mosa\u00efque \u00e9voquant le c\u00e9l\u00e8bre trencad\u00eds de Gaud\u00ed. Ce charmant porte-cl\u00e9s pr\u00e9sente une combinaison de couleurs comme le jaune, le bleu, le rouge et le noir, repr\u00e9sentant des \u00e9l\u00e9ments graphiques qui rappellent la richesse de l&rsquo;art baroque de Barcelone. Sa finition polie et sa forme distinctive en font un souvenir id\u00e9al pour emporter un petit morceau d&rsquo;Espagne avec soi.<\/p>\n","protected":false},"featured_media":10923,"template":"","meta":{"_acf_changed":false},"product_brand":[],"product_cat":[607],"product_tag":[],"class_list":{"0":"post-31574","1":"product","2":"type-product","3":"status-publish","4":"has-post-thumbnail","6":"product_cat-porte-cles","7":"pa_motivo-lettre-d","9":"first","10":"instock","11":"shipping-taxable","12":"product-type-simple"},"acf":[],"_links":{"self":[{"href":"https:\/\/olemosaic.com\/fr\/wp-json\/wp\/v2\/product\/31574","targetHints":{"allow":["GET"]}}],"collection":[{"href":"https:\/\/olemosaic.com\/fr\/wp-json\/wp\/v2\/product"}],"about":[{"href":"https:\/\/olemosaic.com\/fr\/wp-json\/wp\/v2\/types\/product"}],"wp:featuredmedia":[{"embeddable":true,"href":"https:\/\/olemosaic.com\/fr\/wp-json\/wp\/v2\/media\/10923"}],"wp:attachment":[{"href":"https:\/\/olemosaic.com\/fr\/wp-json\/wp\/v2\/media?parent=31574"}],"wp:term":[{"taxonomy":"product_brand","embeddable":true,"href":"https:\/\/olemosaic.com\/fr\/wp-json\/wp\/v2\/product_brand?post=31574"},{"taxonomy":"product_cat","embeddable":true,"href":"https:\/\/olemosaic.com\/fr\/wp-json\/wp\/v2\/product_cat?post=31574"},{"taxonomy":"product_tag","embeddable":true,"href":"https:\/\/olemosaic.com\/fr\/wp-json\/wp\/v2\/product_tag?post=31574"}],"curies":[{"name":"wp","href":"https:\/\/api.w.org\/{rel}","templated":true}]}}