{"id":31553,"date":"2025-02-20T23:33:23","date_gmt":"2025-02-20T22:33:23","guid":{"rendered":"http:\/\/olemosaic.com\/producto\/llavero-de-madera-letra-d-barcelona-2\/"},"modified":"2025-07-25T18:45:07","modified_gmt":"2025-07-25T16:45:07","slug":"porte-cles-en-bois-lettre-d-barcelone-2","status":"publish","type":"product","link":"https:\/\/olemosaic.com\/fr\/produit\/porte-cles-en-bois-lettre-d-barcelone-2\/","title":{"rendered":"Porte-cl\u00e9s en bois. Lettre D. Sagrada Familia. Barcelone."},"content":{"rendered":"<p>Ce porte-cl\u00e9s en bois en forme de lettre \u00ab\u00a0D\u00a0\u00bb est un souvenir charmant qui capture l&rsquo;essence vibrante de Barcelone. Son design peint \u00e0 la main pr\u00e9sente une repr\u00e9sentation color\u00e9e et artistique des monuments embl\u00e9matiques de la ville, tels que la Sagrada Familia et le Park G\u00fcell, symboles de la modernit\u00e9 catalane. Avec une finition brillante qui rehausse encore plus les couleurs vives et une base blanche qui sert de toile, ce porte-cl\u00e9s devient une pi\u00e8ce fonctionnelle et d\u00e9corative, id\u00e9ale pour les amateurs d&rsquo;architecture et de culture barcelonaise.<\/p>\n<p>Le motif de ce porte-cl\u00e9s met en avant le riche h\u00e9ritage artistique de la ville, satisfaisant ceux qui recherchent des souvenirs qui, en plus d&rsquo;\u00eatre utiles, racontent une histoire sur leur lieu d&rsquo;origine. En portant ce porte-cl\u00e9s, les touristes peuvent emporter avec eux un morceau de l&rsquo;architecture embl\u00e9matique de Barcelone, en faisant un merveilleux souvenir de leur visite.<\/p>\n<p>Chez Ol\u00e9 Mosaic, nous nous sp\u00e9cialisons dans la distribution de souvenirs en gros, offrant des produits authentiques et de haute qualit\u00e9 pour les boutiques de cadeaux touristiques. Ce porte-cl\u00e9s de Barcelone est une excellente option pour ceux qui recherchent un souvenir unique et repr\u00e9sentatif de la ville, soulignant sa pertinence culturelle et son attrait visuel comme un incontournable pour toute collection de souvenirs.<\/p>\n","protected":false},"excerpt":{"rendered":"<p>Porte-cl\u00e9s en bois en forme de lettre \u00ab\u00a0D\u00a0\u00bb, inspir\u00e9 de l&rsquo;architecture vibrante de Barcelone. Ce porte-cl\u00e9s attrayant pr\u00e9sente un design artisanal, peint \u00e0 la main, avec des d\u00e9tails color\u00e9s \u00e9voquant les monuments embl\u00e9matiques de la ville, tels que la Sagrada Familia et le Park G\u00fcell. Avec une finition brillante et une base blanche qui fait ressortir les couleurs, c&rsquo;est un souvenir parfait qui allie fonctionnalit\u00e9 et touche artistique repr\u00e9sentative de la modernit\u00e9 catalane.<\/p>\n","protected":false},"featured_media":10489,"template":"","meta":{"_acf_changed":false},"product_brand":[],"product_cat":[607],"product_tag":[],"class_list":{"0":"post-31553","1":"product","2":"type-product","3":"status-publish","4":"has-post-thumbnail","6":"product_cat-porte-cles","7":"pa_ciudad-barcelona","8":"pa_motivo-lettre-d","9":"pa_pais-espana","11":"first","12":"instock","13":"shipping-taxable","14":"product-type-simple"},"acf":[],"_links":{"self":[{"href":"https:\/\/olemosaic.com\/fr\/wp-json\/wp\/v2\/product\/31553","targetHints":{"allow":["GET"]}}],"collection":[{"href":"https:\/\/olemosaic.com\/fr\/wp-json\/wp\/v2\/product"}],"about":[{"href":"https:\/\/olemosaic.com\/fr\/wp-json\/wp\/v2\/types\/product"}],"wp:featuredmedia":[{"embeddable":true,"href":"https:\/\/olemosaic.com\/fr\/wp-json\/wp\/v2\/media\/10489"}],"wp:attachment":[{"href":"https:\/\/olemosaic.com\/fr\/wp-json\/wp\/v2\/media?parent=31553"}],"wp:term":[{"taxonomy":"product_brand","embeddable":true,"href":"https:\/\/olemosaic.com\/fr\/wp-json\/wp\/v2\/product_brand?post=31553"},{"taxonomy":"product_cat","embeddable":true,"href":"https:\/\/olemosaic.com\/fr\/wp-json\/wp\/v2\/product_cat?post=31553"},{"taxonomy":"product_tag","embeddable":true,"href":"https:\/\/olemosaic.com\/fr\/wp-json\/wp\/v2\/product_tag?post=31553"}],"curies":[{"name":"wp","href":"https:\/\/api.w.org\/{rel}","templated":true}]}}