{"id":31552,"date":"2025-02-20T22:33:23","date_gmt":"2025-02-20T22:33:23","guid":{"rendered":"http:\/\/olemosaic.com\/producto\/llavero-de-madera-letra-d\/"},"modified":"2025-07-25T18:45:04","modified_gmt":"2025-07-25T16:45:04","slug":"porte-cles-en-bois-lettre-d","status":"publish","type":"product","link":"https:\/\/olemosaic.com\/fr\/produit\/porte-cles-en-bois-lettre-d\/","title":{"rendered":"Porte-cl\u00e9s en bois. Lettre D."},"content":{"rendered":"<p>Ce porte-cl\u00e9s en bois en forme de lettre \u00ab\u00a0D\u00a0\u00bb est un souvenir attrayant qui encapsule la riche diversit\u00e9 culturelle de l&rsquo;Espagne, id\u00e9al pour ceux qui recherchent un souvenir authentique et significatif. Avec un design vibrant orn\u00e9 de mosa\u00efques aux couleurs vives, ce porte-cl\u00e9s allie fonctionnalit\u00e9 et expression artistique exquise, refl\u00e9tant l&rsquo;h\u00e9ritage de la c\u00e9ramique traditionnelle espagnole. Les motifs g\u00e9om\u00e9triques se pr\u00e9sentent dans une charmante palette de tons rouges, bleus et jaunes, s&rsquo;entrem\u00ealant dans une vari\u00e9t\u00e9 de motifs rappelant l&rsquo;h\u00e9ritage de l&rsquo;art populaire de r\u00e9gions comme S\u00e9ville et Grenade.<\/p>\n<p>Fabriqu\u00e9 en bois de haute qualit\u00e9, ce porte-cl\u00e9s ne sert pas seulement \u00e0 organiser les cl\u00e9s, mais agit \u00e9galement comme une pi\u00e8ce d\u00e9corative qui ajoute une touche de couleur au quotidien. La fabrication artisanale d\u00e9licate fait de chaque porte-cl\u00e9s une pi\u00e8ce unique, parfaite pour personnaliser ses affaires ou comme cadeau significatif pour les amis et la famille. Chez Ol\u00e9 Mosaic, nous sommes fiers de proposer des souvenirs de qualit\u00e9, et ce porte-cl\u00e9s en bois repr\u00e9sente une excellente option pour les boutiques de cadeaux touristiques \u00e0 la recherche de produits authentiques. Avec son design attrayant et sa pertinence culturelle, ce porte-cl\u00e9s est le souvenir parfait que les touristes souhaitent emporter de leur exp\u00e9rience en Espagne.<\/p>\n","protected":false},"excerpt":{"rendered":"<p>Porte-cl\u00e9s en bois en forme de lettre \u00ab\u00a0D\u00a0\u00bb, d\u00e9cor\u00e9 d&rsquo;un design attrayant de mosa\u00efques aux couleurs vibrantes et de motifs traditionnels. Ce porte-cl\u00e9s allie fonctionnalit\u00e9 et touche d&rsquo;art populaire, refl\u00e9tant le riche h\u00e9ritage culturel espagnol. Les tons rouge, bleu et jaune s&rsquo;entrem\u00ealent dans des motifs g\u00e9om\u00e9triques, faisant de cet accessoire une pi\u00e8ce unique et frappante, id\u00e9ale pour personnaliser vos cl\u00e9s ou comme cadeau.<\/p>\n","protected":false},"featured_media":9594,"template":"","meta":{"_acf_changed":false},"product_brand":[],"product_cat":[607],"product_tag":[],"class_list":{"0":"post-31552","1":"product","2":"type-product","3":"status-publish","4":"has-post-thumbnail","6":"product_cat-porte-cles","7":"pa_motivo-lettre-d","9":"first","10":"instock","11":"shipping-taxable","12":"product-type-simple"},"acf":[],"_links":{"self":[{"href":"https:\/\/olemosaic.com\/fr\/wp-json\/wp\/v2\/product\/31552","targetHints":{"allow":["GET"]}}],"collection":[{"href":"https:\/\/olemosaic.com\/fr\/wp-json\/wp\/v2\/product"}],"about":[{"href":"https:\/\/olemosaic.com\/fr\/wp-json\/wp\/v2\/types\/product"}],"wp:featuredmedia":[{"embeddable":true,"href":"https:\/\/olemosaic.com\/fr\/wp-json\/wp\/v2\/media\/9594"}],"wp:attachment":[{"href":"https:\/\/olemosaic.com\/fr\/wp-json\/wp\/v2\/media?parent=31552"}],"wp:term":[{"taxonomy":"product_brand","embeddable":true,"href":"https:\/\/olemosaic.com\/fr\/wp-json\/wp\/v2\/product_brand?post=31552"},{"taxonomy":"product_cat","embeddable":true,"href":"https:\/\/olemosaic.com\/fr\/wp-json\/wp\/v2\/product_cat?post=31552"},{"taxonomy":"product_tag","embeddable":true,"href":"https:\/\/olemosaic.com\/fr\/wp-json\/wp\/v2\/product_tag?post=31552"}],"curies":[{"name":"wp","href":"https:\/\/api.w.org\/{rel}","templated":true}]}}