{"id":31550,"date":"2025-02-20T23:33:23","date_gmt":"2025-02-20T22:33:23","guid":{"rendered":"http:\/\/olemosaic.com\/producto\/llavero-de-madera-letra-c-barcelona-2\/"},"modified":"2025-07-25T18:44:33","modified_gmt":"2025-07-25T16:44:33","slug":"porte-cles-en-bois-lettre-c-barcelone-2","status":"publish","type":"product","link":"https:\/\/olemosaic.com\/fr\/produit\/porte-cles-en-bois-lettre-c-barcelone-2\/","title":{"rendered":"Porte-cl\u00e9s en bois. Lettre C. Sagrada Familia. Barcelone."},"content":{"rendered":"<p>Ce porte-cl\u00e9s en bois en forme de lettre \u00ab\u00a0C\u00a0\u00bb est une repr\u00e9sentation fid\u00e8le de l&#8217;embl\u00e9matique skyline de Barcelone, devenant un souvenir incontournable pour ceux qui souhaitent emporter un petit morceau de cette ville vibrante avec eux. La lettre \u00ab\u00a0C\u00a0\u00bb semble \u00eatre peinte \u00e0 la main avec une illustration color\u00e9e et d\u00e9taill\u00e9e de la Sagrada Familia, le chef-d&rsquo;\u0153uvre d&rsquo;Antoni Gaud\u00ed, ainsi que d&rsquo;autres \u00e9l\u00e9ments embl\u00e9matiques de la ville, tels que les fa\u00e7ades sinueuses du modernisme catalan et les couleurs vibrantes qui caract\u00e9risent l&rsquo;esth\u00e9tique barcelonaise.<\/p>\n<p>La finition polie de ce porte-cl\u00e9s ajoute non seulement une touche de sophistication, mais souligne \u00e9galement le travail artisanal m\u00e9ticuleux qui refl\u00e8te le riche h\u00e9ritage culturel de Barcelone. Ce d\u00e9tail en fait un cadeau id\u00e9al pour les amis et la famille, ainsi qu&rsquo;un souvenir m\u00e9morable pour les touristes visitant la ville. De plus, son design l\u00e9ger et compact le rend parfait pour les cl\u00e9s de maison, de voiture ou m\u00eame comme accessoire d\u00e9coratif sur les sacs \u00e0 dos. Chez Ol\u00e9 Mosaic, en tant que grossistes de souvenirs, nous proposons des produits authentiques et de qualit\u00e9 qui capturent l&rsquo;essence de chaque lieu. Ce porte-cl\u00e9s est une excellente option pour les boutiques de cadeaux touristiques \u00e0 la recherche d&rsquo;articles significatifs et repr\u00e9sentatifs de Barcelone.<\/p>\n","protected":false},"excerpt":{"rendered":"<p>Porte-cl\u00e9s en bois en forme de lettre \u00ab\u00a0C\u00a0\u00bb, inspir\u00e9 de l&#8217;embl\u00e9matique skyline de Barcelone. Ce porte-cl\u00e9s attrayant pr\u00e9sente une repr\u00e9sentation color\u00e9e de la Sagrada Familia et d&rsquo;autres \u00e9l\u00e9ments iconiques de la ville, mettant en avant son design artisanal, peint \u00e0 la main, avec des couleurs vives qui refl\u00e8tent l&rsquo;essence du modernisme catalan. Avec une finition polie, c&rsquo;est un souvenir parfait pour se rappeler votre visite \u00e0 Barcelone ou pour offrir \u00e0 ceux qui aiment cette ville vibrante.<\/p>\n","protected":false},"featured_media":10488,"template":"","meta":{"_acf_changed":false},"product_brand":[],"product_cat":[607],"product_tag":[614],"class_list":{"0":"post-31550","1":"product","2":"type-product","3":"status-publish","4":"has-post-thumbnail","6":"product_cat-porte-cles","7":"product_tag-lettres","8":"pa_ciudad-barcelona","9":"pa_motivo-lettre-c","10":"pa_pais-espana","12":"first","13":"instock","14":"shipping-taxable","15":"product-type-simple"},"acf":[],"_links":{"self":[{"href":"https:\/\/olemosaic.com\/fr\/wp-json\/wp\/v2\/product\/31550","targetHints":{"allow":["GET"]}}],"collection":[{"href":"https:\/\/olemosaic.com\/fr\/wp-json\/wp\/v2\/product"}],"about":[{"href":"https:\/\/olemosaic.com\/fr\/wp-json\/wp\/v2\/types\/product"}],"wp:featuredmedia":[{"embeddable":true,"href":"https:\/\/olemosaic.com\/fr\/wp-json\/wp\/v2\/media\/10488"}],"wp:attachment":[{"href":"https:\/\/olemosaic.com\/fr\/wp-json\/wp\/v2\/media?parent=31550"}],"wp:term":[{"taxonomy":"product_brand","embeddable":true,"href":"https:\/\/olemosaic.com\/fr\/wp-json\/wp\/v2\/product_brand?post=31550"},{"taxonomy":"product_cat","embeddable":true,"href":"https:\/\/olemosaic.com\/fr\/wp-json\/wp\/v2\/product_cat?post=31550"},{"taxonomy":"product_tag","embeddable":true,"href":"https:\/\/olemosaic.com\/fr\/wp-json\/wp\/v2\/product_tag?post=31550"}],"curies":[{"name":"wp","href":"https:\/\/api.w.org\/{rel}","templated":true}]}}