{"id":31549,"date":"2025-02-20T23:33:23","date_gmt":"2025-02-20T22:33:23","guid":{"rendered":"http:\/\/olemosaic.com\/producto\/llavero-de-madera-letra-c-sevilla\/"},"modified":"2025-07-25T19:40:52","modified_gmt":"2025-07-25T17:40:52","slug":"porte-cles-en-bois-lettre-c-seville","status":"publish","type":"product","link":"https:\/\/olemosaic.com\/fr\/produit\/porte-cles-en-bois-lettre-c-seville\/","title":{"rendered":"Porte-cl\u00e9s en bois. Lettre C. S\u00e9ville."},"content":{"rendered":"<p>Ce porte-cl\u00e9s en bois en forme de lettre \u00ab\u00a0C\u00a0\u00bb est un charmant souvenir inspir\u00e9 de la ville vibrante de S\u00e9ville. Son design color\u00e9 pr\u00e9sente des illustrations iconiques, telles que l&rsquo;impressionnante Giralda, un symbole embl\u00e9matique du patrimoine mondial de l&rsquo;humanit\u00e9. De plus, le porte-cl\u00e9s int\u00e8gre des \u00e9l\u00e9ments distinctifs qui \u00e9voquent l&rsquo;essence de cette merveilleuse ville andalouse, comme des fa\u00e7ades orn\u00e9es, des palmiers et des d\u00e9tails architecturaux caract\u00e9ristiques.<\/p>\n<p>La technique de mosa\u00efque en c\u00e9ramique utilis\u00e9e pour sa finition met en valeur une palette de couleurs vibrantes qui capture la chaleur et la joie de S\u00e9ville. Cet accessoire n&rsquo;est pas seulement fonctionnel, il sert \u00e9galement de rappel du riche h\u00e9ritage culturel et artistique de la r\u00e9gion. La lettre \u00ab\u00a0C\u00a0\u00bb en fait un cadeau id\u00e9al pour ceux qui recherchent un d\u00e9tail personnel et significatif symbolisant leur lien avec S\u00e9ville.<\/p>\n<p>Chez Ol\u00e9 Mosaic, nous sommes fiers de proposer des souvenirs authentiques qui repr\u00e9sentent le meilleur de la culture espagnole. Ce porte-cl\u00e9s en bois est une excellente option pour les boutiques de souvenirs touristiques souhaitant offrir des produits uniques et repr\u00e9sentatifs. Gr\u00e2ce \u00e0 notre exp\u00e9rience en tant que grossistes de souvenirs, nous garantissons la qualit\u00e9 et l&rsquo;authenticit\u00e9 de chaque pi\u00e8ce, faisant de ce porte-cl\u00e9s le souvenir parfait pour ramener un morceau de S\u00e9ville chez soi.<\/p>\n","protected":false},"excerpt":{"rendered":"<p>Porte-cl\u00e9s en bois en forme de lettre \u00ab\u00a0C\u00a0\u00bb, inspir\u00e9 de S\u00e9ville. Ce porte-cl\u00e9s pr\u00e9sente un design color\u00e9 avec des illustrations iconiques, comme la Giralda et d&rsquo;autres \u00e9l\u00e9ments embl\u00e9matiques de la ville. Fini avec des techniques de mosa\u00efque en c\u00e9ramique, il affiche une palette de couleurs vibrantes qui capture l&rsquo;essence s\u00e9villane. Un accessoire id\u00e9al pour se souvenir de la beaut\u00e9 de cette charmante ville andalouse.<\/p>\n","protected":false},"featured_media":10887,"template":"","meta":{"_acf_changed":false},"product_brand":[],"product_cat":[607],"product_tag":[614],"class_list":{"0":"post-31549","1":"product","2":"type-product","3":"status-publish","4":"has-post-thumbnail","6":"product_cat-porte-cles","7":"product_tag-lettres","8":"pa_ciudad-sevilla","9":"pa_motivo-lettre-c","10":"pa_pais-espana","12":"first","13":"instock","14":"shipping-taxable","15":"product-type-simple"},"acf":[],"_links":{"self":[{"href":"https:\/\/olemosaic.com\/fr\/wp-json\/wp\/v2\/product\/31549","targetHints":{"allow":["GET"]}}],"collection":[{"href":"https:\/\/olemosaic.com\/fr\/wp-json\/wp\/v2\/product"}],"about":[{"href":"https:\/\/olemosaic.com\/fr\/wp-json\/wp\/v2\/types\/product"}],"wp:featuredmedia":[{"embeddable":true,"href":"https:\/\/olemosaic.com\/fr\/wp-json\/wp\/v2\/media\/10887"}],"wp:attachment":[{"href":"https:\/\/olemosaic.com\/fr\/wp-json\/wp\/v2\/media?parent=31549"}],"wp:term":[{"taxonomy":"product_brand","embeddable":true,"href":"https:\/\/olemosaic.com\/fr\/wp-json\/wp\/v2\/product_brand?post=31549"},{"taxonomy":"product_cat","embeddable":true,"href":"https:\/\/olemosaic.com\/fr\/wp-json\/wp\/v2\/product_cat?post=31549"},{"taxonomy":"product_tag","embeddable":true,"href":"https:\/\/olemosaic.com\/fr\/wp-json\/wp\/v2\/product_tag?post=31549"}],"curies":[{"name":"wp","href":"https:\/\/api.w.org\/{rel}","templated":true}]}}