{"id":31531,"date":"2025-02-20T23:33:22","date_gmt":"2025-02-20T22:33:22","guid":{"rendered":"http:\/\/olemosaic.com\/producto\/llavero-de-madera-letra-b-2\/"},"modified":"2025-07-25T19:56:15","modified_gmt":"2025-07-25T17:56:15","slug":"porte-cles-en-bois-lettre-b-2","status":"publish","type":"product","link":"https:\/\/olemosaic.com\/fr\/produit\/porte-cles-en-bois-lettre-b-2\/","title":{"rendered":"Porte-cl\u00e9s en bois. Lettre B. C\u00e9ramique espagnole."},"content":{"rendered":"<p>Ce porte-cl\u00e9s en bois en forme de lettre \u00ab\u00a0B\u00a0\u00bb est un souvenir charmant et distinctif qui capture l&rsquo;essence du design traditionnel espagnol. Fabriqu\u00e9 avec des mat\u00e9riaux de haute qualit\u00e9, cet article se distingue par sa finition vibrante dans les tons rouge, bleu et jaune, qui \u00e9voquent la riche palette des mosa\u00efques c\u00e9ramiques typiques de l&rsquo;Espagne. Chaque section de la lettre est orn\u00e9e de motifs complexes qui refl\u00e8tent la diversit\u00e9 culturelle et artistique du pays. La forme unique du \u00ab\u00a0B\u00a0\u00bb en fait un accessoire personnalisable id\u00e9al, tant pour ceux qui souhaitent porter une initiale que pour ceux qui recherchent un souvenir authentique les reliant \u00e0 la culture espagnole.<\/p>\n<p>La l\u00e9g\u00e8ret\u00e9 de ce porte-cl\u00e9s le rend pratique pour un usage quotidien, tandis que son design color\u00e9 et attrayant en fait un excellent sujet de conversation et un souvenir m\u00e9morable des traditions locales. Sa connexion avec le riche h\u00e9ritage artisanal de l&rsquo;Espagne souligne sa valeur en tant que souvenir de qualit\u00e9, parfait pour les touristes qui souhaitent ramener un morceau de la culture espagnole chez eux. Chez Ol\u00e9 Mosaic, en tant que grossistes de souvenirs, nous proposons des produits authentiques et repr\u00e9sentatifs, faisant de ce porte-cl\u00e9s une option stellaire pour les boutiques de cadeaux touristiques \u00e0 la recherche d&rsquo;articles uniques c\u00e9l\u00e9brant l&rsquo;essence de l&rsquo;Espagne.<\/p>\n","protected":false},"excerpt":{"rendered":"<p>Porte-cl\u00e9s en bois en forme de lettre \u00ab\u00a0B\u00a0\u00bb, orn\u00e9 de mosa\u00efques color\u00e9es inspir\u00e9es du design traditionnel espagnol. Cet article pr\u00e9sente une finition dans des tons vibrants de rouge, bleu et jaune, recr\u00e9ant un m\u00e9lange attrayant de motifs c\u00e9ramiques typiques. Son design l\u00e9ger et pratique en fait un accessoire id\u00e9al pour personnaliser votre porte-cl\u00e9s, et son esth\u00e9tique met en valeur le riche h\u00e9ritage culturel de l&rsquo;Espagne.<\/p>\n","protected":false},"featured_media":9592,"template":"","meta":{"_acf_changed":false},"product_brand":[],"product_cat":[607],"product_tag":[614],"class_list":{"0":"post-31531","1":"product","2":"type-product","3":"status-publish","4":"has-post-thumbnail","6":"product_cat-porte-cles","7":"product_tag-lettres","8":"pa_motivo-lettre-b","10":"first","11":"instock","12":"shipping-taxable","13":"product-type-simple"},"acf":[],"_links":{"self":[{"href":"https:\/\/olemosaic.com\/fr\/wp-json\/wp\/v2\/product\/31531","targetHints":{"allow":["GET"]}}],"collection":[{"href":"https:\/\/olemosaic.com\/fr\/wp-json\/wp\/v2\/product"}],"about":[{"href":"https:\/\/olemosaic.com\/fr\/wp-json\/wp\/v2\/types\/product"}],"wp:featuredmedia":[{"embeddable":true,"href":"https:\/\/olemosaic.com\/fr\/wp-json\/wp\/v2\/media\/9592"}],"wp:attachment":[{"href":"https:\/\/olemosaic.com\/fr\/wp-json\/wp\/v2\/media?parent=31531"}],"wp:term":[{"taxonomy":"product_brand","embeddable":true,"href":"https:\/\/olemosaic.com\/fr\/wp-json\/wp\/v2\/product_brand?post=31531"},{"taxonomy":"product_cat","embeddable":true,"href":"https:\/\/olemosaic.com\/fr\/wp-json\/wp\/v2\/product_cat?post=31531"},{"taxonomy":"product_tag","embeddable":true,"href":"https:\/\/olemosaic.com\/fr\/wp-json\/wp\/v2\/product_tag?post=31531"}],"curies":[{"name":"wp","href":"https:\/\/api.w.org\/{rel}","templated":true}]}}