{"id":31530,"date":"2025-02-20T23:33:22","date_gmt":"2025-02-20T22:33:22","guid":{"rendered":"http:\/\/olemosaic.com\/producto\/llavero-de-madera-letra-b-valencia\/"},"modified":"2025-07-25T19:41:04","modified_gmt":"2025-07-25T17:41:04","slug":"porte-cles-en-bois-lettre-b-valence","status":"publish","type":"product","link":"https:\/\/olemosaic.com\/fr\/produit\/porte-cles-en-bois-lettre-b-valence\/","title":{"rendered":"Porte-cl\u00e9s en bois. Lettre B. Valence."},"content":{"rendered":"<p>Ce porte-cl\u00e9s en bois en forme de lettre \u00ab\u00a0B\u00a0\u00bb est un souvenir charmant qui capture l&rsquo;essence vibrante de Valence. Avec un design \u00e9labor\u00e9 et peint \u00e0 la main, ce porte-cl\u00e9s se distingue par ses motifs \u00e9maill\u00e9s color\u00e9s qui rendent hommage \u00e0 deux des monuments les plus embl\u00e9matiques de la ville : l&rsquo;impressionnante cath\u00e9drale de Valence, avec son clocher remarquable, et la futuriste Cit\u00e9 des Arts et des Sciences, qui refl\u00e8te la modernit\u00e9 et la cr\u00e9ativit\u00e9 architecturale de la r\u00e9gion. La disposition des couleurs vives et les d\u00e9tails complexes lui conf\u00e8rent un caract\u00e8re unique, en faisant un souvenir tr\u00e8s repr\u00e9sentatif que les touristes voudront emporter.<\/p>\n<p>Ce porte-cl\u00e9s n&rsquo;est pas seulement un outil pratique pour organiser les cl\u00e9s, mais il repr\u00e9sente aussi un petit morceau de la riche culture valencienne. Chaque fois qu&rsquo;il est utilis\u00e9, il \u00e9voque des souvenirs de promenades dans les rues pittoresques de Valence, o\u00f9 l&rsquo;histoire et l&rsquo;innovation coexistent. Chez Ol\u00e9 Mosaic, nous nous sp\u00e9cialisons dans la distribution de souvenirs de qualit\u00e9 en gros, et ce porte-cl\u00e9s est un choix parfait pour les boutiques de cadeaux touristiques \u00e0 la recherche d&rsquo;articles authentiques et significatifs. Alliant artisanat et design attrayant, ce porte-cl\u00e9s de Valence attirera sans aucun doute ceux qui cherchent un moyen de se souvenir de leur visite dans cette ville merveilleuse.<\/p>\n","protected":false},"excerpt":{"rendered":"<p>Porte-cl\u00e9s en bois en forme de lettre \u00ab\u00a0B\u00a0\u00bb, inspir\u00e9 de l&rsquo;architecture de Valence. Ce porte-cl\u00e9s color\u00e9 pr\u00e9sente un design artisanal, peint \u00e0 la main, avec de magnifiques motifs \u00e9maill\u00e9s repr\u00e9sentant des \u00e9l\u00e9ments embl\u00e9matiques de la ville, tels que la cath\u00e9drale et la Cit\u00e9 des Arts et des Sciences. Avec une finition vibrante et des d\u00e9tails complexes en plusieurs couleurs, ce souvenir est parfait pour emporter un morceau de Valence avec vous.<\/p>\n","protected":false},"featured_media":10860,"template":"","meta":{"_acf_changed":false},"product_brand":[],"product_cat":[607],"product_tag":[614],"class_list":{"0":"post-31530","1":"product","2":"type-product","3":"status-publish","4":"has-post-thumbnail","6":"product_cat-porte-cles","7":"product_tag-lettres","8":"pa_ciudad-valencia","9":"pa_motivo-lettre-b","10":"pa_pais-espana","12":"first","13":"instock","14":"shipping-taxable","15":"product-type-simple"},"acf":[],"_links":{"self":[{"href":"https:\/\/olemosaic.com\/fr\/wp-json\/wp\/v2\/product\/31530","targetHints":{"allow":["GET"]}}],"collection":[{"href":"https:\/\/olemosaic.com\/fr\/wp-json\/wp\/v2\/product"}],"about":[{"href":"https:\/\/olemosaic.com\/fr\/wp-json\/wp\/v2\/types\/product"}],"wp:featuredmedia":[{"embeddable":true,"href":"https:\/\/olemosaic.com\/fr\/wp-json\/wp\/v2\/media\/10860"}],"wp:attachment":[{"href":"https:\/\/olemosaic.com\/fr\/wp-json\/wp\/v2\/media?parent=31530"}],"wp:term":[{"taxonomy":"product_brand","embeddable":true,"href":"https:\/\/olemosaic.com\/fr\/wp-json\/wp\/v2\/product_brand?post=31530"},{"taxonomy":"product_cat","embeddable":true,"href":"https:\/\/olemosaic.com\/fr\/wp-json\/wp\/v2\/product_cat?post=31530"},{"taxonomy":"product_tag","embeddable":true,"href":"https:\/\/olemosaic.com\/fr\/wp-json\/wp\/v2\/product_tag?post=31530"}],"curies":[{"name":"wp","href":"https:\/\/api.w.org\/{rel}","templated":true}]}}