{"id":31529,"date":"2025-02-20T23:33:22","date_gmt":"2025-02-20T22:33:22","guid":{"rendered":"http:\/\/olemosaic.com\/producto\/llavero-de-madera-letra-b-madrid\/"},"modified":"2025-07-25T19:18:52","modified_gmt":"2025-07-25T17:18:52","slug":"porte-cles-en-bois-lettre-b-madrid","status":"publish","type":"product","link":"https:\/\/olemosaic.com\/fr\/produit\/porte-cles-en-bois-lettre-b-madrid\/","title":{"rendered":"Porte-cl\u00e9s en bois. Lettre B. Madrid."},"content":{"rendered":"<p>Ce porte-cl\u00e9s en bois en forme de lettre \u00ab\u00a0B\u00a0\u00bb est un charmant hommage \u00e0 la ville vibrante de Madrid. Avec un design color\u00e9 et captivant, le porte-cl\u00e9s pr\u00e9sente des images embl\u00e9matiques de la capitale espagnole, telles que l&#8217;embl\u00e9matique Puerta del Sol, qui repr\u00e9sente le c\u0153ur \u00e9ternel de la ville, et des figures v\u00eatues de costumes traditionnels refl\u00e9tant le riche folklore de la r\u00e9gion. La finition en c\u00e9ramique de style mosa\u00efque ne rehausse pas seulement son esth\u00e9tique, mais ajoute \u00e9galement une touche artistique distinctive, en faisant un souvenir unique et fonctionnel qui capture l&rsquo;essence de Madrid.<\/p>\n<p>Ce souvenir est parfait pour les touristes qui cherchent \u00e0 ramener un morceau de la culture madril\u00e8ne chez eux. La lettre \u00ab\u00a0B\u00a0\u00bb peut symboliser \u00ab\u00a0Madrid\u00a0\u00bb, mais aussi \u00ab\u00a0bonito\u00a0\u00bb ou \u00ab\u00a0beaut\u00e9\u00a0\u00bb, encapsulant ce que la ville repr\u00e9sente. En tant que porte-cl\u00e9s, il offre une utilisation pratique quotidienne, garantissant qu&rsquo;\u00e0 chaque utilisation, le souvenir des moments v\u00e9cus dans la capitale soit \u00e9voqu\u00e9.<\/p>\n<p>Chez Ol\u00e9 Mosaic, nous soulignons l&rsquo;authenticit\u00e9 et le charme de nos produits, et ce porte-cl\u00e9s en bois est une excellente option pour les boutiques de cadeaux touristiques \u00e0 la recherche de souvenirs distinctifs de Madrid. En tant que grossistes de souvenirs, nous garantissons la qualit\u00e9 et la singularit\u00e9 de chaque pi\u00e8ce que nous proposons.<\/p>\n","protected":false},"excerpt":{"rendered":"<p>Porte-cl\u00e9s en bois en forme de lettre \u00ab\u00a0B\u00a0\u00bb, repr\u00e9sentant Madrid. Ce porte-cl\u00e9s attrayant pr\u00e9sente un design color\u00e9 avec des images embl\u00e9matiques comme la Puerta del Sol et des figures traditionnelles v\u00eatues de costumes r\u00e9gionaux, refl\u00e9tant l&rsquo;essence culturelle de la ville. La finition c\u00e9ramique de style mosa\u00efque ajoute une touche artistique et distinctive, id\u00e9ale pour se souvenir de la beaut\u00e9 de Madrid dans un format pratique et original. Parfait comme souvenir ou cadeau.<\/p>\n","protected":false},"featured_media":10834,"template":"","meta":{"_acf_changed":false},"product_brand":[],"product_cat":[607],"product_tag":[614],"class_list":{"0":"post-31529","1":"product","2":"type-product","3":"status-publish","4":"has-post-thumbnail","6":"product_cat-porte-cles","7":"product_tag-lettres","8":"pa_ciudad-madrid","9":"pa_motivo-lettre-b","10":"pa_pais-espana","12":"first","13":"instock","14":"shipping-taxable","15":"product-type-simple"},"acf":[],"_links":{"self":[{"href":"https:\/\/olemosaic.com\/fr\/wp-json\/wp\/v2\/product\/31529","targetHints":{"allow":["GET"]}}],"collection":[{"href":"https:\/\/olemosaic.com\/fr\/wp-json\/wp\/v2\/product"}],"about":[{"href":"https:\/\/olemosaic.com\/fr\/wp-json\/wp\/v2\/types\/product"}],"wp:featuredmedia":[{"embeddable":true,"href":"https:\/\/olemosaic.com\/fr\/wp-json\/wp\/v2\/media\/10834"}],"wp:attachment":[{"href":"https:\/\/olemosaic.com\/fr\/wp-json\/wp\/v2\/media?parent=31529"}],"wp:term":[{"taxonomy":"product_brand","embeddable":true,"href":"https:\/\/olemosaic.com\/fr\/wp-json\/wp\/v2\/product_brand?post=31529"},{"taxonomy":"product_cat","embeddable":true,"href":"https:\/\/olemosaic.com\/fr\/wp-json\/wp\/v2\/product_cat?post=31529"},{"taxonomy":"product_tag","embeddable":true,"href":"https:\/\/olemosaic.com\/fr\/wp-json\/wp\/v2\/product_tag?post=31529"}],"curies":[{"name":"wp","href":"https:\/\/api.w.org\/{rel}","templated":true}]}}