{"id":31528,"date":"2025-02-20T22:33:22","date_gmt":"2025-02-20T22:33:22","guid":{"rendered":"http:\/\/olemosaic.com\/producto\/llavero-de-madera-letra-b-mosaico\/"},"modified":"2025-07-25T19:20:06","modified_gmt":"2025-07-25T17:20:06","slug":"porte-cles-en-bois-lettre-b-mosaique","status":"publish","type":"product","link":"https:\/\/olemosaic.com\/fr\/produit\/porte-cles-en-bois-lettre-b-mosaique\/","title":{"rendered":"Porte-cl\u00e9s en bois. Lettre B. Mosa\u00efque."},"content":{"rendered":"<p>Ce porte-cl\u00e9s en bois en forme de lettre \u00ab\u00a0B\u00a0\u00bb est un v\u00e9ritable hommage \u00e0 la riche tradition artistique espagnole, id\u00e9al pour ceux qui recherchent un souvenir unique et color\u00e9. Fabriqu\u00e9 en bois l\u00e9ger et r\u00e9sistant, il pr\u00e9sente un design de mosa\u00efque vibrant qui imite les techniques de trencad\u00eds, typiques de la c\u00e9ramique andalouse. Les couleurs \u00e9clatantes bleu, rouge, jaune et vert se combinent harmonieusement, capturant l&rsquo;essence de l&rsquo;art et de la culture de la r\u00e9gion. Sa forme compacte et son anneau m\u00e9tallique pratique permettent de le porter confortablement sur des cl\u00e9s, des sacs \u00e0 dos ou partout o\u00f9 vous le souhaitez, ce qui en fait un souvenir id\u00e9al pour se rem\u00e9morer des moments sp\u00e9ciaux. Plus qu&rsquo;un simple accessoire, ce porte-cl\u00e9s est un symbole d&rsquo;authenticit\u00e9 culturelle, soulignant la cr\u00e9ativit\u00e9 et le savoir-faire artisanal qui caract\u00e9risent les souvenirs espagnols. Chez Ol\u00e9 Mosaic, nous nous sp\u00e9cialisons dans la distribution de souvenirs de haute qualit\u00e9, et ce porte-cl\u00e9s en mosa\u00efque est une excellente option pour les boutiques de cadeaux touristiques \u00e0 la recherche de produits repr\u00e9sentatifs et exclusifs de la culture espagnole. Devenez distributeur de porte-cl\u00e9s uniques et authentiques, id\u00e9aux pour ceux qui souhaitent emporter un petit morceau d&rsquo;Espagne.<\/p>\n","protected":false},"excerpt":{"rendered":"<p>Porte-cl\u00e9s en bois en forme de lettre \u00ab\u00a0B\u00a0\u00bb, d\u00e9cor\u00e9 d&rsquo;un design de mosa\u00efque vibrant qui \u00e9voque la tradition artistique espagnole. Fabriqu\u00e9 en bois l\u00e9ger et r\u00e9sistant, ce porte-cl\u00e9s pr\u00e9sente un m\u00e9lange color\u00e9 de bleus, rouges, jaunes et verts, imitant les techniques de trencad\u00eds de la c\u00e9ramique andalouse. Sa taille compacte et son anneau m\u00e9tallique pratique permettent de le porter confortablement sur des cl\u00e9s ou des sacs \u00e0 dos, ce qui en fait un souvenir id\u00e9al pour se souvenir de moments sp\u00e9ciaux.<\/p>\n","protected":false},"featured_media":10752,"template":"","meta":{"_acf_changed":false},"product_brand":[],"product_cat":[607],"product_tag":[614],"class_list":{"0":"post-31528","1":"product","2":"type-product","3":"status-publish","4":"has-post-thumbnail","6":"product_cat-porte-cles","7":"product_tag-lettres","8":"pa_motivo-lettre-b","10":"first","11":"instock","12":"shipping-taxable","13":"product-type-simple"},"acf":[],"_links":{"self":[{"href":"https:\/\/olemosaic.com\/fr\/wp-json\/wp\/v2\/product\/31528","targetHints":{"allow":["GET"]}}],"collection":[{"href":"https:\/\/olemosaic.com\/fr\/wp-json\/wp\/v2\/product"}],"about":[{"href":"https:\/\/olemosaic.com\/fr\/wp-json\/wp\/v2\/types\/product"}],"wp:featuredmedia":[{"embeddable":true,"href":"https:\/\/olemosaic.com\/fr\/wp-json\/wp\/v2\/media\/10752"}],"wp:attachment":[{"href":"https:\/\/olemosaic.com\/fr\/wp-json\/wp\/v2\/media?parent=31528"}],"wp:term":[{"taxonomy":"product_brand","embeddable":true,"href":"https:\/\/olemosaic.com\/fr\/wp-json\/wp\/v2\/product_brand?post=31528"},{"taxonomy":"product_cat","embeddable":true,"href":"https:\/\/olemosaic.com\/fr\/wp-json\/wp\/v2\/product_cat?post=31528"},{"taxonomy":"product_tag","embeddable":true,"href":"https:\/\/olemosaic.com\/fr\/wp-json\/wp\/v2\/product_tag?post=31528"}],"curies":[{"name":"wp","href":"https:\/\/api.w.org\/{rel}","templated":true}]}}