{"id":31527,"date":"2025-02-20T23:33:22","date_gmt":"2025-02-20T22:33:22","guid":{"rendered":"http:\/\/olemosaic.com\/producto\/llavero-de-madera-letra-a-barcelona-2\/"},"modified":"2025-07-25T19:51:45","modified_gmt":"2025-07-25T17:51:45","slug":"porte-cles-en-bois-lettre-a-barcelone-2","status":"publish","type":"product","link":"https:\/\/olemosaic.com\/fr\/produit\/porte-cles-en-bois-lettre-a-barcelone-2\/","title":{"rendered":"Porte-cl\u00e9s en bois. Lettre A. Sagrada Familia. Barcelone."},"content":{"rendered":"<p>Ce porte-cl\u00e9s en bois en forme de lettre \u00ab\u00a0A\u00a0\u00bb est un souvenir exceptionnel qui capture l&rsquo;essence de Barcelone et de sa majestueuse Sagrada Familia, le chef-d&rsquo;\u0153uvre d&rsquo;Antoni Gaud\u00ed. Son design vibrant et d\u00e9taill\u00e9 pr\u00e9sente une repr\u00e9sentation exquise des tours embl\u00e9matiques et des mosa\u00efques color\u00e9es de la cath\u00e9drale, \u00e9voquant la magie et la singularit\u00e9 de l&rsquo;architecture moderniste catalane. Chaque \u00e9l\u00e9ment architectural a \u00e9t\u00e9 trait\u00e9 avec m\u00e9ticulosit\u00e9, offrant aux touristes une fen\u00eatre sur l&rsquo;histoire culturelle fascinante de la ville.<\/p>\n<p>La finition brillante du porte-cl\u00e9s ne souligne pas seulement les couleurs riches, mais assure \u00e9galement une durabilit\u00e9 qui garantit que ce souvenir reste en parfait \u00e9tat au fil du temps. Ce porte-cl\u00e9s est plus qu&rsquo;un simple accessoire pour organiser les cl\u00e9s ; c&rsquo;est une v\u00e9ritable pi\u00e8ce d&rsquo;art qui sert de rappel quotidien de la beaut\u00e9 de Barcelone. Id\u00e9al pour ceux qui recherchent des souvenirs de la ville, ce porte-cl\u00e9s refl\u00e8te l&rsquo;authenticit\u00e9 de la culture catalane, ce qui en fait un excellent choix pour les boutiques de cadeaux touristiques.<\/p>\n<p>Chez Ol\u00e9 Mosaic, nous proposons des porte-cl\u00e9s en gros qui c\u00e9l\u00e8brent la tradition artistique de l&rsquo;Espagne, offrant \u00e0 nos clients des produits de qualit\u00e9 qui capturent l&rsquo;essence de leurs destinations. Ce porte-cl\u00e9s de la Sagrada Familia est une pi\u00e8ce repr\u00e9sentative qui attirera sans aucun doute les visiteurs \u00e0 la recherche de souvenirs uniques et significatifs de leur exp\u00e9rience \u00e0 Barcelone.<\/p>\n","protected":false},"excerpt":{"rendered":"<p>Porte-cl\u00e9s en bois en forme de lettre \u00ab\u00a0A\u00a0\u00bb, inspir\u00e9 de l&#8217;embl\u00e9matique Sagrada Familia de Barcelone. Ce porte-cl\u00e9s attrayant pr\u00e9sente un design color\u00e9 et d\u00e9taill\u00e9, avec des illustrations mettant en valeur les \u00e9l\u00e9ments architecturaux de l&rsquo;\u0153uvre de Gaud\u00ed, tels que les tours et les mosa\u00efques vibrantes. Avec une finition brillante, ce souvenir est parfait pour \u00e9voquer la magie de Barcelone, tout en gardant vos cl\u00e9s organis\u00e9es et \u00e0 port\u00e9e de main.<\/p>\n","protected":false},"featured_media":10486,"template":"","meta":{"_acf_changed":false},"product_brand":[],"product_cat":[607],"product_tag":[614],"class_list":{"0":"post-31527","1":"product","2":"type-product","3":"status-publish","4":"has-post-thumbnail","6":"product_cat-porte-cles","7":"product_tag-lettres","8":"pa_ciudad-barcelona","9":"pa_motivo-lettre-a","10":"pa_pais-espana","12":"first","13":"instock","14":"shipping-taxable","15":"product-type-simple"},"acf":[],"_links":{"self":[{"href":"https:\/\/olemosaic.com\/fr\/wp-json\/wp\/v2\/product\/31527","targetHints":{"allow":["GET"]}}],"collection":[{"href":"https:\/\/olemosaic.com\/fr\/wp-json\/wp\/v2\/product"}],"about":[{"href":"https:\/\/olemosaic.com\/fr\/wp-json\/wp\/v2\/types\/product"}],"wp:featuredmedia":[{"embeddable":true,"href":"https:\/\/olemosaic.com\/fr\/wp-json\/wp\/v2\/media\/10486"}],"wp:attachment":[{"href":"https:\/\/olemosaic.com\/fr\/wp-json\/wp\/v2\/media?parent=31527"}],"wp:term":[{"taxonomy":"product_brand","embeddable":true,"href":"https:\/\/olemosaic.com\/fr\/wp-json\/wp\/v2\/product_brand?post=31527"},{"taxonomy":"product_cat","embeddable":true,"href":"https:\/\/olemosaic.com\/fr\/wp-json\/wp\/v2\/product_cat?post=31527"},{"taxonomy":"product_tag","embeddable":true,"href":"https:\/\/olemosaic.com\/fr\/wp-json\/wp\/v2\/product_tag?post=31527"}],"curies":[{"name":"wp","href":"https:\/\/api.w.org\/{rel}","templated":true}]}}