{"id":31526,"date":"2025-02-20T23:33:22","date_gmt":"2025-02-20T22:33:22","guid":{"rendered":"http:\/\/olemosaic.com\/producto\/llavero-de-madera-letra-a-2\/"},"modified":"2025-07-25T18:43:06","modified_gmt":"2025-07-25T16:43:06","slug":"porte-cles-en-bois-lettre-a-2","status":"publish","type":"product","link":"https:\/\/olemosaic.com\/fr\/produit\/porte-cles-en-bois-lettre-a-2\/","title":{"rendered":"Porte-cl\u00e9s en bois. Lettre A. Mosa\u00efque."},"content":{"rendered":"<p>Ce porte-cl\u00e9s en bois en forme de lettre \u00ab\u00a0A\u00a0\u00bb est un charmant souvenir inspir\u00e9 par l&rsquo;\u0153uvre du c\u00e9l\u00e8bre architecte Antoni Gaud\u00ed, capturant l&rsquo;essence du modernisme catalan. D\u00e9cor\u00e9 d&rsquo;un design de mosa\u00efque vibrant, il pr\u00e9sente une explosion de couleurs vives, telles que le bleu intense, le rouge \u00e9clatant et le vert brillant, sur un fond blanc \u00e9voquant le trencad\u00eds caract\u00e9ristique, une technique que Gaud\u00ed a popularis\u00e9e dans des \u0153uvres comme le Parc G\u00fcell et la Casa Batll\u00f3. La finition d\u00e9taill\u00e9e et l&rsquo;artisanat soign\u00e9 de ce porte-cl\u00e9s en font non seulement un accessoire pratique pour personnaliser vos cl\u00e9s, mais aussi une pi\u00e8ce d\u00e9corative c\u00e9l\u00e9brant le patrimoine culturel de Barcelone.<\/p>\n<p>Sa taille compacte le rend id\u00e9al pour \u00eatre transport\u00e9 dans un sac ou une poche, permettant aux touristes d&#8217;emporter un petit morceau de Barcelone partout o\u00f9 ils vont. Ce porte-cl\u00e9s n&rsquo;est pas seulement un article d&rsquo;usage quotidien, mais un authentique souvenir qui souligne la richesse artistique de la ville et son lien avec l&rsquo;\u0153uvre de Gaud\u00ed. Chez Ol\u00e9 Mosaic, nous savons que chaque souvenir raconte une histoire, et ce porte-cl\u00e9s en bois est une excellente option pour les boutiques de cadeaux touristiques cherchant \u00e0 offrir des produits uniques et repr\u00e9sentatifs de la culture espagnole. En tant que grossistes de cadeaux et souvenirs, nous cherchons \u00e0 mettre en avant l&rsquo;authenticit\u00e9 et la valeur culturelle de chaque pi\u00e8ce, garantissant qualit\u00e9 et artisanat dans chaque d\u00e9tail.<\/p>\n","protected":false},"excerpt":{"rendered":"<p>Porte-cl\u00e9s en bois avec la lettre \u00ab\u00a0A\u00a0\u00bb, d\u00e9cor\u00e9 d&rsquo;un design de mosa\u00efque vibrant inspir\u00e9 par l&rsquo;\u0153uvre du c\u00e9l\u00e8bre architecte Antoni Gaud\u00ed. Ce porte-cl\u00e9s combine des couleurs vives comme le bleu, le rouge et le vert sur un fond blanc, \u00e9voquant le style du trencad\u00eds, si caract\u00e9ristique de Barcelone. Sa taille compacte et sa finition d\u00e9taill\u00e9e en font un joli souvenir et un accessoire pratique id\u00e9al pour personnaliser vos cl\u00e9s.<\/p>\n","protected":false},"featured_media":10920,"template":"","meta":{"_acf_changed":false},"product_brand":[],"product_cat":[607],"product_tag":[614],"class_list":{"0":"post-31526","1":"product","2":"type-product","3":"status-publish","4":"has-post-thumbnail","6":"product_cat-porte-cles","7":"product_tag-lettres","8":"pa_motivo-lettre-a","10":"first","11":"instock","12":"shipping-taxable","13":"product-type-simple"},"acf":[],"_links":{"self":[{"href":"https:\/\/olemosaic.com\/fr\/wp-json\/wp\/v2\/product\/31526","targetHints":{"allow":["GET"]}}],"collection":[{"href":"https:\/\/olemosaic.com\/fr\/wp-json\/wp\/v2\/product"}],"about":[{"href":"https:\/\/olemosaic.com\/fr\/wp-json\/wp\/v2\/types\/product"}],"wp:featuredmedia":[{"embeddable":true,"href":"https:\/\/olemosaic.com\/fr\/wp-json\/wp\/v2\/media\/10920"}],"wp:attachment":[{"href":"https:\/\/olemosaic.com\/fr\/wp-json\/wp\/v2\/media?parent=31526"}],"wp:term":[{"taxonomy":"product_brand","embeddable":true,"href":"https:\/\/olemosaic.com\/fr\/wp-json\/wp\/v2\/product_brand?post=31526"},{"taxonomy":"product_cat","embeddable":true,"href":"https:\/\/olemosaic.com\/fr\/wp-json\/wp\/v2\/product_cat?post=31526"},{"taxonomy":"product_tag","embeddable":true,"href":"https:\/\/olemosaic.com\/fr\/wp-json\/wp\/v2\/product_tag?post=31526"}],"curies":[{"name":"wp","href":"https:\/\/api.w.org\/{rel}","templated":true}]}}