{"id":31524,"date":"2025-02-20T22:33:21","date_gmt":"2025-02-20T22:33:21","guid":{"rendered":"http:\/\/olemosaic.com\/producto\/llavero-de-madera-letra-a-mosaico\/"},"modified":"2025-07-25T18:59:17","modified_gmt":"2025-07-25T16:59:17","slug":"porte-cles-en-bois-lettre-a-mosaique","status":"publish","type":"product","link":"https:\/\/olemosaic.com\/fr\/produit\/porte-cles-en-bois-lettre-a-mosaique\/","title":{"rendered":"Porte-cl\u00e9s en bois. Lettre A. Mosa\u00efque."},"content":{"rendered":"<p>Ce porte-cl\u00e9s en bois en forme de lettre \u00ab\u00a0A\u00a0\u00bb est un souvenir distinctif qui capture l&rsquo;essence de l&rsquo;art c\u00e9ramique espagnol. Avec un design de mosa\u00efque vibrant, cet accessoire int\u00e8gre un m\u00e9lange \u00e9blouissant de couleurs, telles que le rouge, le jaune, le vert et le bleu, transformant chaque porte-cl\u00e9s en une vision joyeuse et color\u00e9e rappelant les mosa\u00efques caract\u00e9ristiques de l&rsquo;architecture espagnole. La forme de la lettre \u00ab\u00a0A\u00a0\u00bb en fait non seulement un objet fonctionnel pour personnaliser les cl\u00e9s, mais aussi un charmant accessoire pour sacs ou sacs \u00e0 dos, ajoutant une touche de style personnel.<\/p>\n<p>L&rsquo;artisanat derri\u00e8re ce porte-cl\u00e9s refl\u00e8te le riche patrimoine culturel de l&rsquo;Espagne, o\u00f9 la c\u00e9ramique et la mosa\u00efque font partie int\u00e9grante de son histoire artistique depuis des si\u00e8cles. Ce porte-cl\u00e9s est un excellent repr\u00e9sentant de la diversit\u00e9 culturelle espagnole, id\u00e9al pour les touristes \u00e0 la recherche de souvenirs authentiques qui racontent une histoire. Chez Ol\u00e9 Mosaic, en tant que distributeurs de souvenirs en gros, nous proposons des produits qui se distinguent par leur qualit\u00e9 et leur lien culturel. Ce porte-cl\u00e9s en bois n&rsquo;est pas seulement un article attrayant, il devient \u00e9galement un souvenir significatif et repr\u00e9sentatif de l&rsquo;Espagne, parfait pour toute boutique de cadeaux touristiques souhaitant offrir une touche unique \u00e0 ses clients.<\/p>\n","protected":false},"excerpt":{"rendered":"<p>Porte-cl\u00e9s en bois en forme de lettre \u00ab\u00a0A\u00a0\u00bb, d\u00e9cor\u00e9 d&rsquo;un design de mosa\u00efque vibrant \u00e9voquant l&rsquo;art de la c\u00e9ramique espagnole. Ce porte-cl\u00e9s pr\u00e9sente un m\u00e9lange de couleurs vives, comme le rouge, le jaune, le vert et le bleu, qui le font ressortir. Id\u00e9al pour personnaliser des cl\u00e9s ou comme d\u00e9coration de sac, il combine fonctionnalit\u00e9 et style, devenant un souvenir parfait de la culture artistique espagnole.<\/p>\n","protected":false},"featured_media":10751,"template":"","meta":{"_acf_changed":false},"product_brand":[],"product_cat":[607],"product_tag":[614],"class_list":{"0":"post-31524","1":"product","2":"type-product","3":"status-publish","4":"has-post-thumbnail","6":"product_cat-porte-cles","7":"product_tag-lettres","8":"pa_motivo-lettre-a","10":"first","11":"instock","12":"shipping-taxable","13":"product-type-simple"},"acf":[],"_links":{"self":[{"href":"https:\/\/olemosaic.com\/fr\/wp-json\/wp\/v2\/product\/31524","targetHints":{"allow":["GET"]}}],"collection":[{"href":"https:\/\/olemosaic.com\/fr\/wp-json\/wp\/v2\/product"}],"about":[{"href":"https:\/\/olemosaic.com\/fr\/wp-json\/wp\/v2\/types\/product"}],"wp:featuredmedia":[{"embeddable":true,"href":"https:\/\/olemosaic.com\/fr\/wp-json\/wp\/v2\/media\/10751"}],"wp:attachment":[{"href":"https:\/\/olemosaic.com\/fr\/wp-json\/wp\/v2\/media?parent=31524"}],"wp:term":[{"taxonomy":"product_brand","embeddable":true,"href":"https:\/\/olemosaic.com\/fr\/wp-json\/wp\/v2\/product_brand?post=31524"},{"taxonomy":"product_cat","embeddable":true,"href":"https:\/\/olemosaic.com\/fr\/wp-json\/wp\/v2\/product_cat?post=31524"},{"taxonomy":"product_tag","embeddable":true,"href":"https:\/\/olemosaic.com\/fr\/wp-json\/wp\/v2\/product_tag?post=31524"}],"curies":[{"name":"wp","href":"https:\/\/api.w.org\/{rel}","templated":true}]}}