{"id":31523,"date":"2025-02-20T23:33:21","date_gmt":"2025-02-20T22:33:21","guid":{"rendered":"http:\/\/olemosaic.com\/producto\/llavero-de-madera-letra-a-valencia\/"},"modified":"2025-07-25T18:43:07","modified_gmt":"2025-07-25T16:43:07","slug":"porte-cles-en-bois-lettre-a-valence","status":"publish","type":"product","link":"https:\/\/olemosaic.com\/fr\/produit\/porte-cles-en-bois-lettre-a-valence\/","title":{"rendered":"Porte-cl\u00e9s en bois. Lettre A. Valence."},"content":{"rendered":"<p>Ce porte-cl\u00e9s en bois en forme de lettre \u00ab\u00a0A\u00a0\u00bb est un souvenir distinctif qui capture l&rsquo;essence de Valence, fusionnant modernit\u00e9 et tradition. Le design vibrant pr\u00e9sente une splendide mosa\u00efque de couleurs illustrant les ic\u00f4nes les plus embl\u00e9matiques de la ville, notamment la majestueuse Cit\u00e9 des Arts et des Sciences. Avec des d\u00e9tails \u00e9labor\u00e9s en rouge, bleu et jaune, le porte-cl\u00e9s b\u00e9n\u00e9ficie d&rsquo;une finition brillante qui maximise son attrait visuel, en faisant un accessoire id\u00e9al tant pour les touristes que pour les locaux.<\/p>\n<p>Ce porte-cl\u00e9s, fabriqu\u00e9 en bois, n&rsquo;est pas seulement une pi\u00e8ce d\u00e9corative, mais un hommage \u00e0 l&rsquo;architecture moderniste de Valence, soulignant la cr\u00e9ativit\u00e9 et l&rsquo;innovation de la r\u00e9gion. Id\u00e9al comme souvenir, cet objet est fonctionnel et, en m\u00eame temps, un souvenir tangible de l&rsquo;exp\u00e9rience v\u00e9cue dans cette ville m\u00e9diterran\u00e9enne vibrante.<\/p>\n<p>Chez Ol\u00e9 Mosaic, nous nous sp\u00e9cialisons dans la distribution de souvenirs en gros, et ce porte-cl\u00e9s de Valence est un choix parfait pour les boutiques de cadeaux touristiques recherchant des produits authentiques et pertinents. En tant que grossistes de souvenirs, nous proposons des articles qui se distinguent par leur artisanat et leur originalit\u00e9, en faisant des cadeaux m\u00e9morables pour ceux qui souhaitent emporter un petit bout de Valence avec eux.<\/p>\n","protected":false},"excerpt":{"rendered":"<p>Porte-cl\u00e9s en bois en forme de lettre A, con\u00e7u sp\u00e9cialement pour repr\u00e9senter la ville de Valence. Ce porte-cl\u00e9s original pr\u00e9sente une mosa\u00efque vibrante de couleurs illustrant des \u00e9l\u00e9ments embl\u00e9matiques de la ville, comme la Cit\u00e9 des Arts et des Sciences. Avec des d\u00e9tails \u00e9labor\u00e9s en rouge, bleu et jaune, le porte-cl\u00e9s est compl\u00e9t\u00e9 par une finition brillante qui rehausse son attrait visuel. Parfait comme souvenir ou cadeau, il refl\u00e8te l&rsquo;essence valencienne avec une touche moderne.<\/p>\n","protected":false},"featured_media":10859,"template":"","meta":{"_acf_changed":false},"product_brand":[],"product_cat":[607],"product_tag":[614],"class_list":{"0":"post-31523","1":"product","2":"type-product","3":"status-publish","4":"has-post-thumbnail","6":"product_cat-porte-cles","7":"product_tag-lettres","8":"pa_ciudad-valencia","9":"pa_motivo-lettre-a","10":"pa_pais-espana","12":"first","13":"instock","14":"shipping-taxable","15":"product-type-simple"},"acf":[],"_links":{"self":[{"href":"https:\/\/olemosaic.com\/fr\/wp-json\/wp\/v2\/product\/31523","targetHints":{"allow":["GET"]}}],"collection":[{"href":"https:\/\/olemosaic.com\/fr\/wp-json\/wp\/v2\/product"}],"about":[{"href":"https:\/\/olemosaic.com\/fr\/wp-json\/wp\/v2\/types\/product"}],"wp:featuredmedia":[{"embeddable":true,"href":"https:\/\/olemosaic.com\/fr\/wp-json\/wp\/v2\/media\/10859"}],"wp:attachment":[{"href":"https:\/\/olemosaic.com\/fr\/wp-json\/wp\/v2\/media?parent=31523"}],"wp:term":[{"taxonomy":"product_brand","embeddable":true,"href":"https:\/\/olemosaic.com\/fr\/wp-json\/wp\/v2\/product_brand?post=31523"},{"taxonomy":"product_cat","embeddable":true,"href":"https:\/\/olemosaic.com\/fr\/wp-json\/wp\/v2\/product_cat?post=31523"},{"taxonomy":"product_tag","embeddable":true,"href":"https:\/\/olemosaic.com\/fr\/wp-json\/wp\/v2\/product_tag?post=31523"}],"curies":[{"name":"wp","href":"https:\/\/api.w.org\/{rel}","templated":true}]}}