{"id":31511,"date":"2025-02-20T23:33:21","date_gmt":"2025-02-20T22:33:21","guid":{"rendered":"http:\/\/olemosaic.com\/producto\/llavero-de-madera-letra-g-valencia\/"},"modified":"2025-07-25T19:13:56","modified_gmt":"2025-07-25T17:13:56","slug":"porte-cles-en-bois-lettre-g-valence","status":"publish","type":"product","link":"https:\/\/olemosaic.com\/fr\/produit\/porte-cles-en-bois-lettre-g-valence\/","title":{"rendered":"Porte-cl\u00e9s en bois. Lettre G. Valence."},"content":{"rendered":"<p>Ce porte-cl\u00e9s en bois en forme de lettre G est un souvenir attrayant qui capture l&rsquo;essence de Valence, une ville connue pour sa riche architecture et sa culture vibrante. Avec une finition peinte \u00e0 la main, ce porte-cl\u00e9s pr\u00e9sente un design color\u00e9 qui rend hommage \u00e0 certains des monuments les plus embl\u00e9matiques de la ville, tels que l&rsquo;impressionnante Cit\u00e9 des Arts et des Sciences et la majestueuse Cath\u00e9drale de Valence. Chaque c\u00f4t\u00e9 du porte-cl\u00e9s montre une repr\u00e9sentation artistique unique, o\u00f9 les tons bleut\u00e9s et chauds s&rsquo;entrelacent pour cr\u00e9er un effet visuel captivant qui \u00e9voque la beaut\u00e9 et la modernit\u00e9 de l&rsquo;architecture valencienne.<\/p>\n<p>Ce porte-cl\u00e9s n&rsquo;est pas seulement un moyen fonctionnel d&rsquo;organiser ses cl\u00e9s, mais il devient \u00e9galement un souvenir significatif de votre visite \u00e0 Valence. Sa forme distinctive ajoute une touche contemporaine et amusante, en faisant un objet id\u00e9al pour les touristes \u00e0 la recherche de souvenirs authentiques repr\u00e9sentant la culture locale. Chez Ol\u00e9 Mosaic, nous nous sp\u00e9cialisons dans la distribution de souvenirs en gros, et ce porte-cl\u00e9s de la lettre G est une option parfaite pour les boutiques de souvenirs touristiques souhaitant proposer des produits authentiques et repr\u00e9sentatifs de la beaut\u00e9 de Valence. Avec ce porte-cl\u00e9s, vos clients pourront emporter avec eux un morceau de l&rsquo;essence m\u00e9diterran\u00e9enne partout o\u00f9 ils iront.<\/p>\n","protected":false},"excerpt":{"rendered":"<p>Porte-cl\u00e9s en bois en forme de lettre G, inspir\u00e9 des monuments les plus embl\u00e9matiques de Valence. Ce porte-cl\u00e9s attrayant pr\u00e9sente un design color\u00e9 qui combine des d\u00e9tails de l&rsquo;architecture locale, comme la c\u00e9l\u00e8bre Cit\u00e9 des Arts et des Sciences et la Cath\u00e9drale de Valence, avec un design artisanal fini et peint \u00e0 la main. Ses couleurs vibrantes et son style contemporain en font un souvenir parfait pour se rem\u00e9morer la beaut\u00e9 de cette ville m\u00e9diterran\u00e9enne.<\/p>\n","protected":false},"featured_media":10865,"template":"","meta":{"_acf_changed":false},"product_brand":[],"product_cat":[607],"product_tag":[614],"class_list":{"0":"post-31511","1":"product","2":"type-product","3":"status-publish","4":"has-post-thumbnail","6":"product_cat-porte-cles","7":"product_tag-lettres","8":"pa_ciudad-valencia","9":"pa_motivo-lettre-g","10":"pa_pais-espana","12":"first","13":"instock","14":"shipping-taxable","15":"product-type-simple"},"acf":[],"_links":{"self":[{"href":"https:\/\/olemosaic.com\/fr\/wp-json\/wp\/v2\/product\/31511","targetHints":{"allow":["GET"]}}],"collection":[{"href":"https:\/\/olemosaic.com\/fr\/wp-json\/wp\/v2\/product"}],"about":[{"href":"https:\/\/olemosaic.com\/fr\/wp-json\/wp\/v2\/types\/product"}],"wp:featuredmedia":[{"embeddable":true,"href":"https:\/\/olemosaic.com\/fr\/wp-json\/wp\/v2\/media\/10865"}],"wp:attachment":[{"href":"https:\/\/olemosaic.com\/fr\/wp-json\/wp\/v2\/media?parent=31511"}],"wp:term":[{"taxonomy":"product_brand","embeddable":true,"href":"https:\/\/olemosaic.com\/fr\/wp-json\/wp\/v2\/product_brand?post=31511"},{"taxonomy":"product_cat","embeddable":true,"href":"https:\/\/olemosaic.com\/fr\/wp-json\/wp\/v2\/product_cat?post=31511"},{"taxonomy":"product_tag","embeddable":true,"href":"https:\/\/olemosaic.com\/fr\/wp-json\/wp\/v2\/product_tag?post=31511"}],"curies":[{"name":"wp","href":"https:\/\/api.w.org\/{rel}","templated":true}]}}