{"id":31509,"date":"2025-02-20T23:33:20","date_gmt":"2025-02-20T22:33:20","guid":{"rendered":"http:\/\/olemosaic.com\/producto\/llavero-de-madera-letra-z-valencia\/"},"modified":"2025-07-25T18:43:25","modified_gmt":"2025-07-25T16:43:25","slug":"porte-cles-en-bois-lettre-z-valence","status":"publish","type":"product","link":"https:\/\/olemosaic.com\/fr\/produit\/porte-cles-en-bois-lettre-z-valence\/","title":{"rendered":"Porte-cl\u00e9s en bois. Lettre Z. Valence."},"content":{"rendered":"<p>Ce porte-cl\u00e9s en bois en forme de lettre \u00ab\u00a0Z\u00a0\u00bb est un souvenir vibrant qui capture l&rsquo;essence artistique de Valence, une ville c\u00e9l\u00e8bre pour son riche patrimoine culturel et son architecture embl\u00e9matique. Avec un design qui int\u00e8gre des couleurs vives et des formes g\u00e9om\u00e9triques, ce porte-cl\u00e9s se distingue par l&rsquo;illustration d&rsquo;\u00e9l\u00e9ments iconiques, tels que la majestueuse Loge de la Soie (Lonja de la Seda), un site class\u00e9 au patrimoine mondial qui refl\u00e8te l&rsquo;histoire commerciale et la splendeur de la ville.<\/p>\n<p>Le porte-cl\u00e9s, fabriqu\u00e9 en bois de alta calidad, d\u00e9gage un style moderne qui allie l&rsquo;art contemporain \u00e0 la tradition, faisant de ce souvenir de Valence un article v\u00e9ritablement unique. La lettre \u00ab\u00a0Z\u00a0\u00bb symbolise non seulement l&rsquo;initiale de cette ville captivante, mais aussi un fragment de sa culture, reconnue dans le monde entier.<\/p>\n<p>Chez Ol\u00e9 Mosaic, nous comprenons l&rsquo;importance d&rsquo;offrir des souvenirs authentiques qui soulignent l&rsquo;identit\u00e9 r\u00e9gionale. Ce porte-cl\u00e9s est une excellente option pour les boutiques de souvenirs touristiques \u00e0 la recherche de quelque chose de authentique et de significatif. Id\u00e9al pour les touristes qui souhaitent emporter un petit morceau de Valence, que ce soit comme accessoire ou comme souvenir sp\u00e9cial, ce porte-cl\u00e9s est sans aucun doute un souvenir de qualit\u00e9 attrayant qui se distingue par son artisanat et sa pertinence culturelle.<\/p>\n","protected":false},"excerpt":{"rendered":"<p>Porte-cl\u00e9s en bois en forme de lettre \u00ab\u00a0Z\u00a0\u00bb, repr\u00e9sentant la mosa\u00efque color\u00e9e de Valence. Ce porte-cl\u00e9s frappant pr\u00e9sente un design vibrant qui illustre des \u00e9l\u00e9ments architecturaux embl\u00e9matiques de la ville, comme la c\u00e9l\u00e8bre Loge de la Soie. Les couleurs vives et les formes g\u00e9om\u00e9triques lui donnent un style moderne, tandis que le bois apporte une touche artisanale et unique. Id\u00e9al pour se souvenir de la beaut\u00e9 de Valence.<\/p>\n","protected":false},"featured_media":10884,"template":"","meta":{"_acf_changed":false},"product_brand":[],"product_cat":[607],"product_tag":[614],"class_list":{"0":"post-31509","1":"product","2":"type-product","3":"status-publish","4":"has-post-thumbnail","6":"product_cat-porte-cles","7":"product_tag-lettres","8":"pa_ciudad-valencia","9":"pa_motivo-lettre-z","10":"pa_pais-espana","12":"first","13":"instock","14":"shipping-taxable","15":"product-type-simple"},"acf":[],"_links":{"self":[{"href":"https:\/\/olemosaic.com\/fr\/wp-json\/wp\/v2\/product\/31509","targetHints":{"allow":["GET"]}}],"collection":[{"href":"https:\/\/olemosaic.com\/fr\/wp-json\/wp\/v2\/product"}],"about":[{"href":"https:\/\/olemosaic.com\/fr\/wp-json\/wp\/v2\/types\/product"}],"wp:featuredmedia":[{"embeddable":true,"href":"https:\/\/olemosaic.com\/fr\/wp-json\/wp\/v2\/media\/10884"}],"wp:attachment":[{"href":"https:\/\/olemosaic.com\/fr\/wp-json\/wp\/v2\/media?parent=31509"}],"wp:term":[{"taxonomy":"product_brand","embeddable":true,"href":"https:\/\/olemosaic.com\/fr\/wp-json\/wp\/v2\/product_brand?post=31509"},{"taxonomy":"product_cat","embeddable":true,"href":"https:\/\/olemosaic.com\/fr\/wp-json\/wp\/v2\/product_cat?post=31509"},{"taxonomy":"product_tag","embeddable":true,"href":"https:\/\/olemosaic.com\/fr\/wp-json\/wp\/v2\/product_tag?post=31509"}],"curies":[{"name":"wp","href":"https:\/\/api.w.org\/{rel}","templated":true}]}}