{"id":31508,"date":"2025-02-20T23:33:20","date_gmt":"2025-02-20T22:33:20","guid":{"rendered":"http:\/\/olemosaic.com\/producto\/llavero-de-madera-letra-v-barcelona\/"},"modified":"2025-07-25T19:43:00","modified_gmt":"2025-07-25T17:43:00","slug":"porte-cles-en-bois-lettre-v-barcelone","status":"publish","type":"product","link":"https:\/\/olemosaic.com\/fr\/produit\/porte-cles-en-bois-lettre-v-barcelone\/","title":{"rendered":"Porte-cl\u00e9s en bois. Lettre V. Barcelone."},"content":{"rendered":"<p>Ce porte-cl\u00e9s en bois en forme de lettre \u00ab\u00a0V\u00a0\u00bb est un souvenir vibrant et color\u00e9 qui capture l&rsquo;essence de la ville embl\u00e9matique de Barcelone. Avec des d\u00e9tails peints \u00e0 la main, cet accessoire original sert non seulement d&rsquo;organisateur de cl\u00e9s pratique, mais constitue \u00e9galement une repr\u00e9sentation artistique du riche patrimoine culturel de la ville. Le design pr\u00e9sente des images iconiques de la Sagrada Familia, un chef-d&rsquo;\u0153uvre de l&rsquo;architecture moderniste, ainsi que des \u00e9l\u00e9ments color\u00e9s \u00e9voquant le style unique du ma\u00eetre Antoni Gaud\u00ed, qui a trouv\u00e9 \u00e0 Barcelone son laboratoire cr\u00e9atif.<\/p>\n<p>Le \u00ab\u00a0V\u00a0\u00bb se d\u00e9tache sur un fond qui refl\u00e8te les mosa\u00efques caract\u00e9ristiques de l&rsquo;\u0153uvre de Gaud\u00ed, faisant \u00e9cho \u00e0 la cr\u00e9ativit\u00e9 et au dynamisme de la capitale catalane. Chaque porte-cl\u00e9s est un hommage aux paysages urbains qui font de Barcelone une destination touristique de renomm\u00e9e mondiale. Ce porte-cl\u00e9s n&rsquo;est pas seulement un excellent souvenir d&rsquo;une visite dans la ville, mais repr\u00e9sente \u00e9galement une pi\u00e8ce d&rsquo;artisanat qui rec\u00e8le l&rsquo;authenticit\u00e9 et la saveur culturelle que les touristes recherchent en achetant des souvenirs.<\/p>\n<p>Chez Ol\u00e9 Mosaic, nous nous consacrons \u00e0 offrir des souvenirs authentiques et de qualit\u00e9 en gros, et ce porte-cl\u00e9s de Barcelone est une option id\u00e9ale pour les boutiques de souvenirs touristiques qui souhaitent proposer des produits m\u00e9morables et repr\u00e9sentatifs. Parfait pour ceux qui veulent emporter avec eux un petit morceau de Barcelone, ce porte-cl\u00e9s devient un souvenir attachant qui dure dans le temps.<\/p>\n","protected":false},"excerpt":{"rendered":"<p>Porte-cl\u00e9s en bois en forme de lettre \u00ab\u00a0V\u00a0\u00bb, repr\u00e9sentant la ville embl\u00e9matique de Barcelone. Cet accessoire original se distingue par son design vibrant et color\u00e9, avec des images de la Sagrada Familia et des \u00e9l\u00e9ments typiques de l&rsquo;architecture moderniste. Le porte-cl\u00e9s est un exemple d&rsquo;artisanat avec des d\u00e9tails peints \u00e0 la main, ce qui lui donne une touche unique et attrayante. Id\u00e9al pour emporter un petit morceau de Barcelone avec vous, ce porte-cl\u00e9s est le souvenir parfait.<\/p>\n","protected":false},"featured_media":10507,"template":"","meta":{"_acf_changed":false},"product_brand":[],"product_cat":[607],"product_tag":[614],"class_list":{"0":"post-31508","1":"product","2":"type-product","3":"status-publish","4":"has-post-thumbnail","6":"product_cat-porte-cles","7":"product_tag-lettres","8":"pa_ciudad-barcelona","9":"pa_motivo-lettre-v","10":"pa_pais-espana","12":"first","13":"instock","14":"shipping-taxable","15":"product-type-simple"},"acf":[],"_links":{"self":[{"href":"https:\/\/olemosaic.com\/fr\/wp-json\/wp\/v2\/product\/31508","targetHints":{"allow":["GET"]}}],"collection":[{"href":"https:\/\/olemosaic.com\/fr\/wp-json\/wp\/v2\/product"}],"about":[{"href":"https:\/\/olemosaic.com\/fr\/wp-json\/wp\/v2\/types\/product"}],"wp:featuredmedia":[{"embeddable":true,"href":"https:\/\/olemosaic.com\/fr\/wp-json\/wp\/v2\/media\/10507"}],"wp:attachment":[{"href":"https:\/\/olemosaic.com\/fr\/wp-json\/wp\/v2\/media?parent=31508"}],"wp:term":[{"taxonomy":"product_brand","embeddable":true,"href":"https:\/\/olemosaic.com\/fr\/wp-json\/wp\/v2\/product_brand?post=31508"},{"taxonomy":"product_cat","embeddable":true,"href":"https:\/\/olemosaic.com\/fr\/wp-json\/wp\/v2\/product_cat?post=31508"},{"taxonomy":"product_tag","embeddable":true,"href":"https:\/\/olemosaic.com\/fr\/wp-json\/wp\/v2\/product_tag?post=31508"}],"curies":[{"name":"wp","href":"https:\/\/api.w.org\/{rel}","templated":true}]}}