{"id":31507,"date":"2025-02-20T22:33:20","date_gmt":"2025-02-20T22:33:20","guid":{"rendered":"http:\/\/olemosaic.com\/producto\/llavero-de-madera-letra-s-mosaico\/"},"modified":"2025-07-25T19:36:50","modified_gmt":"2025-07-25T17:36:50","slug":"porte-cles-en-bois-lettre-s-mosaique","status":"publish","type":"product","link":"https:\/\/olemosaic.com\/fr\/produit\/porte-cles-en-bois-lettre-s-mosaique\/","title":{"rendered":"Porte-cl\u00e9s en bois. Lettre S. Mosa\u00efque."},"content":{"rendered":"<p>Ce porte-cl\u00e9s en bois en forme de lettre \u00ab\u00a0S\u00a0\u00bb est un souvenir repr\u00e9sentatif du riche h\u00e9ritage artistique espagnol, con\u00e7u pour se d\u00e9marquer parmi les souvenirs touristiques. D\u00e9cor\u00e9 de mani\u00e8re ornementale avec une mosa\u00efque vibrante et color\u00e9e, chaque section pr\u00e9sente un m\u00e9lange soign\u00e9 de teintes, incluant le bleu, le rouge, le jaune et le vert, \u00e9voquant les c\u00e9l\u00e8bres mosa\u00efques qui ornent les places et les b\u00e2timents embl\u00e9matiques de villes comme Barcelone. La finition lisse et douce du porte-cl\u00e9s garantit non seulement sa durabilit\u00e9, mais procure \u00e9galement une sensation fra\u00eeche et agr\u00e9able au toucher, en faisant un accessoire fonctionnel et un objet d\u00e9coratif.<\/p>\n<p>Ce porte-cl\u00e9s est une excellente fa\u00e7on d&#8217;emporter une partie de la culture espagnole avec vous, id\u00e9al pour ceux qui souhaitent un souvenir authentique et repr\u00e9sentatif de leur visite. Parfait pour \u00eatre utilis\u00e9 comme porte-cl\u00e9s ou pour \u00eatre accroch\u00e9 \u00e0 des sacs \u00e0 dos et des sacs, son design captivant en fait un cadeau attrayant pour les amis et la famille. Chez Ol\u00e9 Mosaic, nous proposons des porte-cl\u00e9s en bois qui se distinguent par leur qualit\u00e9 et leur savoir-faire, garantissant que chaque pi\u00e8ce est un v\u00e9ritable reflet de la tradition espagnole. Ce porte-cl\u00e9s en mosa\u00efque est, sans aucun doute, une option charmante et significative pour les boutiques de souvenirs touristiques \u00e0 la recherche de souvenirs uniques et pertinents.<\/p>\n","protected":false},"excerpt":{"rendered":"<p>Porte-cl\u00e9s en bois en forme de lettre \u00ab\u00a0S\u00a0\u00bb, d\u00e9cor\u00e9 d&rsquo;un design de mosa\u00efque vibrant. Ce porte-cl\u00e9s attrayant affiche un m\u00e9lange de couleurs vives, comme le bleu, le rouge, le jaune et le vert, \u00e9voquant l&rsquo;art de la mosa\u00efque traditionnelle espagnole. Parfait comme souvenir, sa finition lisse et fra\u00eeche en fait un accessoire fonctionnel et esth\u00e9tique, id\u00e9al pour ceux qui appr\u00e9cient la culture et l&rsquo;art de l&rsquo;Espagne.<\/p>\n","protected":false},"featured_media":10769,"template":"","meta":{"_acf_changed":false},"product_brand":[],"product_cat":[607],"product_tag":[614],"class_list":{"0":"post-31507","1":"product","2":"type-product","3":"status-publish","4":"has-post-thumbnail","6":"product_cat-porte-cles","7":"product_tag-lettres","8":"pa_motivo-lettre-s","10":"first","11":"instock","12":"shipping-taxable","13":"product-type-simple"},"acf":[],"_links":{"self":[{"href":"https:\/\/olemosaic.com\/fr\/wp-json\/wp\/v2\/product\/31507","targetHints":{"allow":["GET"]}}],"collection":[{"href":"https:\/\/olemosaic.com\/fr\/wp-json\/wp\/v2\/product"}],"about":[{"href":"https:\/\/olemosaic.com\/fr\/wp-json\/wp\/v2\/types\/product"}],"wp:featuredmedia":[{"embeddable":true,"href":"https:\/\/olemosaic.com\/fr\/wp-json\/wp\/v2\/media\/10769"}],"wp:attachment":[{"href":"https:\/\/olemosaic.com\/fr\/wp-json\/wp\/v2\/media?parent=31507"}],"wp:term":[{"taxonomy":"product_brand","embeddable":true,"href":"https:\/\/olemosaic.com\/fr\/wp-json\/wp\/v2\/product_brand?post=31507"},{"taxonomy":"product_cat","embeddable":true,"href":"https:\/\/olemosaic.com\/fr\/wp-json\/wp\/v2\/product_cat?post=31507"},{"taxonomy":"product_tag","embeddable":true,"href":"https:\/\/olemosaic.com\/fr\/wp-json\/wp\/v2\/product_tag?post=31507"}],"curies":[{"name":"wp","href":"https:\/\/api.w.org\/{rel}","templated":true}]}}