{"id":31495,"date":"2025-02-20T23:33:20","date_gmt":"2025-02-20T22:33:20","guid":{"rendered":"http:\/\/olemosaic.com\/producto\/llavero-de-madera-letra-o-valencia\/"},"modified":"2025-07-25T18:46:23","modified_gmt":"2025-07-25T16:46:23","slug":"porte-cles-en-bois-lettre-o-valence","status":"publish","type":"product","link":"https:\/\/olemosaic.com\/fr\/produit\/porte-cles-en-bois-lettre-o-valence\/","title":{"rendered":"Porte-cl\u00e9s en bois. Lettre O. Valence."},"content":{"rendered":"<p>Ce porte-cl\u00e9s en bois en forme de lettre \u00ab\u00a0O\u00a0\u00bb est une merveilleuse repr\u00e9sentation de la ville vibrante de Valence. Son design innovant et color\u00e9 se distingue par des motifs architecturaux embl\u00e9matiques qui capturent l&rsquo;essence de cette r\u00e9gion fascinante. Peint \u00e0 la main, le porte-cl\u00e9s pr\u00e9sente une palette de couleurs vives, incluant des tons bleus et rouges frappants qui \u00e9voquent le c\u00e9l\u00e8bre complexe de la Cit\u00e9 des Arts et des Sciences, l&rsquo;un des chefs-d&rsquo;\u0153uvre architecturaux du monde contemporain.<\/p>\n<p>La partie frontale du porte-cl\u00e9s affiche des repr\u00e9sentations d\u00e9taill\u00e9es d&rsquo;\u00e9l\u00e9ments caract\u00e9ristiques de Valence, tels que l&rsquo;impressionnant pont de l&rsquo;Oceanogr\u00e0fic et la structure d\u00e9licate de l&rsquo;Hemisf\u00e8ric, entour\u00e9s d&rsquo;un festival de mosa\u00efques qui refl\u00e8tent le riche h\u00e9ritage culturel de la ville. Ce design singulier n&rsquo;est pas seulement un accessoire pratique, mais aussi un authentique souvenir de Valence qui fait \u00e9cho \u00e0 l&rsquo;histoire et \u00e0 l&rsquo;art de la localit\u00e9. Id\u00e9al pour les touristes et les visiteurs qui cherchent \u00e0 se souvenir de leur voyage avec un petit morceau de culture, ce porte-cl\u00e9s est une option parfaite pour les boutiques de cadeaux touristiques. Chez Ol\u00e9 Mosaic, en tant que distributeurs de souvenirs en gros, nous garantissons la qualit\u00e9 et l&rsquo;authenticit\u00e9 de nos produits, faisant de ce porte-cl\u00e9s un choix id\u00e9al pour ceux qui souhaitent offrir des souvenirs inoubliables et repr\u00e9sentatifs de Valence. Ne manquez pas l&rsquo;occasion d&rsquo;ajouter ce charmant porte-cl\u00e9s \u00e0 votre collection de souvenirs.<\/p>\n","protected":false},"excerpt":{"rendered":"<p>Porte-cl\u00e9s en bois en forme de lettre O, inspir\u00e9 de Valence. Ce porte-cl\u00e9s original pr\u00e9sente un design vibrant et color\u00e9, avec des motifs architecturaux embl\u00e9matiques de la ville, incluant des \u00e9l\u00e9ments du c\u00e9l\u00e8bre complexe de la Cit\u00e9 des Arts et des Sciences. Peint avec un style artisanal, il arbore des d\u00e9tails en bleu et rouge qui soulignent son h\u00e9ritage culturel, devenant un souvenir attrayant pour les amoureux de Valence.<\/p>\n","protected":false},"featured_media":10873,"template":"","meta":{"_acf_changed":false},"product_brand":[],"product_cat":[607],"product_tag":[614],"class_list":{"0":"post-31495","1":"product","2":"type-product","3":"status-publish","4":"has-post-thumbnail","6":"product_cat-porte-cles","7":"product_tag-lettres","8":"pa_ciudad-valencia","9":"pa_motivo-lettre-o","10":"pa_pais-espana","12":"first","13":"instock","14":"shipping-taxable","15":"product-type-simple"},"acf":[],"_links":{"self":[{"href":"https:\/\/olemosaic.com\/fr\/wp-json\/wp\/v2\/product\/31495","targetHints":{"allow":["GET"]}}],"collection":[{"href":"https:\/\/olemosaic.com\/fr\/wp-json\/wp\/v2\/product"}],"about":[{"href":"https:\/\/olemosaic.com\/fr\/wp-json\/wp\/v2\/types\/product"}],"wp:featuredmedia":[{"embeddable":true,"href":"https:\/\/olemosaic.com\/fr\/wp-json\/wp\/v2\/media\/10873"}],"wp:attachment":[{"href":"https:\/\/olemosaic.com\/fr\/wp-json\/wp\/v2\/media?parent=31495"}],"wp:term":[{"taxonomy":"product_brand","embeddable":true,"href":"https:\/\/olemosaic.com\/fr\/wp-json\/wp\/v2\/product_brand?post=31495"},{"taxonomy":"product_cat","embeddable":true,"href":"https:\/\/olemosaic.com\/fr\/wp-json\/wp\/v2\/product_cat?post=31495"},{"taxonomy":"product_tag","embeddable":true,"href":"https:\/\/olemosaic.com\/fr\/wp-json\/wp\/v2\/product_tag?post=31495"}],"curies":[{"name":"wp","href":"https:\/\/api.w.org\/{rel}","templated":true}]}}