{"id":31493,"date":"2025-02-20T23:33:19","date_gmt":"2025-02-20T22:33:19","guid":{"rendered":"http:\/\/olemosaic.com\/producto\/llavero-de-madera-letra-i-barcelona-2\/"},"modified":"2025-07-25T19:39:27","modified_gmt":"2025-07-25T17:39:27","slug":"porte-cles-en-bois-lettre-i-barcelone-2","status":"publish","type":"product","link":"https:\/\/olemosaic.com\/fr\/produit\/porte-cles-en-bois-lettre-i-barcelone-2\/","title":{"rendered":"Porte-cl\u00e9s en bois. Lettre I. Sagrada Familia. Barcelone."},"content":{"rendered":"<p>Ce porte-cl\u00e9s en bois en forme de lettre \u00ab\u00a0I\u00a0\u00bb est un article distinctif qui capture l&rsquo;essence de Barcelone et de son embl\u00e9matique Sagrada Familia. Inspir\u00e9 par le chef-d&rsquo;\u0153uvre d&rsquo;Antoni Gaud\u00ed, ce porte-cl\u00e9s pr\u00e9sente un design vibrant et d\u00e9taill\u00e9 qui reproduit les tours majestueuses de la basilique, d\u00e9cor\u00e9es d&rsquo;une palette de couleurs \u00e9nergiques \u00e9voquant le modernisme catalan. Dans la partie inf\u00e9rieure, un charmant dragon ajoute une touche de fantaisie, rappelant la mythologie et le symbolisme qui entourent la ville.<\/p>\n<p>Fabriqu\u00e9 en bois, ce souvenir est non seulement l\u00e9ger et facile \u00e0 transporter, mais il met \u00e9galement en valeur l&rsquo;artisanat traditionnel, ce qui en fait un souvenir authentique de l&rsquo;une des villes les plus visit\u00e9es d&rsquo;Espagne. Sa forme unique et le soin apport\u00e9 aux d\u00e9tails le rendent id\u00e9al pour ceux qui souhaitent emporter un morceau de culture et d&rsquo;art catalan dans leur vie quotidienne. En choisissant ce porte-cl\u00e9s de la Sagrada Familia, les touristes obtiennent plus qu&rsquo;un simple article ; ils acqui\u00e8rent un morceau de l&rsquo;histoire de Barcelone qu&rsquo;ils pourront arborer avec fiert\u00e9.<\/p>\n<p>Chez Ol\u00e9 Mosaic, nous proposons ce porte-cl\u00e9s en bois en gros, parfait pour les boutiques de souvenirs touristiques qui recherchent des produits originaux et de qualit\u00e9 refl\u00e9tant le riche h\u00e9ritage culturel de l&rsquo;Espagne. C&rsquo;est sans aucun doute une excellente option pour ceux qui recherchent des souvenirs de Barcelone authentiques et m\u00e9morables.<\/p>\n","protected":false},"excerpt":{"rendered":"<p>Porte-cl\u00e9s en bois en forme de lettre \u00ab\u00a0I\u00a0\u00bb, inspir\u00e9 de l&rsquo;iconique Sagrada Familia de Barcelone. Ce porte-cl\u00e9s pr\u00e9sente un design color\u00e9 et d\u00e9taill\u00e9, avec des illustrations des tours de la c\u00e9l\u00e8bre basilique et du dragon, repr\u00e9sentant l&rsquo;essence du modernisme catalan. Le mat\u00e9riau en bois lui donne une touche distinctive et artisanale, en faisant un souvenir parfait pour les amoureux de la ville.<\/p>\n","protected":false},"featured_media":10494,"template":"","meta":{"_acf_changed":false},"product_brand":[],"product_cat":[607],"product_tag":[614],"class_list":{"0":"post-31493","1":"product","2":"type-product","3":"status-publish","4":"has-post-thumbnail","6":"product_cat-porte-cles","7":"product_tag-lettres","8":"pa_ciudad-barcelona","9":"pa_motivo-lettre-i","10":"pa_pais-espana","12":"first","13":"instock","14":"shipping-taxable","15":"product-type-simple"},"acf":[],"_links":{"self":[{"href":"https:\/\/olemosaic.com\/fr\/wp-json\/wp\/v2\/product\/31493","targetHints":{"allow":["GET"]}}],"collection":[{"href":"https:\/\/olemosaic.com\/fr\/wp-json\/wp\/v2\/product"}],"about":[{"href":"https:\/\/olemosaic.com\/fr\/wp-json\/wp\/v2\/types\/product"}],"wp:featuredmedia":[{"embeddable":true,"href":"https:\/\/olemosaic.com\/fr\/wp-json\/wp\/v2\/media\/10494"}],"wp:attachment":[{"href":"https:\/\/olemosaic.com\/fr\/wp-json\/wp\/v2\/media?parent=31493"}],"wp:term":[{"taxonomy":"product_brand","embeddable":true,"href":"https:\/\/olemosaic.com\/fr\/wp-json\/wp\/v2\/product_brand?post=31493"},{"taxonomy":"product_cat","embeddable":true,"href":"https:\/\/olemosaic.com\/fr\/wp-json\/wp\/v2\/product_cat?post=31493"},{"taxonomy":"product_tag","embeddable":true,"href":"https:\/\/olemosaic.com\/fr\/wp-json\/wp\/v2\/product_tag?post=31493"}],"curies":[{"name":"wp","href":"https:\/\/api.w.org\/{rel}","templated":true}]}}