{"id":31492,"date":"2025-02-20T23:33:19","date_gmt":"2025-02-20T22:33:19","guid":{"rendered":"http:\/\/olemosaic.com\/producto\/llavero-de-madera-letra-b-sevilla\/"},"modified":"2025-07-25T18:38:17","modified_gmt":"2025-07-25T16:38:17","slug":"porte-cles-en-bois-lettre-b-seville","status":"publish","type":"product","link":"https:\/\/olemosaic.com\/fr\/produit\/porte-cles-en-bois-lettre-b-seville\/","title":{"rendered":"Porte-cl\u00e9s en bois. Lettre B. S\u00e9ville."},"content":{"rendered":"<p>Ce porte-cl\u00e9s en bois en forme de lettre \u00ab\u00a0B\u00a0\u00bb est un souvenir charmant qui capture l&rsquo;essence de S\u00e9ville de mani\u00e8re vibrante et artistique. \u00c9labor\u00e9 avec soin, ce porte-cl\u00e9s pr\u00e9sente des illustrations color\u00e9es qui mettent en valeur des symboles embl\u00e9matiques de la ville, tels que la magnifique Giralda et une cal\u00e8che typique. Son design inclut des motifs de mosa\u00efque qui \u00e9voquent le riche h\u00e9ritage culturel andalou, apportant une touche d&rsquo;\u00e9l\u00e9gance et d&rsquo;authenticit\u00e9 \u00e0 un objet quotidien. L&rsquo;\u00e9quilibre entre fonctionnalit\u00e9 et art fait de ce porte-cl\u00e9s non seulement un accessoire pratique, mais aussi une pi\u00e8ce d\u00e9corative dont vous vous souviendrez avec tendresse chaque fois que vous la verrez.<\/p>\n<p>L\u00e9ger et maniable, le porte-cl\u00e9s est parfait pour emporter un petit morceau de S\u00e9ville au quotidien, ce qui en fait un cadeau id\u00e9al pour les touristes comme pour les locaux. C&rsquo;est un souvenir repr\u00e9sentatif qui permet aux acheteurs de ressentir une connexion avec la ville, c\u00e9l\u00e9brant son histoire et ses traditions. Chez Ol\u00e9 Mosaic, nous nous sp\u00e9cialisons dans la distribution de souvenirs en gros, et ce porte-cl\u00e9s de S\u00e9ville est une excellente option pour les boutiques de cadeaux touristiques qui cherchent \u00e0 offrir des produits artisanaux et authentiques. En choisissant ce porte-cl\u00e9s, vous offrez un produit qui non seulement embellit, mais repr\u00e9sente \u00e9galement la culture vibrante de S\u00e9ville.<\/p>\n","protected":false},"excerpt":{"rendered":"<p>Porte-cl\u00e9s en bois avec la lettre \u00ab\u00a0B\u00a0\u00bb, un clin d&rsquo;\u0153il \u00e0 S\u00e9ville. Ce porte-cl\u00e9s color\u00e9 pr\u00e9sente un design vibrant avec des illustrations iconiques de la ville, comme la Giralda et une cal\u00e8che. D\u00e9cor\u00e9 de motifs de mosa\u00efque \u00e9voquant la tradition andalouse, il est l\u00e9ger et fonctionnel, parfait pour emporter avec vous l&rsquo;essence de S\u00e9ville partout. Id\u00e9al comme souvenir ou cadeau, il allie \u00e9l\u00e9gance et art local.<\/p>\n","protected":false},"featured_media":10886,"template":"","meta":{"_acf_changed":false},"product_brand":[],"product_cat":[607],"product_tag":[614],"class_list":{"0":"post-31492","1":"product","2":"type-product","3":"status-publish","4":"has-post-thumbnail","6":"product_cat-porte-cles","7":"product_tag-lettres","8":"pa_ciudad-sevilla","9":"pa_motivo-lettre-b","10":"pa_pais-espana","12":"first","13":"instock","14":"shipping-taxable","15":"product-type-simple"},"acf":[],"_links":{"self":[{"href":"https:\/\/olemosaic.com\/fr\/wp-json\/wp\/v2\/product\/31492","targetHints":{"allow":["GET"]}}],"collection":[{"href":"https:\/\/olemosaic.com\/fr\/wp-json\/wp\/v2\/product"}],"about":[{"href":"https:\/\/olemosaic.com\/fr\/wp-json\/wp\/v2\/types\/product"}],"wp:featuredmedia":[{"embeddable":true,"href":"https:\/\/olemosaic.com\/fr\/wp-json\/wp\/v2\/media\/10886"}],"wp:attachment":[{"href":"https:\/\/olemosaic.com\/fr\/wp-json\/wp\/v2\/media?parent=31492"}],"wp:term":[{"taxonomy":"product_brand","embeddable":true,"href":"https:\/\/olemosaic.com\/fr\/wp-json\/wp\/v2\/product_brand?post=31492"},{"taxonomy":"product_cat","embeddable":true,"href":"https:\/\/olemosaic.com\/fr\/wp-json\/wp\/v2\/product_cat?post=31492"},{"taxonomy":"product_tag","embeddable":true,"href":"https:\/\/olemosaic.com\/fr\/wp-json\/wp\/v2\/product_tag?post=31492"}],"curies":[{"name":"wp","href":"https:\/\/api.w.org\/{rel}","templated":true}]}}