{"id":31476,"date":"2025-02-20T22:33:19","date_gmt":"2025-02-20T22:33:19","guid":{"rendered":"http:\/\/olemosaic.com\/producto\/llavero-de-madera-guitarra-2\/"},"modified":"2025-07-25T18:46:38","modified_gmt":"2025-07-25T16:46:38","slug":"porte-cles-en-bois-guitare-2","status":"publish","type":"product","link":"https:\/\/olemosaic.com\/fr\/produit\/porte-cles-en-bois-guitare-2\/","title":{"rendered":"Porte-cl\u00e9s en bois. Guitare."},"content":{"rendered":"<p>Ce porte-cl\u00e9s en bois en forme de guitare est un charmant souvenir qui capture la riche tradition musicale de l&rsquo;Espagne. Son design color\u00e9 et vibrant se distingue par la repr\u00e9sentation de fleurs et de figures, avec un style qui \u00e9voque la joie de la culture espagnole. Avec des d\u00e9tails artistiques imitant l&rsquo;art de la mosa\u00efque, ce porte-cl\u00e9s n&rsquo;est pas seulement un accessoire pratique pour vos cl\u00e9s, mais devient \u00e9galement un sujet de conversation rappelant les festivit\u00e9s et les c\u00e9l\u00e9brations qui caract\u00e9risent cette r\u00e9gion fascinante.<\/p>\n<p>La guitare est un symbole embl\u00e9matique de la musique espagnole, en particulier du flamenco, un art qui refl\u00e8te les racines et l&rsquo;\u00e2me de la culture andalouse. Ce porte-cl\u00e9s, avec son design artisanal et plein de vie, est un excellent rappel de l&rsquo;esprit festif pr\u00e9sent dans les rues de villes comme S\u00e9ville et Grenade. En acqu\u00e9rant ce porte-cl\u00e9s, les touristes n&#8217;emportent pas seulement un objet d\u00e9coratif, mais aussi un fragment de l&rsquo;essence culturelle de l&rsquo;Espagne.<\/p>\n<p>Chez Ol\u00e9 Mosaic, nous nous sp\u00e9cialisons dans la distribution de souvenirs en gros, et ce porte-cl\u00e9s guitare est une option id\u00e9ale pour les boutiques de cadeaux touristiques recherchant d&rsquo;authentiques souvenirs d&rsquo;Espagne. Parfait pour ceux qui cherchent des souvenirs qui sont plus que de simples objets, ce porte-cl\u00e9s est une pi\u00e8ce significative et color\u00e9e qui c\u00e9l\u00e8bre l&rsquo;h\u00e9ritage musical de la nation.<\/p>\n","protected":false},"excerpt":{"rendered":"<p>Porte-cl\u00e9s en bois en forme de guitare, inspir\u00e9 de la riche tradition musicale espagnole. Ce charmant porte-cl\u00e9s pr\u00e9sente un design vibrant avec des couleurs vives et des motifs \u00e9voquant l&rsquo;art de la mosa\u00efque, repr\u00e9sentant une sc\u00e8ne joyeuse avec des fleurs et des figures. Parfait pour les amateurs de musique, cet accessoire est id\u00e9al pour se souvenir de l&rsquo;esprit festif et culturel de l&rsquo;Espagne \u00e0 chaque utilisation.<\/p>\n","protected":false},"featured_media":10794,"template":"","meta":{"_acf_changed":false},"product_brand":[],"product_cat":[607],"product_tag":[],"class_list":{"0":"post-31476","1":"product","2":"type-product","3":"status-publish","4":"has-post-thumbnail","6":"product_cat-porte-cles","7":"pa_motivo-guitares","9":"first","10":"instock","11":"shipping-taxable","12":"product-type-simple"},"acf":[],"_links":{"self":[{"href":"https:\/\/olemosaic.com\/fr\/wp-json\/wp\/v2\/product\/31476","targetHints":{"allow":["GET"]}}],"collection":[{"href":"https:\/\/olemosaic.com\/fr\/wp-json\/wp\/v2\/product"}],"about":[{"href":"https:\/\/olemosaic.com\/fr\/wp-json\/wp\/v2\/types\/product"}],"wp:featuredmedia":[{"embeddable":true,"href":"https:\/\/olemosaic.com\/fr\/wp-json\/wp\/v2\/media\/10794"}],"wp:attachment":[{"href":"https:\/\/olemosaic.com\/fr\/wp-json\/wp\/v2\/media?parent=31476"}],"wp:term":[{"taxonomy":"product_brand","embeddable":true,"href":"https:\/\/olemosaic.com\/fr\/wp-json\/wp\/v2\/product_brand?post=31476"},{"taxonomy":"product_cat","embeddable":true,"href":"https:\/\/olemosaic.com\/fr\/wp-json\/wp\/v2\/product_cat?post=31476"},{"taxonomy":"product_tag","embeddable":true,"href":"https:\/\/olemosaic.com\/fr\/wp-json\/wp\/v2\/product_tag?post=31476"}],"curies":[{"name":"wp","href":"https:\/\/api.w.org\/{rel}","templated":true}]}}