{"id":31472,"date":"2025-02-20T23:33:18","date_gmt":"2025-02-20T22:33:18","guid":{"rendered":"http:\/\/olemosaic.com\/producto\/llavero-de-madera-gato-3\/"},"modified":"2025-07-25T18:41:32","modified_gmt":"2025-07-25T16:41:32","slug":"porte-cles-en-bois-chat-gaudi-3","status":"publish","type":"product","link":"https:\/\/olemosaic.com\/fr\/produit\/porte-cles-en-bois-chat-gaudi-3\/","title":{"rendered":"Porte-cl\u00e9s en bois. Chat. Gaud\u00ed."},"content":{"rendered":"<p>Ce porte-cl\u00e9s en bois en forme de chat est un souvenir d\u00e9licat et color\u00e9 qui capture l&rsquo;essence de l&rsquo;art et de la culture espagnole. Avec un design peint \u00e0 la main et une riche palette de couleurs vibrantes \u2014 rouge, bleu et jaune \u2014, ce porte-cl\u00e9s n&rsquo;est pas seulement fonctionnel, mais aussi une petite \u0153uvre d&rsquo;art qui \u00e9voque la tradition des azulejos qui ornent de nombreuses villes d&rsquo;Espagne. La repr\u00e9sentation du chat, symbole de curiosit\u00e9 et d&rsquo;ind\u00e9pendance, est entour\u00e9e de motifs complexes inspir\u00e9s des designs typiques de la c\u00e9ramique locale, cr\u00e9ant un attrait visuel qui rappelle les coins les plus embl\u00e9matiques du pays. C&rsquo;est une excellente option pour ceux qui recherchent des souvenirs authentiques refl\u00e9tant la culture et le folklore de la r\u00e9gion. Id\u00e9al pour les touristes, cet article devient un petit tr\u00e9sor qui permet d&#8217;emporter un morceau d&rsquo;Espagne chaque jour. Chez Ol\u00e9 Mosaic, en tant que grossiste de souvenirs, nous proposons des produits de haute qualit\u00e9 et d&rsquo;une grande pertinence culturelle, parfaits pour les boutiques de cadeaux touristiques souhaitant attirer leurs clients avec des pi\u00e8ces uniques et repr\u00e9sentatives. Ce porte-cl\u00e9s chat est le cadeau id\u00e9al, car il allie art et fonctionnalit\u00e9, devenant un symbole de la tradition artisanale espagnole.<\/p>\n","protected":false},"excerpt":{"rendered":"<p>Porte-cl\u00e9s en bois en forme de chat, d\u00e9cor\u00e9 de motifs color\u00e9s d&rsquo;azulejos typiques de la culture espagnole. Ce charmant porte-cl\u00e9s se distingue par son design artisanal, peint \u00e0 la main, affichant une riche palette de couleurs comme le rouge, le bleu et le jaune, \u00e9voquant la tradition artisanale de la c\u00e9ramique. La repr\u00e9sentation du chat capture l&rsquo;essence du folklore local, en faisant un souvenir parfait qui allie fonctionnalit\u00e9 et art.<\/p>\n","protected":false},"featured_media":10960,"template":"","meta":{"_acf_changed":false},"product_brand":[],"product_cat":[607],"product_tag":[530],"class_list":{"0":"post-31472","1":"product","2":"type-product","3":"status-publish","4":"has-post-thumbnail","6":"product_cat-porte-cles","7":"product_tag-animaux","8":"pa_motivo-chats","10":"first","11":"instock","12":"shipping-taxable","13":"product-type-simple"},"acf":[],"_links":{"self":[{"href":"https:\/\/olemosaic.com\/fr\/wp-json\/wp\/v2\/product\/31472","targetHints":{"allow":["GET"]}}],"collection":[{"href":"https:\/\/olemosaic.com\/fr\/wp-json\/wp\/v2\/product"}],"about":[{"href":"https:\/\/olemosaic.com\/fr\/wp-json\/wp\/v2\/types\/product"}],"wp:featuredmedia":[{"embeddable":true,"href":"https:\/\/olemosaic.com\/fr\/wp-json\/wp\/v2\/media\/10960"}],"wp:attachment":[{"href":"https:\/\/olemosaic.com\/fr\/wp-json\/wp\/v2\/media?parent=31472"}],"wp:term":[{"taxonomy":"product_brand","embeddable":true,"href":"https:\/\/olemosaic.com\/fr\/wp-json\/wp\/v2\/product_brand?post=31472"},{"taxonomy":"product_cat","embeddable":true,"href":"https:\/\/olemosaic.com\/fr\/wp-json\/wp\/v2\/product_cat?post=31472"},{"taxonomy":"product_tag","embeddable":true,"href":"https:\/\/olemosaic.com\/fr\/wp-json\/wp\/v2\/product_tag?post=31472"}],"curies":[{"name":"wp","href":"https:\/\/api.w.org\/{rel}","templated":true}]}}