{"id":31456,"date":"2025-02-20T23:33:18","date_gmt":"2025-02-20T22:33:18","guid":{"rendered":"http:\/\/olemosaic.com\/producto\/llavero-de-madera-gallo-lisboa\/"},"modified":"2025-07-25T19:37:39","modified_gmt":"2025-07-25T17:37:39","slug":"porte-cles-en-bois-coq-lisbonne","status":"publish","type":"product","link":"https:\/\/olemosaic.com\/fr\/produit\/porte-cles-en-bois-coq-lisbonne\/","title":{"rendered":"Porte-cl\u00e9s en bois. Coq. Lisbonne."},"content":{"rendered":"<p>Ce porte-cl\u00e9s en bois en forme de coq est un symbole iconique de Lisbonne, refl\u00e9tant l&rsquo;essence festive et color\u00e9e de la culture portugaise. Avec un design peint \u00e0 la main, ce porte-cl\u00e9s color\u00e9 se distingue par sa d\u00e9coration \u00e9labor\u00e9e avec des motifs vibrants de pois et de c\u0153urs qui ajoutent une touche de joie et de caract\u00e8re. La t\u00eate du coq, d&rsquo;un rouge intense, contraste merveilleusement avec son plumage brillant dans les tons bleus, jaunes et rouges, \u00e9voquant l&rsquo;ambiance chaleureuse et accueillante de la capitale portugaise.<\/p>\n<p>Au Portugal, le coq de Barcelos est un embl\u00e8me de chance et de prosp\u00e9rit\u00e9, et ce porte-cl\u00e9s capture cette connexion culturelle, devenant un souvenir parfait pour ceux qui souhaitent emporter un morceau de Lisbonne chez eux. Sa taille compacte le rend id\u00e9al tant pour un usage quotidien que pour conserver ces moments sp\u00e9ciaux que la ville offre.<\/p>\n<p>Ce porte-cl\u00e9s ne combine pas seulement fonctionnalit\u00e9 et symbolisme, mais il est aussi un cadeau repr\u00e9sentatif qui sert de souvenir authentique du Portugal. Chez Ol\u00e9 Mosaic, nous sommes sp\u00e9cialistes de la distribution de souvenirs en gros, offrant des produits uniques qui c\u00e9l\u00e8brent l&rsquo;h\u00e9ritage culturel de chaque r\u00e9gion. Un porte-cl\u00e9s coq de Lisbonne comme celui-ci est une excellente option pour les boutiques de cadeaux touristiques, qui recherchent des produits authentiques et d&rsquo;un grand attrait pour les touristes.<\/p>\n","protected":false},"excerpt":{"rendered":"<p>Porte-cl\u00e9s en bois en forme de coq, un symbole embl\u00e9matique de Lisbonne. Ce porte-cl\u00e9s color\u00e9, d\u00e9cor\u00e9 de joyeux motifs de pois et de c\u0153urs, refl\u00e8te l&rsquo;esprit festif de la culture portugaise. Son design artisanal, peint \u00e0 la main, se distingue par sa t\u00eate rouge et un plumage brillant dans les tons bleus, jaunes et rouges. C&rsquo;est un souvenir id\u00e9al qui combine fonctionnalit\u00e9 et symbolisme, ce qui en fait le cadeau parfait pour \u00e9voquer l&rsquo;essence de Lisbonne.<\/p>\n","protected":false},"featured_media":10786,"template":"","meta":{"_acf_changed":false},"product_brand":[],"product_cat":[607],"product_tag":[530],"class_list":{"0":"post-31456","1":"product","2":"type-product","3":"status-publish","4":"has-post-thumbnail","6":"product_cat-porte-cles","7":"product_tag-animaux","8":"pa_ciudad-lisboa","9":"pa_motivo-coqs","10":"pa_pais-portugal","12":"first","13":"instock","14":"shipping-taxable","15":"product-type-simple"},"acf":[],"_links":{"self":[{"href":"https:\/\/olemosaic.com\/fr\/wp-json\/wp\/v2\/product\/31456","targetHints":{"allow":["GET"]}}],"collection":[{"href":"https:\/\/olemosaic.com\/fr\/wp-json\/wp\/v2\/product"}],"about":[{"href":"https:\/\/olemosaic.com\/fr\/wp-json\/wp\/v2\/types\/product"}],"wp:featuredmedia":[{"embeddable":true,"href":"https:\/\/olemosaic.com\/fr\/wp-json\/wp\/v2\/media\/10786"}],"wp:attachment":[{"href":"https:\/\/olemosaic.com\/fr\/wp-json\/wp\/v2\/media?parent=31456"}],"wp:term":[{"taxonomy":"product_brand","embeddable":true,"href":"https:\/\/olemosaic.com\/fr\/wp-json\/wp\/v2\/product_brand?post=31456"},{"taxonomy":"product_cat","embeddable":true,"href":"https:\/\/olemosaic.com\/fr\/wp-json\/wp\/v2\/product_cat?post=31456"},{"taxonomy":"product_tag","embeddable":true,"href":"https:\/\/olemosaic.com\/fr\/wp-json\/wp\/v2\/product_tag?post=31456"}],"curies":[{"name":"wp","href":"https:\/\/api.w.org\/{rel}","templated":true}]}}