{"id":31453,"date":"2025-02-20T22:33:18","date_gmt":"2025-02-20T22:33:18","guid":{"rendered":"http:\/\/olemosaic.com\/producto\/llavero-de-madera-gallo\/"},"modified":"2025-07-25T19:32:53","modified_gmt":"2025-07-25T17:32:53","slug":"porte-cles-en-bois-coq","status":"publish","type":"product","link":"https:\/\/olemosaic.com\/fr\/produit\/porte-cles-en-bois-coq\/","title":{"rendered":"Porte-cl\u00e9s en bois. Coq."},"content":{"rendered":"<p>Ce porte-cl\u00e9s en bois en forme de coq est un symbole authentique de la culture portugaise, con\u00e7u pour capturer l&rsquo;essence de la tradition et de l&rsquo;art du Portugal. Avec une gamme de couleurs vibrantes incluant des rouges, des bleus, des verts et des jaunes, ce porte-cl\u00e9s n&rsquo;est pas seulement fonctionnel, mais aussi une pi\u00e8ce d&rsquo;art qui se distingue par son attrait visuel. La technique de d\u00e9coupe pr\u00e9cise utilis\u00e9e dans sa fabrication souligne d\u00e9licatement les textures des plumes, donnant vie et mouvement \u00e0 ce coq embl\u00e9matique. La finition noire apporte une touche contemporaine qui contraste avec la chaleur des couleurs, rendant chaque cl\u00e9 qu&rsquo;il d\u00e9core sp\u00e9ciale.<\/p>\n<p>Le coq, connu pour sa connexion avec l&rsquo;histoire et le folklore portugais, est un symbole de chance et repr\u00e9sente la joie et l&rsquo;authenticit\u00e9 du pays. Ce porte-cl\u00e9s n&rsquo;est donc pas seulement un accessoire, mais un rappel tangible des traditions portugaises que les touristes souhaitent emporter avec eux.<\/p>\n<p>Chez Ol\u00e9 Mosaic, nous reconnaissons l&rsquo;importance des souvenirs authentiques qui connectent les touristes \u00e0 leur exp\u00e9rience. Ce porte-cl\u00e9s coq est une excellente option pour les boutiques de cadeaux touristiques qui recherchent des produits de qualit\u00e9 et de pertinence culturelle. En tant que grossiste de souvenirs, nous garantissons l&rsquo;authenticit\u00e9 et le design attrayant de chaque article.<\/p>\n","protected":false},"excerpt":{"rendered":"<p>Porte-cl\u00e9s en bois en forme de coq, un symbole iconique du Portugal. Ce porte-cl\u00e9s color\u00e9 se distingue par son design vibrant, avec une joyeuse combinaison de couleurs dans les tons rouges, bleus, verts et jaunes, inspir\u00e9s de la c\u00e9ramique portugaise traditionnelle. La technique de d\u00e9coupe pr\u00e9cise souligne les textures des plumes, et la finition noire lui donne une touche moderne. Un souvenir parfait pour se rappeler la culture portugaise de mani\u00e8re pratique et attrayante.<\/p>\n","protected":false},"featured_media":10625,"template":"","meta":{"_acf_changed":false},"product_brand":[],"product_cat":[607],"product_tag":[530],"class_list":{"0":"post-31453","1":"product","2":"type-product","3":"status-publish","4":"has-post-thumbnail","6":"product_cat-porte-cles","7":"product_tag-animaux","8":"pa_motivo-coqs","10":"first","11":"instock","12":"shipping-taxable","13":"product-type-simple"},"acf":[],"_links":{"self":[{"href":"https:\/\/olemosaic.com\/fr\/wp-json\/wp\/v2\/product\/31453","targetHints":{"allow":["GET"]}}],"collection":[{"href":"https:\/\/olemosaic.com\/fr\/wp-json\/wp\/v2\/product"}],"about":[{"href":"https:\/\/olemosaic.com\/fr\/wp-json\/wp\/v2\/types\/product"}],"wp:featuredmedia":[{"embeddable":true,"href":"https:\/\/olemosaic.com\/fr\/wp-json\/wp\/v2\/media\/10625"}],"wp:attachment":[{"href":"https:\/\/olemosaic.com\/fr\/wp-json\/wp\/v2\/media?parent=31453"}],"wp:term":[{"taxonomy":"product_brand","embeddable":true,"href":"https:\/\/olemosaic.com\/fr\/wp-json\/wp\/v2\/product_brand?post=31453"},{"taxonomy":"product_cat","embeddable":true,"href":"https:\/\/olemosaic.com\/fr\/wp-json\/wp\/v2\/product_cat?post=31453"},{"taxonomy":"product_tag","embeddable":true,"href":"https:\/\/olemosaic.com\/fr\/wp-json\/wp\/v2\/product_tag?post=31453"}],"curies":[{"name":"wp","href":"https:\/\/api.w.org\/{rel}","templated":true}]}}