{"id":31440,"date":"2025-02-20T23:33:17","date_gmt":"2025-02-20T22:33:17","guid":{"rendered":"http:\/\/olemosaic.com\/producto\/llavero-de-madera-elefante-3\/"},"modified":"2025-07-25T20:30:04","modified_gmt":"2025-07-25T18:30:04","slug":"porte-cles-en-bois-elephant-3","status":"publish","type":"product","link":"https:\/\/olemosaic.com\/fr\/produit\/porte-cles-en-bois-elephant-3\/","title":{"rendered":"Porte-cl\u00e9s en bois. \u00c9l\u00e9phant. C\u00e9ramique espagnole."},"content":{"rendered":"<p>Ce porte-cl\u00e9s en bois en forme d&rsquo;\u00e9l\u00e9phant est une pi\u00e8ce charmante qui capture l&rsquo;essence culturelle et artistique de la tradition m\u00e9diterran\u00e9enne. D\u00e9cor\u00e9 d&rsquo;une mosa\u00efque vibrante de couleurs, son design \u00e9voque les c\u00e9ramiques color\u00e9es typiques de l&rsquo;Espagne, refl\u00e9tant la diversit\u00e9 et la joie qui caract\u00e9risent la culture locale. Avec des d\u00e9tails en rouge, bleu, jaune et vert, chaque tonalit\u00e9 ressort sur le fond clair, cr\u00e9ant un effet visuel attrayant pour les touristes et les collectionneurs de souvenirs.<\/p>\n<p>La figure de l&rsquo;\u00e9l\u00e9phant, qui symbolise la force, la sagesse et la bonne chance, en fait un cadeau sp\u00e9cial pour ceux qui recherchent plus qu&rsquo;un simple porte-cl\u00e9s : c&rsquo;est un souvenir qui encapsule des moments v\u00e9cus lors de voyages et d&rsquo;aventures. L&rsquo;artisanat de ce porte-cl\u00e9s souligne son authenticit\u00e9 en tant que souvenir typique, id\u00e9al pour les voyageurs souhaitant emporter un petit morceau d&rsquo;Espagne avec eux.<\/p>\n<p>Chez Ol\u00e9 Mosaic, nous nous consacrons \u00e0 la distribution de souvenirs en gros, offrant des pi\u00e8ces uniques qui c\u00e9l\u00e8brent l&rsquo;h\u00e9ritage culturel de la r\u00e9gion. Ce porte-cl\u00e9s \u00e9l\u00e9phant est une excellente option pour les boutiques de cadeaux touristiques \u00e0 la recherche de produits authentiques et de qualit\u00e9. En tant que grossistes de porte-cl\u00e9s, nous garantissons que chaque pi\u00e8ce est, en plus d&rsquo;\u00eatre fonctionnelle, une v\u00e9ritable repr\u00e9sentation de l&rsquo;art et du design espagnols.<\/p>\n","protected":false},"excerpt":{"rendered":"<p>Porte-cl\u00e9s en bois en forme d&rsquo;\u00e9l\u00e9phant, d\u00e9cor\u00e9 d&rsquo;une mosa\u00efque vibrante de couleurs \u00e9voquant la c\u00e9ramique traditionnelle espagnole. Ce porte-cl\u00e9s, repr\u00e9sentation artistique et amusante, pr\u00e9sente des d\u00e9tails en rouge, bleu, jaune et vert qui ressortent sur le fond clair. Id\u00e9al pour porter ses cl\u00e9s ou comme cadeau, il combine fonctionnalit\u00e9 et design unique capturant l&rsquo;essence de la culture m\u00e9diterran\u00e9enne.<\/p>\n","protected":false},"featured_media":10991,"template":"","meta":{"_acf_changed":false},"product_brand":[],"product_cat":[607],"product_tag":[530],"class_list":{"0":"post-31440","1":"product","2":"type-product","3":"status-publish","4":"has-post-thumbnail","6":"product_cat-porte-cles","7":"product_tag-animaux","8":"pa_motivo-elephants","10":"first","11":"instock","12":"shipping-taxable","13":"product-type-simple"},"acf":[],"_links":{"self":[{"href":"https:\/\/olemosaic.com\/fr\/wp-json\/wp\/v2\/product\/31440","targetHints":{"allow":["GET"]}}],"collection":[{"href":"https:\/\/olemosaic.com\/fr\/wp-json\/wp\/v2\/product"}],"about":[{"href":"https:\/\/olemosaic.com\/fr\/wp-json\/wp\/v2\/types\/product"}],"wp:featuredmedia":[{"embeddable":true,"href":"https:\/\/olemosaic.com\/fr\/wp-json\/wp\/v2\/media\/10991"}],"wp:attachment":[{"href":"https:\/\/olemosaic.com\/fr\/wp-json\/wp\/v2\/media?parent=31440"}],"wp:term":[{"taxonomy":"product_brand","embeddable":true,"href":"https:\/\/olemosaic.com\/fr\/wp-json\/wp\/v2\/product_brand?post=31440"},{"taxonomy":"product_cat","embeddable":true,"href":"https:\/\/olemosaic.com\/fr\/wp-json\/wp\/v2\/product_cat?post=31440"},{"taxonomy":"product_tag","embeddable":true,"href":"https:\/\/olemosaic.com\/fr\/wp-json\/wp\/v2\/product_tag?post=31440"}],"curies":[{"name":"wp","href":"https:\/\/api.w.org\/{rel}","templated":true}]}}