{"id":31433,"date":"2025-02-20T23:33:16","date_gmt":"2025-02-20T22:33:16","guid":{"rendered":"http:\/\/olemosaic.com\/producto\/llavero-de-madera-camino-de-santiago-3\/"},"modified":"2025-07-25T19:55:58","modified_gmt":"2025-07-25T17:55:58","slug":"porte-cles-en-bois-chemin-de-compostelle-3","status":"publish","type":"product","link":"https:\/\/olemosaic.com\/fr\/produit\/porte-cles-en-bois-chemin-de-compostelle-3\/","title":{"rendered":"Porte-cl\u00e9s en bois. Chemin de Compostelle. Croix du p\u00e8lerin."},"content":{"rendered":"<p>Ce porte-cl\u00e9s en bois en forme de coquille est un souvenir vibrant et embl\u00e9matique du Chemin de Compostelle, l&rsquo;une des routes de p\u00e8lerinage les plus c\u00e9l\u00e8bres et importantes d&rsquo;Europe. Son design se distingue par une \u00e9l\u00e9gante combinaison de couleurs jaune, orange et rouge, \u00e9voquant les paysages vibrants que les p\u00e8lerins d\u00e9couvrent tout au long du chemin. Au centre, la croix du p\u00e8lerin, symbole de la route, est pr\u00e9sent\u00e9e de mani\u00e8re stylis\u00e9e, ajoutant une touche de profondeur visuelle et spirituelle \u00e0 l&rsquo;objet. Fabriqu\u00e9 en bois, ce porte-cl\u00e9s garantit durabilit\u00e9 et r\u00e9sistance, devenant un accessoire id\u00e9al pour vos cl\u00e9s, sac \u00e0 dos ou sac, vous assurant de toujours porter avec vous une partie de cette travers\u00e9e historique.<\/p>\n<p>En plus de sa fonctionnalit\u00e9, ce porte-cl\u00e9s est une pi\u00e8ce artistique qui rehausse toute collection de souvenirs, faisant allusion \u00e0 la riche culture du Chemin de Compostelle et \u00e0 sa connexion avec l&rsquo;histoire et la tradition de l&rsquo;Espagne. Chaque coquille symbolise le voyage, l&rsquo;introspection et l&rsquo;aventure, \u00e9tant un cadeau parfait pour ceux qui ont parcouru les routes ou souhaitent simplement se souvenir de son charme. Chez Ol\u00e9 Mosaic, nous proposons ce porte-cl\u00e9s de mani\u00e8re accessible et authentique, id\u00e9al pour les boutiques de cadeaux touristiques \u00e0 la recherche d&rsquo;articles repr\u00e9sentatifs et pleins de sens. Avec notre approche de distribution de souvenirs en gros, nous garantissons la qualit\u00e9 et l&rsquo;originalit\u00e9 de chaque pi\u00e8ce du Chemin de Compostelle.<\/p>\n","protected":false},"excerpt":{"rendered":"<p>Porte-cl\u00e9s en bois en forme de coquille, inspir\u00e9 du Chemin de Compostelle. Ce porte-cl\u00e9s attrayant pr\u00e9sente un design vibrant, avec une combinaison de couleurs jaune, orange et rouge qui met en valeur la croix du p\u00e8lerin au centre. Sa structure en bois garantit la durabilit\u00e9, tandis que les d\u00e9tails stylis\u00e9s apportent une touche artistique. Parfait pour se souvenir du chemin embl\u00e9matique et ajouter une touche d\u00e9corative \u00e0 vos cl\u00e9s ou sac \u00e0 dos.<\/p>\n","protected":false},"featured_media":10802,"template":"","meta":{"_acf_changed":false},"product_brand":[],"product_cat":[607],"product_tag":[],"class_list":{"0":"post-31433","1":"product","2":"type-product","3":"status-publish","4":"has-post-thumbnail","6":"product_cat-porte-cles","7":"pa_ciudad-santiago-de-compostela","8":"pa_pais-espana","10":"first","11":"instock","12":"shipping-taxable","13":"product-type-simple"},"acf":[],"_links":{"self":[{"href":"https:\/\/olemosaic.com\/fr\/wp-json\/wp\/v2\/product\/31433","targetHints":{"allow":["GET"]}}],"collection":[{"href":"https:\/\/olemosaic.com\/fr\/wp-json\/wp\/v2\/product"}],"about":[{"href":"https:\/\/olemosaic.com\/fr\/wp-json\/wp\/v2\/types\/product"}],"wp:featuredmedia":[{"embeddable":true,"href":"https:\/\/olemosaic.com\/fr\/wp-json\/wp\/v2\/media\/10802"}],"wp:attachment":[{"href":"https:\/\/olemosaic.com\/fr\/wp-json\/wp\/v2\/media?parent=31433"}],"wp:term":[{"taxonomy":"product_brand","embeddable":true,"href":"https:\/\/olemosaic.com\/fr\/wp-json\/wp\/v2\/product_brand?post=31433"},{"taxonomy":"product_cat","embeddable":true,"href":"https:\/\/olemosaic.com\/fr\/wp-json\/wp\/v2\/product_cat?post=31433"},{"taxonomy":"product_tag","embeddable":true,"href":"https:\/\/olemosaic.com\/fr\/wp-json\/wp\/v2\/product_tag?post=31433"}],"curies":[{"name":"wp","href":"https:\/\/api.w.org\/{rel}","templated":true}]}}