{"id":31432,"date":"2025-02-20T23:33:16","date_gmt":"2025-02-20T22:33:16","guid":{"rendered":"http:\/\/olemosaic.com\/producto\/llavero-de-madera-caballito-de-mar-2\/"},"modified":"2025-07-25T20:24:54","modified_gmt":"2025-07-25T18:24:54","slug":"porte-cles-en-bois-hippocampe-2","status":"publish","type":"product","link":"https:\/\/olemosaic.com\/fr\/produit\/porte-cles-en-bois-hippocampe-2\/","title":{"rendered":"Porte-cl\u00e9s en bois. Hippocampe. Style marin."},"content":{"rendered":"<p>Ce porte-cl\u00e9s en bois en forme d&rsquo;hippocampe est un souvenir attrayant qui capture la beaut\u00e9 et le dynamisme de l&rsquo;environnement marin. M\u00e9ticuleusement con\u00e7u avec une mosa\u00efque de couleurs vibrantes, le porte-cl\u00e9s pr\u00e9sente une \u0153uvre artisanale \u00e0 l&rsquo;effet peint \u00e0 la main qui saisit l&rsquo;essence des fonds marins, offrant un design plein de vie. Les couleurs vert, bleu, rouge et jaune se combinent harmonieusement, cr\u00e9ant un effet visuel captivant qui transporte ceux qui le voient vers les eaux chaudes de la c\u00f4te espagnole. La forme distinctive de l&rsquo;hippocampe, embl\u00e9matique des \u00e9cosyst\u00e8mes marins, ne sert pas seulement d&rsquo;accessoire pour les cl\u00e9s, mais aussi de souvenir \u00e9vocateur de la richesse naturelle du littoral.<\/p>\n<p>Ce porte-cl\u00e9s est une excellente option pour les touristes \u00e0 la recherche de souvenirs authentiques et repr\u00e9sentatifs de leur exp\u00e9rience en Espagne. La connexion culturelle de l&rsquo;hippocampe r\u00e9side dans son symbolisme de s\u00e9r\u00e9nit\u00e9 et de cr\u00e9ativit\u00e9, en faisant un objet d&rsquo;admiration et de d\u00e9sir. Chez Ol\u00e9 Mosaic, nous proposons des porte-cl\u00e9s en bois de haute qualit\u00e9, parfaits pour les boutiques de cadeaux touristiques souhaitant offrir des articles distinctifs. Ce porte-cl\u00e9s n&rsquo;ajoute pas seulement une touche artistique et originale aux cl\u00e9s ; il repr\u00e9sente \u00e9galement un morceau de la culture c\u00f4ti\u00e8re espagnole, id\u00e9al pour ceux qui souhaitent emporter un souvenir significatif.<\/p>\n","protected":false},"excerpt":{"rendered":"<p>Porte-cl\u00e9s en bois en forme d&rsquo;hippocampe, d\u00e9cor\u00e9 d&rsquo;une mosa\u00efque de couleurs vibrantes qui capture l&rsquo;essence de l&rsquo;environnement marin. Ce porte-cl\u00e9s attrayant pr\u00e9sente un design artisanal, peint \u00e0 la main, avec des d\u00e9tails en vert, bleu, rouge et jaune \u00e9voquant le fond de la mer. Id\u00e9al comme souvenir de la c\u00f4te espagnole, il ajoute une touche artistique et distinctive \u00e0 vos cl\u00e9s gr\u00e2ce \u00e0 son originalit\u00e9 et son charme.<\/p>\n","protected":false},"featured_media":10782,"template":"","meta":{"_acf_changed":false},"product_brand":[],"product_cat":[607],"product_tag":[530],"class_list":{"0":"post-31432","1":"product","2":"type-product","3":"status-publish","4":"has-post-thumbnail","6":"product_cat-porte-cles","7":"product_tag-animaux","8":"pa_motivo-hippocampes","10":"first","11":"instock","12":"shipping-taxable","13":"product-type-simple"},"acf":[],"_links":{"self":[{"href":"https:\/\/olemosaic.com\/fr\/wp-json\/wp\/v2\/product\/31432","targetHints":{"allow":["GET"]}}],"collection":[{"href":"https:\/\/olemosaic.com\/fr\/wp-json\/wp\/v2\/product"}],"about":[{"href":"https:\/\/olemosaic.com\/fr\/wp-json\/wp\/v2\/types\/product"}],"wp:featuredmedia":[{"embeddable":true,"href":"https:\/\/olemosaic.com\/fr\/wp-json\/wp\/v2\/media\/10782"}],"wp:attachment":[{"href":"https:\/\/olemosaic.com\/fr\/wp-json\/wp\/v2\/media?parent=31432"}],"wp:term":[{"taxonomy":"product_brand","embeddable":true,"href":"https:\/\/olemosaic.com\/fr\/wp-json\/wp\/v2\/product_brand?post=31432"},{"taxonomy":"product_cat","embeddable":true,"href":"https:\/\/olemosaic.com\/fr\/wp-json\/wp\/v2\/product_cat?post=31432"},{"taxonomy":"product_tag","embeddable":true,"href":"https:\/\/olemosaic.com\/fr\/wp-json\/wp\/v2\/product_tag?post=31432"}],"curies":[{"name":"wp","href":"https:\/\/api.w.org\/{rel}","templated":true}]}}