{"id":31426,"date":"2025-02-20T23:33:16","date_gmt":"2025-02-20T22:33:16","guid":{"rendered":"http:\/\/olemosaic.com\/producto\/llavero-de-madera-buho-2\/"},"modified":"2025-07-25T19:15:52","modified_gmt":"2025-07-25T17:15:52","slug":"porte-cles-en-bois-hibou-2","status":"publish","type":"product","link":"https:\/\/olemosaic.com\/fr\/produit\/porte-cles-en-bois-hibou-2\/","title":{"rendered":"Porte-cl\u00e9s en bois. Hibou. Motif floral."},"content":{"rendered":"<p>Ce porte-cl\u00e9s en bois en forme de hibou est une pi\u00e8ce charmante qui capture l&rsquo;essence de l&rsquo;art traditionnel espagnol. Con\u00e7u avec soin, il pr\u00e9sente un hibou d\u00e9cor\u00e9 de motifs floraux vibrants dans des tons rouges, bleus et jaunes, peints \u00e0 la main, ce qui le rend attrayant et unique. Les motifs complexes qui ornent son corps \u00e9voquent le riche h\u00e9ritage culturel ib\u00e9rique, transformant un objet quotidien en un authentique souvenir qui rend hommage aux traditions artistiques de l&rsquo;Espagne.<\/p>\n<p>Le hibou, symbole de sagesse et de protection, a \u00e9t\u00e9 int\u00e9gr\u00e9 dans de multiples l\u00e9gendes et le folklore ib\u00e9rique, ajoutant une valeur culturelle \u00e0 ce souvenir. Id\u00e9al comme cadeau ou pour un usage personnel, ce porte-cl\u00e9s n&rsquo;est pas seulement pratique, il est aussi une expression de la diversit\u00e9 culturelle que l&rsquo;on trouve dans chaque recoin de la p\u00e9ninsule.<\/p>\n<p>Chez Ol\u00e9 Mosaic, nous proposons ce porte-cl\u00e9s hibou en bois dans le cadre de notre gamme exclusive de souvenirs. Notre sp\u00e9cialisation dans la distribution d&rsquo;articles de qualit\u00e9 en gros garantit que chaque pi\u00e8ce que nous proposons est un reflet authentique du patrimoine espagnol. Ce porte-cl\u00e9s est un ajout parfait pour les boutiques de cadeaux touristiques \u00e0 la recherche d&rsquo;articles v\u00e9ritablement repr\u00e9sentatifs et charg\u00e9s d&rsquo;histoire.<\/p>\n","protected":false},"excerpt":{"rendered":"<p>Porte-cl\u00e9s en bois en forme de hibou, d\u00e9cor\u00e9 de motifs color\u00e9s \u00e9voquant l&rsquo;art traditionnel espagnol. Ce porte-cl\u00e9s attrayant pr\u00e9sente un design artisanal, peint \u00e0 la main, avec des motifs floraux dans des tons vibrants de rouge, bleu et jaune qui font ressortir la figure du hibou. Id\u00e9al comme souvenir ou cadeau, il capture l&rsquo;essence du folklore et de la culture ib\u00e9rique dans un format pratique et charmant.<\/p>\n","protected":false},"featured_media":10964,"template":"","meta":{"_acf_changed":false},"product_brand":[],"product_cat":[607],"product_tag":[530],"class_list":{"0":"post-31426","1":"product","2":"type-product","3":"status-publish","4":"has-post-thumbnail","6":"product_cat-porte-cles","7":"product_tag-animaux","8":"pa_motivo-hiboux","10":"first","11":"instock","12":"shipping-taxable","13":"product-type-simple"},"acf":[],"_links":{"self":[{"href":"https:\/\/olemosaic.com\/fr\/wp-json\/wp\/v2\/product\/31426","targetHints":{"allow":["GET"]}}],"collection":[{"href":"https:\/\/olemosaic.com\/fr\/wp-json\/wp\/v2\/product"}],"about":[{"href":"https:\/\/olemosaic.com\/fr\/wp-json\/wp\/v2\/types\/product"}],"wp:featuredmedia":[{"embeddable":true,"href":"https:\/\/olemosaic.com\/fr\/wp-json\/wp\/v2\/media\/10964"}],"wp:attachment":[{"href":"https:\/\/olemosaic.com\/fr\/wp-json\/wp\/v2\/media?parent=31426"}],"wp:term":[{"taxonomy":"product_brand","embeddable":true,"href":"https:\/\/olemosaic.com\/fr\/wp-json\/wp\/v2\/product_brand?post=31426"},{"taxonomy":"product_cat","embeddable":true,"href":"https:\/\/olemosaic.com\/fr\/wp-json\/wp\/v2\/product_cat?post=31426"},{"taxonomy":"product_tag","embeddable":true,"href":"https:\/\/olemosaic.com\/fr\/wp-json\/wp\/v2\/product_tag?post=31426"}],"curies":[{"name":"wp","href":"https:\/\/api.w.org\/{rel}","templated":true}]}}