{"id":31423,"date":"2025-02-20T23:33:15","date_gmt":"2025-02-20T22:33:15","guid":{"rendered":"http:\/\/olemosaic.com\/producto\/llavero-de-madera-camino-de-santiago-2\/"},"modified":"2025-07-25T18:49:30","modified_gmt":"2025-07-25T16:49:30","slug":"porte-cles-en-bois-chemin-de-saint-jacques-2","status":"publish","type":"product","link":"https:\/\/olemosaic.com\/fr\/produit\/porte-cles-en-bois-chemin-de-saint-jacques-2\/","title":{"rendered":"Porte-cl\u00e9s en bois. Chemin de Saint-Jacques. Galice."},"content":{"rendered":"<p>Ce porte-cl\u00e9s en bois, d\u00e9cor\u00e9 d&rsquo;illustrations color\u00e9es du Chemin de Saint-Jacques, est une pi\u00e8ce charmante qui capture l&rsquo;essence de l&rsquo;un des itin\u00e9raires les plus embl\u00e9matiques d&rsquo;Espagne. Avec un design vibrant, le porte-cl\u00e9s pr\u00e9sente des \u00e9l\u00e9ments iconiques tels que la majestueuse cath\u00e9drale de Saint-Jacques, un p\u00e8lerin v\u00eatu de son chapeau caract\u00e9ristique et d&rsquo;autres d\u00e9tails \u00e9voquant le magnifique paysage galicien. Chaque \u00e9l\u00e9ment graphique est soigneusement \u00e9labor\u00e9, offrant une finition brillante et pleine de nuances qui font ressortir ce souvenir instantan\u00e9ment.<\/p>\n<p>Le porte-cl\u00e9s n&rsquo;est pas seulement un accessoire pratique pour les cl\u00e9s, mais aussi un souvenir significatif des exp\u00e9riences v\u00e9cues sur le Chemin, un parcours qui symbolise la spiritualit\u00e9 et la tradition culturelle pour de nombreux Espagnols et touristes. Son design joyeux et color\u00e9 en fait un cadeau id\u00e9al pour ceux qui souhaitent emporter avec eux un morceau de cette tradition mill\u00e9naire.<\/p>\n<p>Chez Ol\u00e9 Mosaic, nous nous sp\u00e9cialisons dans la distribution de souvenirs en gros, et ce porte-cl\u00e9s en bois est une excellente option pour les boutiques de cadeaux touristiques cherchant \u00e0 offrir des produits authentiques et culturellement enrichissants. C&rsquo;est sans aucun doute un souvenir parfait pour se souvenir de chaque \u00e9tape de ce voyage magique.<\/p>\n","protected":false},"excerpt":{"rendered":"<p>Porte-cl\u00e9s en bois d\u00e9cor\u00e9 d&rsquo;illustrations color\u00e9es du Chemin de Saint-Jacques, repr\u00e9sentant des \u00e9l\u00e9ments iconiques tels que la cath\u00e9drale de Saint-Jacques et un p\u00e8lerin avec son chapeau. Ce porte-cl\u00e9s attrayant, qui souligne l&rsquo;essence de la c\u00e9l\u00e8bre route, b\u00e9n\u00e9ficie d&rsquo;une finition aux tons vibrants et de d\u00e9tails graphiques \u00e9voquant le paysage galicien. C&rsquo;est la pi\u00e8ce parfaite pour se souvenir de chaque pas du chemin ou comme cadeau pour les amoureux des traditions espagnoles.<\/p>\n","protected":false},"featured_media":10801,"template":"","meta":{"_acf_changed":false},"product_brand":[],"product_cat":[607],"product_tag":[],"class_list":{"0":"post-31423","1":"product","2":"type-product","3":"status-publish","4":"has-post-thumbnail","6":"product_cat-porte-cles","7":"pa_ciudad-santiago-de-compostela","8":"pa_pais-espana","10":"first","11":"instock","12":"shipping-taxable","13":"product-type-simple"},"acf":[],"_links":{"self":[{"href":"https:\/\/olemosaic.com\/fr\/wp-json\/wp\/v2\/product\/31423","targetHints":{"allow":["GET"]}}],"collection":[{"href":"https:\/\/olemosaic.com\/fr\/wp-json\/wp\/v2\/product"}],"about":[{"href":"https:\/\/olemosaic.com\/fr\/wp-json\/wp\/v2\/types\/product"}],"wp:featuredmedia":[{"embeddable":true,"href":"https:\/\/olemosaic.com\/fr\/wp-json\/wp\/v2\/media\/10801"}],"wp:attachment":[{"href":"https:\/\/olemosaic.com\/fr\/wp-json\/wp\/v2\/media?parent=31423"}],"wp:term":[{"taxonomy":"product_brand","embeddable":true,"href":"https:\/\/olemosaic.com\/fr\/wp-json\/wp\/v2\/product_brand?post=31423"},{"taxonomy":"product_cat","embeddable":true,"href":"https:\/\/olemosaic.com\/fr\/wp-json\/wp\/v2\/product_cat?post=31423"},{"taxonomy":"product_tag","embeddable":true,"href":"https:\/\/olemosaic.com\/fr\/wp-json\/wp\/v2\/product_tag?post=31423"}],"curies":[{"name":"wp","href":"https:\/\/api.w.org\/{rel}","templated":true}]}}