{"id":31391,"date":"2025-02-20T23:33:15","date_gmt":"2025-02-20T22:33:15","guid":{"rendered":"http:\/\/olemosaic.com\/producto\/llavero-de-madera-panoramica-sevilla\/"},"modified":"2025-07-25T18:41:02","modified_gmt":"2025-07-25T16:41:02","slug":"porte-cles-en-bois-panoramique-seville","status":"publish","type":"product","link":"https:\/\/olemosaic.com\/fr\/produit\/porte-cles-en-bois-panoramique-seville\/","title":{"rendered":"Porte-cl\u00e9s en bois. Panoramique. S\u00e9ville."},"content":{"rendered":"<p>Ce porte-cl\u00e9s en bois, avec une vue panoramique vibrante de S\u00e9ville, est le souvenir id\u00e9al pour ceux qui souhaitent emporter avec eux un morceau de l&rsquo;histoire andalouse. Son design met en valeur la majest\u00e9 des monuments embl\u00e9matiques de la ville, comme l&rsquo;imposante Giralda, entour\u00e9e de palmiers qui \u00e9voquent l&rsquo;atmosph\u00e8re chaleureuse du sud de l&rsquo;Espagne. L&rsquo;illustration, riche en couleurs, capture l&rsquo;essence de S\u00e9ville, avec un soleil radieux qui apporte une touche de joie et de chaleur. Dans la partie inf\u00e9rieure, le mot \u00ab\u00a0S\u00c9VILLE\u00a0\u00bb appara\u00eet en lettres joyeuses et multicolores, faisant \u00e9cho \u00e0 l&rsquo;esprit festif de la ville.<\/p>\n<p>Fabriqu\u00e9 en bois de haute qualit\u00e9, ce porte-cl\u00e9s n&rsquo;est pas seulement un article fonctionnel, mais aussi un souvenir authentique qui refl\u00e8te la culture et la tradition andalouses. Parfait pour les touristes qui cherchent des souvenirs repr\u00e9sentatifs, ce porte-cl\u00e9s est une petite \u0153uvre d&rsquo;art qui renferme la beaut\u00e9 et le charme de S\u00e9ville dans un format portable.<\/p>\n<p>Chez Ol\u00e9 Mosaic, nous sommes experts dans la distribution de souvenirs en gros, offrant des produits de qualit\u00e9 qui c\u00e9l\u00e8brent la richesse culturelle de l&rsquo;Espagne. Ce porte-cl\u00e9s en bois est une excellente option pour les boutiques de cadeaux touristiques qui souhaitent offrir des articles authentiques et m\u00e9morables. Avec son design attrayant et sa pertinence culturelle, ce porte-cl\u00e9s de S\u00e9ville captivera tous ceux qui l&rsquo;ach\u00e8teront.<\/p>\n","protected":false},"excerpt":{"rendered":"<p>Porte-cl\u00e9s en bois avec une vue panoramique vibrante de S\u00e9ville, mettant en valeur la majest\u00e9 de ses monuments embl\u00e9matiques. Ce porte-cl\u00e9s frappant pr\u00e9sente une illustration color\u00e9e de la ville, avec des d\u00e9tails de la Giralda et des palmiers, et un soleil radieux qui apporte de la chaleur. D\u00e9cor\u00e9 du mot \u00ab\u00a0S\u00c9VILLE\u00a0\u00bb en lettres joyeuses et multicolores, c&rsquo;est le souvenir parfait pour emporter avec vous l&rsquo;essence de cette ville andalouse historique. Id\u00e9al pour avoir un souvenir sp\u00e9cial toujours \u00e0 port\u00e9e de main.<\/p>\n","protected":false},"featured_media":10797,"template":"","meta":{"_acf_changed":false},"product_brand":[],"product_cat":[607],"product_tag":[],"class_list":{"0":"post-31391","1":"product","2":"type-product","3":"status-publish","4":"has-post-thumbnail","6":"product_cat-porte-cles","7":"pa_ciudad-sevilla","8":"pa_motivo-panoramas","9":"pa_pais-espana","11":"first","12":"instock","13":"shipping-taxable","14":"product-type-simple"},"acf":[],"_links":{"self":[{"href":"https:\/\/olemosaic.com\/fr\/wp-json\/wp\/v2\/product\/31391","targetHints":{"allow":["GET"]}}],"collection":[{"href":"https:\/\/olemosaic.com\/fr\/wp-json\/wp\/v2\/product"}],"about":[{"href":"https:\/\/olemosaic.com\/fr\/wp-json\/wp\/v2\/types\/product"}],"wp:featuredmedia":[{"embeddable":true,"href":"https:\/\/olemosaic.com\/fr\/wp-json\/wp\/v2\/media\/10797"}],"wp:attachment":[{"href":"https:\/\/olemosaic.com\/fr\/wp-json\/wp\/v2\/media?parent=31391"}],"wp:term":[{"taxonomy":"product_brand","embeddable":true,"href":"https:\/\/olemosaic.com\/fr\/wp-json\/wp\/v2\/product_brand?post=31391"},{"taxonomy":"product_cat","embeddable":true,"href":"https:\/\/olemosaic.com\/fr\/wp-json\/wp\/v2\/product_cat?post=31391"},{"taxonomy":"product_tag","embeddable":true,"href":"https:\/\/olemosaic.com\/fr\/wp-json\/wp\/v2\/product_tag?post=31391"}],"curies":[{"name":"wp","href":"https:\/\/api.w.org\/{rel}","templated":true}]}}