{"id":31387,"date":"2025-02-20T22:33:14","date_gmt":"2025-02-20T22:33:14","guid":{"rendered":"http:\/\/olemosaic.com\/producto\/llavero-de-madera-letra-q\/"},"modified":"2025-07-25T18:42:49","modified_gmt":"2025-07-25T16:42:49","slug":"porte-cles-en-bois-lettre-q","status":"publish","type":"product","link":"https:\/\/olemosaic.com\/fr\/produit\/porte-cles-en-bois-lettre-q\/","title":{"rendered":"Porte-cl\u00e9s en bois. Lettre Q."},"content":{"rendered":"<p>Ce porte-cl\u00e9s en bois avec la lettre Q est un accessoire charmant qui allie fonctionnalit\u00e9 et design artistique vibrant, id\u00e9al pour ceux qui recherchent un souvenir unique d&rsquo;Espagne. Fabriqu\u00e9 en bois de haute qualit\u00e9, ce porte-cl\u00e9s pr\u00e9sente une illustration color\u00e9e inspir\u00e9e de la c\u00e9l\u00e8bre tradition des azulejos espagnols. Les motifs d\u00e9coratifs, dans des tons rouges, bleus et jaunes, s&rsquo;entrelacent dans une danse de formes \u00e9l\u00e9gantes et frappantes, \u00e9voquant la richesse culturelle et l&rsquo;art qui caract\u00e9risent les villes espagnoles.<\/p>\n<p>La lettre Q, avec son design stylis\u00e9, devient un symbole distinctif qui non seulement aide \u00e0 garder vos cl\u00e9s organis\u00e9es, mais se distingue \u00e9galement comme un \u00e9l\u00e9ment d\u00e9coratif dans votre vie quotidienne. Sa finition artisanale souligne l&rsquo;authenticit\u00e9 de ce souvenir, ce qui en fait un cadeau parfait pour les touristes ou pour ceux qui souhaitent emporter un morceau d&rsquo;Espagne avec eux.<\/p>\n<p>Chez Ol\u00e9 Mosaic, nous nous engageons dans la distribution de souvenirs authentiques en gros, et ce porte-cl\u00e9s en bois ne fait pas exception. Son caract\u00e8re repr\u00e9sentatif en fait une excellente option pour les boutiques de cadeaux touristiques qui cherchent \u00e0 offrir \u00e0 leurs clients une pi\u00e8ce unique et significative de la culture espagnole. Ce porte-cl\u00e9s est plus qu&rsquo;un simple accessoire ; c&rsquo;est un hommage \u00e0 la tradition des azulejos qui, depuis des si\u00e8cles, embellit les espaces en Espagne et ajoute une touche distinctive \u00e0 toute collection de souvenirs.<\/p>\n","protected":false},"excerpt":{"rendered":"<p>Porte-cl\u00e9s en bois avec la lettre Q, orn\u00e9 d&rsquo;un design color\u00e9 d&rsquo;azulejos. Cet accessoire frappant, fabriqu\u00e9 en bois, pr\u00e9sente une vari\u00e9t\u00e9 de motifs d\u00e9coratifs inspir\u00e9s de la riche tradition des carreaux \u00e9maill\u00e9s espagnols. Les tons vibrants de rouge, bleu et jaune s&rsquo;entrelacent dans des formes \u00e9l\u00e9gantes, offrant une touche artistique. Id\u00e9al pour garder vos cl\u00e9s organis\u00e9es et ajouter un d\u00e9tail distinctif \u00e0 votre quotidien.<\/p>\n","protected":false},"featured_media":9607,"template":"","meta":{"_acf_changed":false},"product_brand":[],"product_cat":[607],"product_tag":[614],"class_list":{"0":"post-31387","1":"product","2":"type-product","3":"status-publish","4":"has-post-thumbnail","6":"product_cat-porte-cles","7":"product_tag-lettres","8":"pa_motivo-lettre-q","10":"first","11":"instock","12":"shipping-taxable","13":"product-type-simple"},"acf":[],"_links":{"self":[{"href":"https:\/\/olemosaic.com\/fr\/wp-json\/wp\/v2\/product\/31387","targetHints":{"allow":["GET"]}}],"collection":[{"href":"https:\/\/olemosaic.com\/fr\/wp-json\/wp\/v2\/product"}],"about":[{"href":"https:\/\/olemosaic.com\/fr\/wp-json\/wp\/v2\/types\/product"}],"wp:featuredmedia":[{"embeddable":true,"href":"https:\/\/olemosaic.com\/fr\/wp-json\/wp\/v2\/media\/9607"}],"wp:attachment":[{"href":"https:\/\/olemosaic.com\/fr\/wp-json\/wp\/v2\/media?parent=31387"}],"wp:term":[{"taxonomy":"product_brand","embeddable":true,"href":"https:\/\/olemosaic.com\/fr\/wp-json\/wp\/v2\/product_brand?post=31387"},{"taxonomy":"product_cat","embeddable":true,"href":"https:\/\/olemosaic.com\/fr\/wp-json\/wp\/v2\/product_cat?post=31387"},{"taxonomy":"product_tag","embeddable":true,"href":"https:\/\/olemosaic.com\/fr\/wp-json\/wp\/v2\/product_tag?post=31387"}],"curies":[{"name":"wp","href":"https:\/\/api.w.org\/{rel}","templated":true}]}}