{"id":31386,"date":"2025-02-20T23:33:14","date_gmt":"2025-02-20T22:33:14","guid":{"rendered":"http:\/\/olemosaic.com\/producto\/llavero-de-madera-letra-g-sevilla\/"},"modified":"2025-07-25T18:35:38","modified_gmt":"2025-07-25T16:35:38","slug":"porte-cles-en-bois-lettre-g-seville","status":"publish","type":"product","link":"https:\/\/olemosaic.com\/fr\/produit\/porte-cles-en-bois-lettre-g-seville\/","title":{"rendered":"Porte-cl\u00e9s en bois. Lettre G. S\u00e9ville."},"content":{"rendered":"<p>Ce porte-cl\u00e9s en bois avec la lettre G est une pi\u00e8ce vibrante et unique qui capture l&rsquo;essence de S\u00e9ville, en faisant le souvenir parfait pour emporter un rappel de la capitale andalouse. Fabriqu\u00e9 avec du bois de haute qualit\u00e9 et peint \u00e0 la main, il pr\u00e9sente un design color\u00e9 repr\u00e9sentant des ic\u00f4nes architecturales embl\u00e9matiques de la ville, comme la majestueuse Giralda, ainsi que des \u00e9l\u00e9ments du folklore local qui enrichissent son esth\u00e9tique. Les couleurs vives qui ornent la lettre G, combin\u00e9es \u00e0 des d\u00e9tails de mosa\u00efque, \u00e9voquent la tradition artistique s\u00e9villane, soulignant tant son h\u00e9ritage culturel que sa modernit\u00e9.<\/p>\n<p>Le porte-cl\u00e9s est l\u00e9ger et r\u00e9sistant, id\u00e9al pour \u00eatre port\u00e9 dans un sac ou comme accessoire sur les cl\u00e9s, apportant une touche de S\u00e9ville \u00e0 la vie quotidienne. Ce produit n&rsquo;est pas seulement un objet fonctionnel, mais une pi\u00e8ce d\u00e9corative qui c\u00e9l\u00e8bre le charme unique de la ville. En tant que souvenir de S\u00e9ville, ce porte-cl\u00e9s est une excellente option pour les touristes cherchant \u00e0 rapporter un morceau de la riche culture andalouse chez eux. Chez Ol\u00e9 Mosaic, nous sommes des distributeurs de souvenirs en gros, proposant des produits authentiques qui refl\u00e8tent la diversit\u00e9 et la richesse culturelle de l&rsquo;Espagne. Ce porte-cl\u00e9s en bois n&rsquo;est pas seulement un cadeau id\u00e9al, mais aussi une repr\u00e9sentation authentique de la tradition s\u00e9villane, parfaite pour les boutiques de cadeaux touristiques.<\/p>\n","protected":false},"excerpt":{"rendered":"<p>Porte-cl\u00e9s en bois avec la lettre G, inspir\u00e9 de S\u00e9ville. Ce porte-cl\u00e9s pr\u00e9sente un design color\u00e9 et vibrant, d\u00e9cor\u00e9 de motifs de l&rsquo;architecture s\u00e9villane, comme la Giralda, et d&rsquo;\u00e9l\u00e9ments typiques du folklore local. Peint dans un style artisanal avec des couleurs vives et des d\u00e9tails de mosa\u00efque, il combine la tradition culturelle avec un style moderne. Id\u00e9al comme souvenir ou cadeau, ce porte-cl\u00e9s est un rappel du charme de S\u00e9ville.<\/p>\n","protected":false},"featured_media":10891,"template":"","meta":{"_acf_changed":false},"product_brand":[],"product_cat":[607],"product_tag":[614],"class_list":{"0":"post-31386","1":"product","2":"type-product","3":"status-publish","4":"has-post-thumbnail","6":"product_cat-porte-cles","7":"product_tag-lettres","8":"pa_ciudad-sevilla","9":"pa_motivo-lettre-g","10":"pa_pais-espana","12":"first","13":"instock","14":"shipping-taxable","15":"product-type-simple"},"acf":[],"_links":{"self":[{"href":"https:\/\/olemosaic.com\/fr\/wp-json\/wp\/v2\/product\/31386","targetHints":{"allow":["GET"]}}],"collection":[{"href":"https:\/\/olemosaic.com\/fr\/wp-json\/wp\/v2\/product"}],"about":[{"href":"https:\/\/olemosaic.com\/fr\/wp-json\/wp\/v2\/types\/product"}],"wp:featuredmedia":[{"embeddable":true,"href":"https:\/\/olemosaic.com\/fr\/wp-json\/wp\/v2\/media\/10891"}],"wp:attachment":[{"href":"https:\/\/olemosaic.com\/fr\/wp-json\/wp\/v2\/media?parent=31386"}],"wp:term":[{"taxonomy":"product_brand","embeddable":true,"href":"https:\/\/olemosaic.com\/fr\/wp-json\/wp\/v2\/product_brand?post=31386"},{"taxonomy":"product_cat","embeddable":true,"href":"https:\/\/olemosaic.com\/fr\/wp-json\/wp\/v2\/product_cat?post=31386"},{"taxonomy":"product_tag","embeddable":true,"href":"https:\/\/olemosaic.com\/fr\/wp-json\/wp\/v2\/product_tag?post=31386"}],"curies":[{"name":"wp","href":"https:\/\/api.w.org\/{rel}","templated":true}]}}