{"id":31385,"date":"2025-02-20T23:33:14","date_gmt":"2025-02-20T22:33:14","guid":{"rendered":"http:\/\/olemosaic.com\/producto\/llavero-de-madera-letra-w-valencia\/"},"modified":"2025-07-25T19:04:49","modified_gmt":"2025-07-25T17:04:49","slug":"porte-cles-en-bois-lettre-w-valence","status":"publish","type":"product","link":"https:\/\/olemosaic.com\/fr\/produit\/porte-cles-en-bois-lettre-w-valence\/","title":{"rendered":"Porte-cl\u00e9s en bois. Lettre W. Valence."},"content":{"rendered":"<p>Ce porte-cl\u00e9s en bois avec la lettre \u00ab\u00a0W\u00a0\u00bb est un souvenir exclusif qui c\u00e9l\u00e8bre la ville vibrante de Valence. Son design color\u00e9 et peint \u00e0 la main capture l&rsquo;essence de cette destination touristique, int\u00e9grant des \u00e9l\u00e9ments architecturaux iconiques, tels que la majest\u00e9 de la Cath\u00e9drale et le complexe innovant de la Cit\u00e9 des Arts et des Sciences. La combinaison de couleurs vibrantes en rouge, bleu et dor\u00e9 souligne non seulement la beaut\u00e9 architecturale de Valence, mais aussi la riche culture qui l&rsquo;entoure.<\/p>\n<p>Chaque porte-cl\u00e9s est fabriqu\u00e9 avec du bois de haute qualit\u00e9, offrant une pi\u00e8ce durable, id\u00e9ale pour emporter avec vous les souvenirs de votre voyage. Avec son design complexe incluant des d\u00e9tails color\u00e9s qui \u00e9voquent les mosa\u00efques valenciennes, ce porte-cl\u00e9s n&rsquo;est pas seulement un accessoire pratique, mais une repr\u00e9sentation artistique de la ville. Sa forme unique de la lettre \u00ab\u00a0W\u00a0\u00bb en fait un cadeau parfait pour ceux qui souhaitent rapporter un morceau de Valence chez eux, ainsi que pour les amis et la famille qui partageront leur exp\u00e9rience.<\/p>\n<p>Chez Ol\u00e9 Mosaic, nous nous sp\u00e9cialisons dans la distribution de souvenirs en gros, proposant des articles qui capturent l&rsquo;authenticit\u00e9 et l&rsquo;esprit de chaque r\u00e9gion. Ce porte-cl\u00e9s de Valence est une excellente option pour les boutiques de cadeaux touristiques qui souhaitent offrir des souvenirs repr\u00e9sentatifs de la ville, garantissant que chaque client puisse repartir avec un morceau de cette merveilleuse cit\u00e9.<\/p>\n","protected":false},"excerpt":{"rendered":"<p>Porte-cl\u00e9s en bois avec la lettre \u00ab\u00a0W\u00a0\u00bb, inspir\u00e9 de la ville de Valence. Ce porte-cl\u00e9s pr\u00e9sente un design color\u00e9 combinant des \u00e9l\u00e9ments iconiques de la ville, comme la Cath\u00e9drale et la moderne Cit\u00e9 des Arts et des Sciences. Peint dans un style artisanal avec des d\u00e9tails en rouge, bleu et dor\u00e9, il souligne la beaut\u00e9 architecturale et la richesse culturelle de Valence. Un souvenir parfait qui capture l&rsquo;essence de cette ville vibrante.<\/p>\n","protected":false},"featured_media":10881,"template":"","meta":{"_acf_changed":false},"product_brand":[],"product_cat":[607],"product_tag":[614],"class_list":{"0":"post-31385","1":"product","2":"type-product","3":"status-publish","4":"has-post-thumbnail","6":"product_cat-porte-cles","7":"product_tag-lettres","8":"pa_ciudad-valencia","9":"pa_motivo-lettre-w","10":"pa_pais-espana","12":"first","13":"instock","14":"shipping-taxable","15":"product-type-simple"},"acf":[],"_links":{"self":[{"href":"https:\/\/olemosaic.com\/fr\/wp-json\/wp\/v2\/product\/31385","targetHints":{"allow":["GET"]}}],"collection":[{"href":"https:\/\/olemosaic.com\/fr\/wp-json\/wp\/v2\/product"}],"about":[{"href":"https:\/\/olemosaic.com\/fr\/wp-json\/wp\/v2\/types\/product"}],"wp:featuredmedia":[{"embeddable":true,"href":"https:\/\/olemosaic.com\/fr\/wp-json\/wp\/v2\/media\/10881"}],"wp:attachment":[{"href":"https:\/\/olemosaic.com\/fr\/wp-json\/wp\/v2\/media?parent=31385"}],"wp:term":[{"taxonomy":"product_brand","embeddable":true,"href":"https:\/\/olemosaic.com\/fr\/wp-json\/wp\/v2\/product_brand?post=31385"},{"taxonomy":"product_cat","embeddable":true,"href":"https:\/\/olemosaic.com\/fr\/wp-json\/wp\/v2\/product_cat?post=31385"},{"taxonomy":"product_tag","embeddable":true,"href":"https:\/\/olemosaic.com\/fr\/wp-json\/wp\/v2\/product_tag?post=31385"}],"curies":[{"name":"wp","href":"https:\/\/api.w.org\/{rel}","templated":true}]}}