{"id":31379,"date":"2025-02-20T23:33:13","date_gmt":"2025-02-20T22:33:13","guid":{"rendered":"http:\/\/olemosaic.com\/producto\/llavero-de-madera-letra-l-sevilla\/"},"modified":"2025-07-25T19:29:53","modified_gmt":"2025-07-25T17:29:53","slug":"porte-cles-en-bois-lettre-l-seville","status":"publish","type":"product","link":"https:\/\/olemosaic.com\/fr\/produit\/porte-cles-en-bois-lettre-l-seville\/","title":{"rendered":"Porte-cl\u00e9s en bois. Lettre L. S\u00e9ville."},"content":{"rendered":"<p>Ce porte-cl\u00e9s en bois avec la lettre \u00ab\u00a0L\u00a0\u00bb est un hommage vibrant \u00e0 S\u00e9ville, con\u00e7u pour capturer l&rsquo;essence de sa riche culture et de son patrimoine. Peint \u00e0 la main avec un style color\u00e9 et d\u00e9taill\u00e9, le porte-cl\u00e9s pr\u00e9sente des \u00e9l\u00e9ments iconiques de la ville, tels que la majestueuse Giralda et un charmant paysage urbain. Avec une combinaison de couleurs vibrantes \u00e9voquant la joie andalouse, ce souvenir n&rsquo;est pas seulement un accessoire pratique, mais une petite \u0153uvre d&rsquo;art qui refl\u00e8te la singularit\u00e9 de S\u00e9ville.<\/p>\n<p>Le design inclut des d\u00e9tails en c\u00e9ramique qui soulignent la richesse culturelle locale, faisant de chaque porte-cl\u00e9s une pi\u00e8ce authentique et repr\u00e9sentative de la ville. Sa finition en bois apporte une touche rustique et naturelle, id\u00e9ale pour ceux qui cherchent \u00e0 pr\u00e9server un petit morceau de S\u00e9ville au quotidien. Ce porte-cl\u00e9s est une excellente option de souvenir combinant fonctionnalit\u00e9 et beaut\u00e9, parfait pour les touristes souhaitant emporter un souvenir significatif de leur visite.<\/p>\n<p>Chez Ol\u00e9 Mosaic, nous nous sp\u00e9cialisons dans la distribution de souvenirs en gros, offrant des produits authentiques comme ce porte-cl\u00e9s de S\u00e9ville, id\u00e9al pour les boutiques de souvenirs touristiques recherchant des articles uniques et attrayants. Avec notre s\u00e9lection de souvenirs de qualit\u00e9, nous garantissons la satisfaction des clients et un lien avec la culture andalouse.<\/p>\n","protected":false},"excerpt":{"rendered":"<p>Porte-cl\u00e9s en bois avec la lettre L, inspir\u00e9 de S\u00e9ville. Ce porte-cl\u00e9s attrayant pr\u00e9sente un design color\u00e9 et d\u00e9taill\u00e9 avec des \u00e9l\u00e9ments iconiques de la ville, comme la Giralda et son paysage urbain caract\u00e9ristique. Peint avec un style artisanal, il combine des couleurs vibrantes dans un style qui refl\u00e8te le charme andalou, avec des touches de c\u00e9ramique \u00e9voquant la culture locale. Un souvenir parfait pour emporter un petit morceau de S\u00e9ville toujours avec soi.<\/p>\n","protected":false},"featured_media":10896,"template":"","meta":{"_acf_changed":false},"product_brand":[],"product_cat":[607],"product_tag":[614],"class_list":{"0":"post-31379","1":"product","2":"type-product","3":"status-publish","4":"has-post-thumbnail","6":"product_cat-porte-cles","7":"product_tag-lettres","8":"pa_ciudad-sevilla","9":"pa_motivo-lettre-l","10":"pa_pais-espana","12":"first","13":"instock","14":"shipping-taxable","15":"product-type-simple"},"acf":[],"_links":{"self":[{"href":"https:\/\/olemosaic.com\/fr\/wp-json\/wp\/v2\/product\/31379","targetHints":{"allow":["GET"]}}],"collection":[{"href":"https:\/\/olemosaic.com\/fr\/wp-json\/wp\/v2\/product"}],"about":[{"href":"https:\/\/olemosaic.com\/fr\/wp-json\/wp\/v2\/types\/product"}],"wp:featuredmedia":[{"embeddable":true,"href":"https:\/\/olemosaic.com\/fr\/wp-json\/wp\/v2\/media\/10896"}],"wp:attachment":[{"href":"https:\/\/olemosaic.com\/fr\/wp-json\/wp\/v2\/media?parent=31379"}],"wp:term":[{"taxonomy":"product_brand","embeddable":true,"href":"https:\/\/olemosaic.com\/fr\/wp-json\/wp\/v2\/product_brand?post=31379"},{"taxonomy":"product_cat","embeddable":true,"href":"https:\/\/olemosaic.com\/fr\/wp-json\/wp\/v2\/product_cat?post=31379"},{"taxonomy":"product_tag","embeddable":true,"href":"https:\/\/olemosaic.com\/fr\/wp-json\/wp\/v2\/product_tag?post=31379"}],"curies":[{"name":"wp","href":"https:\/\/api.w.org\/{rel}","templated":true}]}}