{"id":31378,"date":"2025-02-20T23:33:13","date_gmt":"2025-02-20T22:33:13","guid":{"rendered":"http:\/\/olemosaic.com\/producto\/llavero-de-madera-letra-i-madrid\/"},"modified":"2025-07-25T18:59:36","modified_gmt":"2025-07-25T16:59:36","slug":"porte-cles-en-bois-lettre-i-madrid","status":"publish","type":"product","link":"https:\/\/olemosaic.com\/fr\/produit\/porte-cles-en-bois-lettre-i-madrid\/","title":{"rendered":"Porte-cl\u00e9s en bois. Lettre I. Madrid."},"content":{"rendered":"<p>Ce porte-cl\u00e9s en bois avec la lettre \u00ab\u00a0I\u00a0\u00bb est un souvenir exclusif de Madrid, capturant l&rsquo;essence vibrante de la capitale espagnole. Con\u00e7u avec une illustration color\u00e9e et moderne, le porte-cl\u00e9s pr\u00e9sente une repr\u00e9sentation artistique de la c\u00e9l\u00e8bre horloge de la Puerta del Sol, un point de rencontre embl\u00e9matique de la ville. La sc\u00e8ne inclut \u00e9galement le symbole iconique du m\u00e9tro de Madrid, un \u00e9l\u00e9ment qui souligne l&rsquo;importance des transports publics dans la vie quotidienne de ses habitants et des touristes.<\/p>\n<p>Avec des d\u00e9tails dans les tons bleus et rouges \u00e9voquant l&rsquo;\u00e9nergie de la m\u00e9tropole, ce porte-cl\u00e9s est plus qu&rsquo;un simple accessoire ; c&rsquo;est un souvenir qui transporte celui qui le porte dans les rues pleines d&rsquo;histoire et de culture de Madrid. Chaque pi\u00e8ce est m\u00e9ticuleusement \u00e9labor\u00e9e, refl\u00e9tant la riche tradition artisanale espagnole et l&rsquo;authenticit\u00e9 des souvenirs de la r\u00e9gion.<\/p>\n<p>Id\u00e9al pour ceux qui souhaitent emporter une partie de cette ville iconique, ce porte-cl\u00e9s est non seulement pratique, mais sert \u00e9galement de rappel constant des moments v\u00e9cus \u00e0 Madrid. Chez Ol\u00e9 Mosaic, nous sommes des distributeurs de souvenirs en gros, offrant des produits authentiques qui c\u00e9l\u00e8brent le patrimoine culturel espagnol. Ce porte-cl\u00e9s de Madrid est une excellente option pour les boutiques de souvenirs touristiques qui souhaitent proposer des souvenirs uniques et repr\u00e9sentatifs \u00e0 leurs clients.<\/p>\n","protected":false},"excerpt":{"rendered":"<p>Porte-cl\u00e9s en bois avec la lettre \u00ab\u00a0I\u00a0\u00bb, inspir\u00e9 de la ville embl\u00e9matique de Madrid. Ce porte-cl\u00e9s attrayant pr\u00e9sente une illustration color\u00e9e incluant la c\u00e9l\u00e8bre horloge de la Puerta del Sol et le symbole du m\u00e9tro de Madrid, le tout dans un style vibrant et moderne. Avec des d\u00e9tails artistiques dans les tons bleus et rouges, c&rsquo;est un souvenir unique qui capture l&rsquo;essence de la capitale espagnole, parfait pour emporter avec soi un petit morceau de cette ville iconique.<\/p>\n","protected":false},"featured_media":10841,"template":"","meta":{"_acf_changed":false},"product_brand":[],"product_cat":[607],"product_tag":[614],"class_list":{"0":"post-31378","1":"product","2":"type-product","3":"status-publish","4":"has-post-thumbnail","6":"product_cat-porte-cles","7":"product_tag-lettres","8":"pa_ciudad-madrid","9":"pa_motivo-lettre-i","10":"pa_pais-espana","12":"first","13":"instock","14":"shipping-taxable","15":"product-type-simple"},"acf":[],"_links":{"self":[{"href":"https:\/\/olemosaic.com\/fr\/wp-json\/wp\/v2\/product\/31378","targetHints":{"allow":["GET"]}}],"collection":[{"href":"https:\/\/olemosaic.com\/fr\/wp-json\/wp\/v2\/product"}],"about":[{"href":"https:\/\/olemosaic.com\/fr\/wp-json\/wp\/v2\/types\/product"}],"wp:featuredmedia":[{"embeddable":true,"href":"https:\/\/olemosaic.com\/fr\/wp-json\/wp\/v2\/media\/10841"}],"wp:attachment":[{"href":"https:\/\/olemosaic.com\/fr\/wp-json\/wp\/v2\/media?parent=31378"}],"wp:term":[{"taxonomy":"product_brand","embeddable":true,"href":"https:\/\/olemosaic.com\/fr\/wp-json\/wp\/v2\/product_brand?post=31378"},{"taxonomy":"product_cat","embeddable":true,"href":"https:\/\/olemosaic.com\/fr\/wp-json\/wp\/v2\/product_cat?post=31378"},{"taxonomy":"product_tag","embeddable":true,"href":"https:\/\/olemosaic.com\/fr\/wp-json\/wp\/v2\/product_tag?post=31378"}],"curies":[{"name":"wp","href":"https:\/\/api.w.org\/{rel}","templated":true}]}}