{"id":31377,"date":"2025-02-20T23:33:13","date_gmt":"2025-02-20T22:33:13","guid":{"rendered":"http:\/\/olemosaic.com\/producto\/llavero-de-madera-letra-i-valencia\/"},"modified":"2025-07-25T18:43:01","modified_gmt":"2025-07-25T16:43:01","slug":"porte-cles-en-bois-lettre-i-valence","status":"publish","type":"product","link":"https:\/\/olemosaic.com\/fr\/produit\/porte-cles-en-bois-lettre-i-valence\/","title":{"rendered":"Porte-cl\u00e9s en bois. Lettre I. Valence."},"content":{"rendered":"<p>Ce porte-cl\u00e9s en bois avec la lettre \u00ab\u00a0I\u00a0\u00bb est un souvenir charmant qui capture l&rsquo;essence de la ville embl\u00e9matique de Valence. Son design vibrant rend hommage au riche m\u00e9lange d&rsquo;architecture moderne et traditionnelle qui caract\u00e9rise la capitale du Turia. La lettre \u00ab\u00a0I\u00a0\u00bb se transforme en une \u0153uvre d&rsquo;art o\u00f9 s&rsquo;entrelacent des d\u00e9tails color\u00e9s en mosa\u00efque \u00e9voquant la c\u00e9l\u00e8bre Cit\u00e9 des Arts et des Sciences, un symbole iconique de l&rsquo;innovation et de la cr\u00e9ativit\u00e9 valenciennes. Avec des tons de rouge, bleu et jaune, le porte-cl\u00e9s refl\u00e8te la chaleur et la joie de cette ville m\u00e9diterran\u00e9enne.<\/p>\n<p>L&rsquo;attention port\u00e9e aux d\u00e9tails dans sa d\u00e9coration fait de ce porte-cl\u00e9s non seulement un accessoire pratique pour organiser vos cl\u00e9s, mais aussi un rappel tangible de la culture et du patrimoine de Valence. Chaque fois que vous l&rsquo;utiliserez, il vous transportera dans ses rues vibrantes pleines d&rsquo;histoire et d&rsquo;art, ce qui en fait un excellent cadeau pour les touristes cherchant \u00e0 emporter un morceau de Valence.<\/p>\n<p>Chez Ol\u00e9 Mosaic, nous sommes fiers d&rsquo;\u00eatre des distributeurs de souvenirs uniques en gros, et ce porte-cl\u00e9s en bois repr\u00e9sente l&rsquo;authenticit\u00e9 et la pertinence culturelle que les voyageurs souhaitent ramener chez eux. Id\u00e9al pour les boutiques de souvenirs touristiques, ce porte-cl\u00e9s offre non seulement de la fonctionnalit\u00e9, mais est aussi le reflet de l&rsquo;h\u00e9ritage culturel valencien.<\/p>\n","protected":false},"excerpt":{"rendered":"<p>Porte-cl\u00e9s en bois avec la lettre \u00ab\u00a0I\u00a0\u00bb, repr\u00e9sentant la ville embl\u00e9matique de Valence. Ce porte-cl\u00e9s attrayant pr\u00e9sente un design color\u00e9 qui fait allusion \u00e0 l&rsquo;architecture moderne et traditionnelle de la ville, avec des d\u00e9tails en mosa\u00efque \u00e9voquant le style de la Cit\u00e9 des Arts et des Sciences. La pi\u00e8ce combine des tons vibrants de rouge, bleu et jaune, soulignant son caract\u00e8re unique et culturel. Id\u00e9al comme souvenir ou cadeau, il refl\u00e8te l&rsquo;essence valencienne dans un accessoire pratique.<\/p>\n","protected":false},"featured_media":10867,"template":"","meta":{"_acf_changed":false},"product_brand":[],"product_cat":[607],"product_tag":[614],"class_list":{"0":"post-31377","1":"product","2":"type-product","3":"status-publish","4":"has-post-thumbnail","6":"product_cat-porte-cles","7":"product_tag-lettres","8":"pa_ciudad-valencia","9":"pa_motivo-lettre-i","10":"pa_pais-espana","12":"first","13":"instock","14":"shipping-taxable","15":"product-type-simple"},"acf":[],"_links":{"self":[{"href":"https:\/\/olemosaic.com\/fr\/wp-json\/wp\/v2\/product\/31377","targetHints":{"allow":["GET"]}}],"collection":[{"href":"https:\/\/olemosaic.com\/fr\/wp-json\/wp\/v2\/product"}],"about":[{"href":"https:\/\/olemosaic.com\/fr\/wp-json\/wp\/v2\/types\/product"}],"wp:featuredmedia":[{"embeddable":true,"href":"https:\/\/olemosaic.com\/fr\/wp-json\/wp\/v2\/media\/10867"}],"wp:attachment":[{"href":"https:\/\/olemosaic.com\/fr\/wp-json\/wp\/v2\/media?parent=31377"}],"wp:term":[{"taxonomy":"product_brand","embeddable":true,"href":"https:\/\/olemosaic.com\/fr\/wp-json\/wp\/v2\/product_brand?post=31377"},{"taxonomy":"product_cat","embeddable":true,"href":"https:\/\/olemosaic.com\/fr\/wp-json\/wp\/v2\/product_cat?post=31377"},{"taxonomy":"product_tag","embeddable":true,"href":"https:\/\/olemosaic.com\/fr\/wp-json\/wp\/v2\/product_tag?post=31377"}],"curies":[{"name":"wp","href":"https:\/\/api.w.org\/{rel}","templated":true}]}}