{"id":31364,"date":"2025-02-20T23:33:12","date_gmt":"2025-02-20T22:33:12","guid":{"rendered":"http:\/\/olemosaic.com\/producto\/llavero-de-madera-letra-h-sevilla\/"},"modified":"2025-07-25T19:26:11","modified_gmt":"2025-07-25T17:26:11","slug":"porte-cles-en-bois-lettre-h-seville","status":"publish","type":"product","link":"https:\/\/olemosaic.com\/fr\/produit\/porte-cles-en-bois-lettre-h-seville\/","title":{"rendered":"Porte-cl\u00e9s en bois. Lettre H. S\u00e9ville."},"content":{"rendered":"<p>Ce porte-cl\u00e9s en bois avec la lettre \u00ab\u00a0H\u00a0\u00bb est un souvenir vibrant qui capture l&rsquo;essence de la magnifique ville de S\u00e9ville. Avec un design peint \u00e0 la main, il combine une palette de couleurs \u00e9clatantes qui \u00e9voquent l&rsquo;\u00e9nergie et l&rsquo;ambiance festive de la capitale andalouse. Sur son illustration, on distingue des \u00e9l\u00e9ments embl\u00e9matiques de S\u00e9ville, comme l&rsquo;imposante Giralda, entour\u00e9e de motifs refl\u00e9tant le patrimoine culturel de la ville, y compris des cal\u00e8ches et des d\u00e9tails architecturaux traditionnels. La technique de la mosa\u00efque utilis\u00e9e dans sa d\u00e9coration apporte une richesse visuelle unique, faisant de ce souvenir non seulement un accessoire fonctionnel, mais aussi une pi\u00e8ce d&rsquo;art portable. Fabriqu\u00e9 en bois, le porte-cl\u00e9s poss\u00e8de une finition qui souligne son caract\u00e8re naturel et \u00e9l\u00e9gant, en faisant un objet de d\u00e9sir pour ceux qui recherchent des souvenirs authentiques. Id\u00e9al pour ceux qui veulent emporter un morceau de S\u00e9ville avec eux, ce porte-cl\u00e9s est un excellent cadeau pour les touristes et les visiteurs. Chez Ol\u00e9 Mosaic, en tant que distributeurs de souvenirs en gros, nous garantissons la qualit\u00e9 et l&rsquo;authenticit\u00e9 de nos produits, faisant de ce porte-cl\u00e9s de S\u00e9ville un choix parfait pour les boutiques de cadeaux touristiques qui appr\u00e9cient le meilleur de l&rsquo;artisanat espagnol.<\/p>\n","protected":false},"excerpt":{"rendered":"<p>Porte-cl\u00e9s en bois avec la lettre \u00ab\u00a0H\u00a0\u00bb, inspir\u00e9 par la ville vibrante de S\u00e9ville. Ce porte-cl\u00e9s attrayant pr\u00e9sente un design artisanal, peint \u00e0 la main, combinant des couleurs \u00e9clatantes et des motifs embl\u00e9matiques de la ville, comme la Giralda et d&rsquo;autres \u00e9l\u00e9ments typiques de son patrimoine culturel. La technique de la mosa\u00efque utilis\u00e9e souligne sa richesse visuelle, tandis que la finition en bois lui apporte une touche naturelle et \u00e9l\u00e9gante. Id\u00e9al pour se souvenir de votre visite dans cette belle ville andalouse.<\/p>\n","protected":false},"featured_media":10892,"template":"","meta":{"_acf_changed":false},"product_brand":[],"product_cat":[607],"product_tag":[530,614],"class_list":{"0":"post-31364","1":"product","2":"type-product","3":"status-publish","4":"has-post-thumbnail","6":"product_cat-porte-cles","7":"product_tag-animaux","8":"product_tag-lettres","9":"pa_ciudad-sevilla","10":"pa_motivo-lettre-h","11":"pa_pais-espana","13":"first","14":"instock","15":"shipping-taxable","16":"product-type-simple"},"acf":[],"_links":{"self":[{"href":"https:\/\/olemosaic.com\/fr\/wp-json\/wp\/v2\/product\/31364","targetHints":{"allow":["GET"]}}],"collection":[{"href":"https:\/\/olemosaic.com\/fr\/wp-json\/wp\/v2\/product"}],"about":[{"href":"https:\/\/olemosaic.com\/fr\/wp-json\/wp\/v2\/types\/product"}],"wp:featuredmedia":[{"embeddable":true,"href":"https:\/\/olemosaic.com\/fr\/wp-json\/wp\/v2\/media\/10892"}],"wp:attachment":[{"href":"https:\/\/olemosaic.com\/fr\/wp-json\/wp\/v2\/media?parent=31364"}],"wp:term":[{"taxonomy":"product_brand","embeddable":true,"href":"https:\/\/olemosaic.com\/fr\/wp-json\/wp\/v2\/product_brand?post=31364"},{"taxonomy":"product_cat","embeddable":true,"href":"https:\/\/olemosaic.com\/fr\/wp-json\/wp\/v2\/product_cat?post=31364"},{"taxonomy":"product_tag","embeddable":true,"href":"https:\/\/olemosaic.com\/fr\/wp-json\/wp\/v2\/product_tag?post=31364"}],"curies":[{"name":"wp","href":"https:\/\/api.w.org\/{rel}","templated":true}]}}