{"id":31363,"date":"2025-02-20T23:33:12","date_gmt":"2025-02-20T22:33:12","guid":{"rendered":"http:\/\/olemosaic.com\/producto\/llavero-de-madera-letra-d-barcelona\/"},"modified":"2025-07-25T18:45:06","modified_gmt":"2025-07-25T16:45:06","slug":"porte-cles-en-bois-lettre-d-barcelone","status":"publish","type":"product","link":"https:\/\/olemosaic.com\/fr\/produit\/porte-cles-en-bois-lettre-d-barcelone\/","title":{"rendered":"Porte-cl\u00e9s en bois. Lettre D. Barcelone."},"content":{"rendered":"<p>Ce porte-cl\u00e9s en bois avec la lettre \u00ab\u00a0D\u00a0\u00bb est une pi\u00e8ce vibrante et joyeuse qui capture l&rsquo;essence de Barcelone, une ville embl\u00e9matique pleine d&rsquo;art et de culture. Son design color\u00e9 s&rsquo;inspire des monuments iconiques de la ville, mettant en avant des \u00e9l\u00e9ments repr\u00e9sentatifs tels que la majestueuse Sagrada Familia et les fascinantes mosa\u00efques qui ornent les \u0153uvres d&rsquo;Antoni Gaud\u00ed. Peint \u00e0 la main, chaque porte-cl\u00e9s pr\u00e9sente une explosion de teintes brillantes qui \u00e9voquent l&rsquo;\u00e9nergie et la cr\u00e9ativit\u00e9 de Barcelone. Le format \u00e9l\u00e9gant de la lettre \u00ab\u00a0D\u00a0\u00bb offre non seulement une touche personnelle et unique, mais en fait \u00e9galement un accessoire pratique pour transporter ses cl\u00e9s ou faire partie d&rsquo;une collection. Ce porte-cl\u00e9s n&rsquo;est pas seulement un article fonctionnel, mais un authentique souvenir qui c\u00e9l\u00e8bre la riche tradition artistique de la ville. Chez Ol\u00e9 Mosaic, nous nous sp\u00e9cialisons dans la distribution de souvenirs en gros et ce porte-cl\u00e9s en bois est parfait pour les boutiques de cadeaux touristiques cherchant \u00e0 offrir \u00e0 leurs clients un souvenir distinctif et culturellement significatif de Barcelone. En tant que grossistes de porte-cl\u00e9s et de souvenirs, nous garantissons une qualit\u00e9 exceptionnelle et un design repr\u00e9sentatif, id\u00e9al pour ceux qui souhaitent ramener un petit bout de Barcelone chez eux.<\/p>\n","protected":false},"excerpt":{"rendered":"<p>Porte-cl\u00e9s en bois avec la lettre \u00ab\u00a0D\u00a0\u00bb, inspir\u00e9 par la ville vibrante de Barcelone. Ce porte-cl\u00e9s accrocheur pr\u00e9sente un design color\u00e9 avec des ic\u00f4nes repr\u00e9sentatives, telles que la Sagrada Familia et les mosa\u00efques de Gaud\u00ed, le tout avec un design artisanal, peint \u00e0 la main, avec des d\u00e9tails brillants. Son format \u00e9l\u00e9gant et l\u00e9ger en fait un accessoire pratique et attrayant, id\u00e9al pour se souvenir de l&rsquo;essence de Barcelone chaque jour.<\/p>\n","protected":false},"featured_media":10515,"template":"","meta":{"_acf_changed":false},"product_brand":[],"product_cat":[607],"product_tag":[],"class_list":{"0":"post-31363","1":"product","2":"type-product","3":"status-publish","4":"has-post-thumbnail","6":"product_cat-porte-cles","7":"pa_ciudad-barcelona","8":"pa_motivo-lettre-d","9":"pa_pais-espana","11":"first","12":"instock","13":"shipping-taxable","14":"product-type-simple"},"acf":[],"_links":{"self":[{"href":"https:\/\/olemosaic.com\/fr\/wp-json\/wp\/v2\/product\/31363","targetHints":{"allow":["GET"]}}],"collection":[{"href":"https:\/\/olemosaic.com\/fr\/wp-json\/wp\/v2\/product"}],"about":[{"href":"https:\/\/olemosaic.com\/fr\/wp-json\/wp\/v2\/types\/product"}],"wp:featuredmedia":[{"embeddable":true,"href":"https:\/\/olemosaic.com\/fr\/wp-json\/wp\/v2\/media\/10515"}],"wp:attachment":[{"href":"https:\/\/olemosaic.com\/fr\/wp-json\/wp\/v2\/media?parent=31363"}],"wp:term":[{"taxonomy":"product_brand","embeddable":true,"href":"https:\/\/olemosaic.com\/fr\/wp-json\/wp\/v2\/product_brand?post=31363"},{"taxonomy":"product_cat","embeddable":true,"href":"https:\/\/olemosaic.com\/fr\/wp-json\/wp\/v2\/product_cat?post=31363"},{"taxonomy":"product_tag","embeddable":true,"href":"https:\/\/olemosaic.com\/fr\/wp-json\/wp\/v2\/product_tag?post=31363"}],"curies":[{"name":"wp","href":"https:\/\/api.w.org\/{rel}","templated":true}]}}