{"id":31346,"date":"2025-02-20T22:33:12","date_gmt":"2025-02-20T22:33:12","guid":{"rendered":"http:\/\/olemosaic.com\/producto\/llavero-de-madera-letra-b-barcelona\/"},"modified":"2025-07-25T19:43:21","modified_gmt":"2025-07-25T17:43:21","slug":"porte-cles-en-bois-lettre-b-barcelone","status":"publish","type":"product","link":"https:\/\/olemosaic.com\/fr\/produit\/porte-cles-en-bois-lettre-b-barcelone\/","title":{"rendered":"Porte-cl\u00e9s en bois. Lettre B. Barcelone."},"content":{"rendered":"<p>Ce porte-cl\u00e9s en bois avec la lettre \u00ab B \u00bb est un souvenir charmant et vibrant, inspir\u00e9 par la ville magique de Barcelone. Avec un design qui fusionne le contemporain et le culturel, ce porte-cl\u00e9s met en avant l&#8217;embl\u00e9matique Sagrada Familia, l&rsquo;une des \u0153uvres les plus repr\u00e9sentatives de l&rsquo;architecte Antoni Gaud\u00ed, aux c\u00f4t\u00e9s d&rsquo;autres \u00e9l\u00e9ments iconiques qui refl\u00e8tent l&rsquo;essence de la ville. La Sagrada Familia, avec ses tours majestueuses et ses mosa\u00efques color\u00e9es, domine le design, tandis que d&rsquo;autres symboles de Barcelone, comme la Pla\u00e7a Catalunya et le Parc G\u00fcell, enrichissent l&rsquo;illustration, en faisant un hommage \u00e0 l&rsquo;art et \u00e0 l&rsquo;architecture catalans.<\/p>\n<p>Fabriqu\u00e9 en bois, ce porte-cl\u00e9s n&rsquo;est pas seulement un accessoire pratique, mais aussi un rappel tangible de l&rsquo;exp\u00e9rience v\u00e9cue dans la cit\u00e9 comtale. Les couleurs vives qui ornent la lettre \u00ab\u00a0B\u00a0\u00bb apportent une touche de joie et d&rsquo;\u00e9nergie, refl\u00e9tant le caract\u00e8re vibrant de Barcelone. Il est id\u00e9al pour ceux qui souhaitent emporter un petit morceau de cette ville avec eux.<\/p>\n<p>Ol\u00e9 Mosaic est fier de proposer des souvenirs authentiques qui capturent la richesse culturelle de l&rsquo;Espagne. Ce porte-cl\u00e9s en bois avec la lettre \u00ab\u00a0B\u00a0\u00bb est une excellente option pour les touristes \u00e0 la recherche d&rsquo;un souvenir unique de leur visite, ainsi que pour les boutiques de cadeaux touristiques \u00e0 la recherche de produits remarquables. En tant que grossiste de souvenirs de Barcelone, nous garantissons que chaque pi\u00e8ce est non seulement attrayante, mais repr\u00e9sente \u00e9galement l&rsquo;esprit du lieu.<\/p>\n","protected":false},"excerpt":{"rendered":"<p>Porte-cl\u00e9s en bois avec la lettre \u00ab\u00a0B\u00a0\u00bb, inspir\u00e9 de la ville vibrante de Barcelone. Cet accessoire frappant pr\u00e9sente un design color\u00e9 qui met en valeur la c\u00e9l\u00e8bre Sagrada Familia, ainsi que des \u00e9l\u00e9ments iconiques de la ville, le tout illustr\u00e9 dans un style moderne et attrayant. Le bois apporte une touche naturelle, tandis que les couleurs vives refl\u00e8tent le caract\u00e8re unique de Barcelone. Parfait pour ajouter un d\u00e9tail sp\u00e9cial \u00e0 vos cl\u00e9s ou comme souvenir.<\/p>\n","protected":false},"featured_media":10513,"template":"","meta":{"_acf_changed":false},"product_brand":[],"product_cat":[607],"product_tag":[614],"class_list":{"0":"post-31346","1":"product","2":"type-product","3":"status-publish","4":"has-post-thumbnail","6":"product_cat-porte-cles","7":"product_tag-lettres","8":"pa_ciudad-barcelona","9":"pa_motivo-lettre-b","10":"pa_pais-espana","12":"first","13":"instock","14":"shipping-taxable","15":"product-type-simple"},"acf":[],"_links":{"self":[{"href":"https:\/\/olemosaic.com\/fr\/wp-json\/wp\/v2\/product\/31346","targetHints":{"allow":["GET"]}}],"collection":[{"href":"https:\/\/olemosaic.com\/fr\/wp-json\/wp\/v2\/product"}],"about":[{"href":"https:\/\/olemosaic.com\/fr\/wp-json\/wp\/v2\/types\/product"}],"wp:featuredmedia":[{"embeddable":true,"href":"https:\/\/olemosaic.com\/fr\/wp-json\/wp\/v2\/media\/10513"}],"wp:attachment":[{"href":"https:\/\/olemosaic.com\/fr\/wp-json\/wp\/v2\/media?parent=31346"}],"wp:term":[{"taxonomy":"product_brand","embeddable":true,"href":"https:\/\/olemosaic.com\/fr\/wp-json\/wp\/v2\/product_brand?post=31346"},{"taxonomy":"product_cat","embeddable":true,"href":"https:\/\/olemosaic.com\/fr\/wp-json\/wp\/v2\/product_cat?post=31346"},{"taxonomy":"product_tag","embeddable":true,"href":"https:\/\/olemosaic.com\/fr\/wp-json\/wp\/v2\/product_tag?post=31346"}],"curies":[{"name":"wp","href":"https:\/\/api.w.org\/{rel}","templated":true}]}}