{"id":31343,"date":"2025-02-20T23:33:12","date_gmt":"2025-02-20T22:33:12","guid":{"rendered":"http:\/\/olemosaic.com\/producto\/llavero-de-madera-letra-x\/"},"modified":"2025-07-25T19:58:08","modified_gmt":"2025-07-25T17:58:08","slug":"porte-cles-en-bois-lettre-x","status":"publish","type":"product","link":"https:\/\/olemosaic.com\/fr\/produit\/porte-cles-en-bois-lettre-x\/","title":{"rendered":"Porte-cl\u00e9s en bois. Lettre X."},"content":{"rendered":"<p>Ce porte-cl\u00e9s en bois en forme de lettre X c\u00e9l\u00e8bre le style artistique unique de Gaud\u00ed, repr\u00e9sentant l&rsquo;essence de Barcelone. Son design vibrant se distingue par une mosa\u00efque attrayante, o\u00f9 les couleurs rouge, jaune, bleu et vert se combinent harmonieusement, \u00e9voquant les c\u00e9ramiques color\u00e9es embl\u00e9matiques des \u0153uvres du c\u00e9l\u00e8bre architecte catalan. Le finition d\u00e9taill\u00e9e comprend des motifs complexes qui ajoutent une touche moderne et distinctive, faisant de ce porte-cl\u00e9s un authentique souvenir de Barcelone.<\/p>\n<p>Le porte-cl\u00e9s n&rsquo;est pas seulement un accessoire fonctionnel pour organiser les cl\u00e9s, mais c&rsquo;est aussi un rappel tangible de la cr\u00e9ativit\u00e9 et de l&rsquo;ing\u00e9niosit\u00e9 qui caract\u00e9risent l&rsquo;architecture et l&rsquo;art de la ville. La lettre X, symbole de modernit\u00e9 et de dynamisme, est un cadeau id\u00e9al tant pour les touristes qui souhaitent emporter un petit morceau de Catalogne que pour ceux qui d\u00e9sirent comm\u00e9morer leur visite.<\/p>\n<p>Chez Ol\u00e9 Mosaic, nous sommes fiers d&rsquo;\u00eatre des distributeurs de souvenirs de qualit\u00e9, offrant des articles qui repr\u00e9sentent le riche patrimoine culturel de l&rsquo;Espagne. Ce porte-cl\u00e9s en bois ne vous connectera pas seulement \u00e0 la beaut\u00e9 de Barcelone, mais constitue \u00e9galement une excellente option pour les boutiques de cadeaux touristiques \u00e0 la recherche de produits authentiques et de grande valeur culturelle. En tant que grossistes de souvenirs, nous garantissons que chaque pi\u00e8ce est con\u00e7ue avec minutie et authenticit\u00e9, parfaite pour ceux qui souhaitent se souvenir de leur voyage de mani\u00e8re sp\u00e9ciale.<\/p>\n","protected":false},"excerpt":{"rendered":"<p>Porte-cl\u00e9s en bois en forme de lettre X, con\u00e7u avec une mosa\u00efque de couleurs attrayante. Ce produit pr\u00e9sente une finition d\u00e9taill\u00e9e, avec des motifs de couleurs vibrantes en rouge, jaune, bleu et vert, \u00e9voquant le style artistique typique des \u0153uvres de Gaud\u00ed \u00e0 Barcelone. La combinaison de lignes noires et d&rsquo;\u00e9l\u00e9ments d\u00e9coratifs lui conf\u00e8re une touche moderne et distinctive, parfaite pour emporter avec soi un petit morceau de la cr\u00e9ativit\u00e9 catalane.<\/p>\n","protected":false},"featured_media":10943,"template":"","meta":{"_acf_changed":false},"product_brand":[],"product_cat":[607],"product_tag":[614],"class_list":{"0":"post-31343","1":"product","2":"type-product","3":"status-publish","4":"has-post-thumbnail","6":"product_cat-porte-cles","7":"product_tag-lettres","8":"pa_motivo-lettre-x","10":"first","11":"instock","12":"shipping-taxable","13":"product-type-simple"},"acf":[],"_links":{"self":[{"href":"https:\/\/olemosaic.com\/fr\/wp-json\/wp\/v2\/product\/31343","targetHints":{"allow":["GET"]}}],"collection":[{"href":"https:\/\/olemosaic.com\/fr\/wp-json\/wp\/v2\/product"}],"about":[{"href":"https:\/\/olemosaic.com\/fr\/wp-json\/wp\/v2\/types\/product"}],"wp:featuredmedia":[{"embeddable":true,"href":"https:\/\/olemosaic.com\/fr\/wp-json\/wp\/v2\/media\/10943"}],"wp:attachment":[{"href":"https:\/\/olemosaic.com\/fr\/wp-json\/wp\/v2\/media?parent=31343"}],"wp:term":[{"taxonomy":"product_brand","embeddable":true,"href":"https:\/\/olemosaic.com\/fr\/wp-json\/wp\/v2\/product_brand?post=31343"},{"taxonomy":"product_cat","embeddable":true,"href":"https:\/\/olemosaic.com\/fr\/wp-json\/wp\/v2\/product_cat?post=31343"},{"taxonomy":"product_tag","embeddable":true,"href":"https:\/\/olemosaic.com\/fr\/wp-json\/wp\/v2\/product_tag?post=31343"}],"curies":[{"name":"wp","href":"https:\/\/api.w.org\/{rel}","templated":true}]}}