{"id":31342,"date":"2025-02-20T23:33:11","date_gmt":"2025-02-20T22:33:11","guid":{"rendered":"http:\/\/olemosaic.com\/producto\/llavero-de-madera-letra-w-2\/"},"modified":"2025-07-25T18:46:14","modified_gmt":"2025-07-25T16:46:14","slug":"porte-cles-en-bois-lettre-w-2","status":"publish","type":"product","link":"https:\/\/olemosaic.com\/fr\/produit\/porte-cles-en-bois-lettre-w-2\/","title":{"rendered":"Porte-cl\u00e9s en bois. Lettre W. Mosa\u00efque. Barcelone."},"content":{"rendered":"<p>Ce porte-cl\u00e9s en bois en forme de lettre W est un charmant souvenir qui refl\u00e8te l&rsquo;essence du modernisme barcelonais, inspir\u00e9 par l&rsquo;iconique trencad\u00eds du c\u00e9l\u00e8bre architecte Antoni Gaud\u00ed. Son design color\u00e9 pr\u00e9sente un m\u00e9lange vibrant de tons jaunes, rouges, verts et bleus, cr\u00e9ant un attrait visuel captivant. Le fond, orn\u00e9 de formes abstraites selon la technique du trencad\u00eds, \u00e9voque les mosa\u00efques caract\u00e9ristiques qui ornent les \u0153uvres de Gaud\u00ed comme le Park G\u00fcell et la Casa Batll\u00f3, insufflant au porte-cl\u00e9s une touche artistique et culturelle.<\/p>\n<p>Chaque d\u00e9tail, des ombres subtiles aux lignes organiques, est soigneusement ex\u00e9cut\u00e9, faisant de ce porte-cl\u00e9s non seulement un objet fonctionnel, mais une v\u00e9ritable pi\u00e8ce d&rsquo;art. La lettre W ne repr\u00e9sente pas seulement une initiale, mais devient un symbole de la cr\u00e9ativit\u00e9 et de l&rsquo;innovation pr\u00e9sentes dans l&rsquo;architecture de la ville. Ce porte-cl\u00e9s est un souvenir unique qui permet aux touristes d&#8217;emporter avec eux un petit morceau du riche patrimoine culturel de Barcelone.<\/p>\n<p>Chez Ol\u00e9 Mosaic, nous nous sp\u00e9cialisons dans la distribution de souvenirs en gros, et ce porte-cl\u00e9s en bois est une excellente option pour les boutiques de cadeaux touristiques qui cherchent \u00e0 proposer des articles authentiques et repr\u00e9sentatifs. Id\u00e9al pour ceux qui appr\u00e9cient l&rsquo;art et la culture, ce porte-cl\u00e9s avec la lettre W est un cadeau parfait qui allie fonctionnalit\u00e9 et design captivant.<\/p>\n","protected":false},"excerpt":{"rendered":"<p>Porte-cl\u00e9s en bois avec la lettre W, d\u00e9cor\u00e9 d&rsquo;un design color\u00e9 \u00e9voquant le c\u00e9l\u00e8bre trencad\u00eds de Gaud\u00ed. Ce porte-cl\u00e9s pr\u00e9sente un m\u00e9lange de formes et de couleurs vibrantes dans les tons jaunes, rouges, verts et bleus, avec des touches d&rsquo;ombres et de lignes qui lui conf\u00e8rent un attrait visuel. C&rsquo;est un souvenir parfait pour ceux qui recherchent un rappel de l&rsquo;architecture moderniste de Barcelone, alliant fonctionnalit\u00e9 et art en un seul produit.<\/p>\n","protected":false},"featured_media":10942,"template":"","meta":{"_acf_changed":false},"product_brand":[],"product_cat":[607],"product_tag":[614],"class_list":{"0":"post-31342","1":"product","2":"type-product","3":"status-publish","4":"has-post-thumbnail","6":"product_cat-porte-cles","7":"product_tag-lettres","8":"pa_motivo-lettre-w","10":"first","11":"instock","12":"shipping-taxable","13":"product-type-simple"},"acf":[],"_links":{"self":[{"href":"https:\/\/olemosaic.com\/fr\/wp-json\/wp\/v2\/product\/31342","targetHints":{"allow":["GET"]}}],"collection":[{"href":"https:\/\/olemosaic.com\/fr\/wp-json\/wp\/v2\/product"}],"about":[{"href":"https:\/\/olemosaic.com\/fr\/wp-json\/wp\/v2\/types\/product"}],"wp:featuredmedia":[{"embeddable":true,"href":"https:\/\/olemosaic.com\/fr\/wp-json\/wp\/v2\/media\/10942"}],"wp:attachment":[{"href":"https:\/\/olemosaic.com\/fr\/wp-json\/wp\/v2\/media?parent=31342"}],"wp:term":[{"taxonomy":"product_brand","embeddable":true,"href":"https:\/\/olemosaic.com\/fr\/wp-json\/wp\/v2\/product_brand?post=31342"},{"taxonomy":"product_cat","embeddable":true,"href":"https:\/\/olemosaic.com\/fr\/wp-json\/wp\/v2\/product_cat?post=31342"},{"taxonomy":"product_tag","embeddable":true,"href":"https:\/\/olemosaic.com\/fr\/wp-json\/wp\/v2\/product_tag?post=31342"}],"curies":[{"name":"wp","href":"https:\/\/api.w.org\/{rel}","templated":true}]}}